{"id":8207,"date":"2025-09-19T13:15:04","date_gmt":"2025-09-19T11:15:04","guid":{"rendered":"https:\/\/magiiik.netstory.com.pl\/produkt\/parasol-anywhere-by-joker-lam-dvd\/"},"modified":"2025-09-19T13:15:14","modified_gmt":"2025-09-19T11:15:14","slug":"parasol-anywhere-by-joker-lam-dvd","status":"publish","type":"product","link":"https:\/\/magiiik.netstory.com.pl\/?product=parasol-anywhere-by-joker-lam-dvd","title":{"rendered":"Parasol Anywhere by Joker Lam DVD"},"content":{"rendered":"<p style=\"text-align: center;\"><span style=\"font-size: 12pt;\"><strong>Produkcja parasoli<\/strong> od dawna jest chwalona, jako jedna z najbardziej niesamowitych i eleganckich magii! Jednak jest to r\u00f3wnie\u017c jedna z najbardziej strze\u017conych tajemnic w iluzji! Teraz, wielokrotnie nagradzany magik <strong>Joker<\/strong>, podzieli si\u0119 z Tob\u0105 technikami produkcji parasoli.\u00a0<\/span><\/p>\n<p style=\"text-align: center;\"><span style=\"font-size: 12pt;\"><iframe loading=\"lazy\" src=\"\/\/www.youtube.com\/embed\/YfpEZ1JPwzU\" width=\"425\" height=\"350\"><\/iframe><\/span><\/p>\n<p>Czego si\u0119 dowiesz:<\/p>\n<ul style=\"color: #444444; font-size: medium; font-family: 'Segoe UI', Arial, Helvetica, sans-serif;\">\n<li><strong>Basic Techniques<\/strong><\/li>\n<li><strong>Basic Flourishes<\/strong><\/li>\n<li><strong>Equipment Introduction<\/strong><\/li>\n<li><strong>Sleeve Production<\/strong><\/li>\n<li><strong>Split Production<\/strong><\/li>\n<li><strong>Back Production #1<\/strong><\/li>\n<li><strong>Back Production #2<\/strong><\/li>\n<li><strong>Trousers Production<\/strong><\/li>\n<li><strong>Chest Production<\/strong><\/li>\n<li><strong>Japanese Production #1<\/strong><\/li>\n<li><strong>Japanese Production #2<\/strong><\/li>\n<li><strong>Japanese Production #3<\/strong><\/li>\n<li><strong>Japanese Production #4<\/strong><\/li>\n<li><strong>Japanese Production #5<\/strong><\/li>\n<li><strong>Parasol Climax #1<\/strong><\/li>\n<li><strong>Parasol Climax #2<\/strong><\/li>\n<li><strong>Jumbo Parasol Production<\/strong><\/li>\n<\/ul>\n<p><strong>Czas: 58 minut<\/strong><\/p>\n<p>\u00a0<\/p>\n<p><strong>Polecamy,<\/strong><\/p>\n<p><strong>magiiik.pl<\/strong><\/p>\n","protected":false},"excerpt":{"rendered":"<p><strong>Parasol Anywhere by Joker Lam DVD\u00a0<\/strong><\/p>\n","protected":false},"featured_media":8208,"comment_status":"closed","ping_status":"open","template":"","meta":[],"product_brand":[],"product_cat":[47],"product_tag":[],"class_list":{"0":"post-8207","1":"product","2":"type-product","3":"status-publish","4":"has-post-thumbnail","6":"product_cat-ksiazki-dvd-download-filmy-dvd","8":"first","9":"instock","10":"purchasable","11":"product-type-simple"},"_links":{"self":[{"href":"https:\/\/magiiik.netstory.com.pl\/index.php?rest_route=\/wp\/v2\/product\/8207","targetHints":{"allow":["GET"]}}],"collection":[{"href":"https:\/\/magiiik.netstory.com.pl\/index.php?rest_route=\/wp\/v2\/product"}],"about":[{"href":"https:\/\/magiiik.netstory.com.pl\/index.php?rest_route=\/wp\/v2\/types\/product"}],"replies":[{"embeddable":true,"href":"https:\/\/magiiik.netstory.com.pl\/index.php?rest_route=%2Fwp%2Fv2%2Fcomments&post=8207"}],"wp:featuredmedia":[{"embeddable":true,"href":"https:\/\/magiiik.netstory.com.pl\/index.php?rest_route=\/wp\/v2\/media\/8208"}],"wp:attachment":[{"href":"https:\/\/magiiik.netstory.com.pl\/index.php?rest_route=%2Fwp%2Fv2%2Fmedia&parent=8207"}],"wp:term":[{"taxonomy":"product_brand","embeddable":true,"href":"https:\/\/magiiik.netstory.com.pl\/index.php?rest_route=%2Fwp%2Fv2%2Fproduct_brand&post=8207"},{"taxonomy":"product_cat","embeddable":true,"href":"https:\/\/magiiik.netstory.com.pl\/index.php?rest_route=%2Fwp%2Fv2%2Fproduct_cat&post=8207"},{"taxonomy":"product_tag","embeddable":true,"href":"https:\/\/magiiik.netstory.com.pl\/index.php?rest_route=%2Fwp%2Fv2%2Fproduct_tag&post=8207"}],"curies":[{"name":"wp","href":"https:\/\/api.w.org\/{rel}","templated":true}]}}