{"id":8205,"date":"2025-09-19T13:15:04","date_gmt":"2025-09-19T11:15:04","guid":{"rendered":"https:\/\/magiiik.netstory.com.pl\/produkt\/juggling-made-easy-dvd\/"},"modified":"2025-09-19T13:15:13","modified_gmt":"2025-09-19T11:15:13","slug":"juggling-made-easy-dvd","status":"publish","type":"product","link":"https:\/\/magiiik.netstory.com.pl\/?product=juggling-made-easy-dvd","title":{"rendered":"Juggling Made Easy DVD"},"content":{"rendered":"<p style=\"text-align: center;\"><span style=\"font-size: 12pt;\">Profesjonalny \u017congler, <strong>Jeff Reid<\/strong> nauczy Ci\u0119 wszystkich podstawowych technik \u017conglerki, kt\u00f3re przekszta\u0142c\u0105 Ci\u0119 w profesjonalist\u0119. <strong>Jeff<\/strong> wyst\u0119powa\u0142 dla publiczno\u015bci przez ponad 30 lat! Je\u015bli kiedykolwiek chcia\u0142e\u015b nauczy\u0107 si\u0119 \u017conglowa\u0107 pi\u0142eczkami, maczugami, b\u0105d\u017a obr\u0119czami, to <strong>DVD<\/strong> jest dla Ciebie!\u00a0<\/span><\/p>\n<p>\u00a0<\/p>\n<p>\u00a0<\/p>\n","protected":false},"excerpt":{"rendered":"<p><strong>Juggling Made Easy DVD<\/strong><\/p>\n","protected":false},"featured_media":8206,"comment_status":"closed","ping_status":"open","template":"","meta":[],"product_brand":[],"product_cat":[47],"product_tag":[],"class_list":{"0":"post-8205","1":"product","2":"type-product","3":"status-publish","4":"has-post-thumbnail","6":"product_cat-ksiazki-dvd-download-filmy-dvd","8":"first","9":"instock","10":"purchasable","11":"product-type-simple"},"_links":{"self":[{"href":"https:\/\/magiiik.netstory.com.pl\/index.php?rest_route=\/wp\/v2\/product\/8205","targetHints":{"allow":["GET"]}}],"collection":[{"href":"https:\/\/magiiik.netstory.com.pl\/index.php?rest_route=\/wp\/v2\/product"}],"about":[{"href":"https:\/\/magiiik.netstory.com.pl\/index.php?rest_route=\/wp\/v2\/types\/product"}],"replies":[{"embeddable":true,"href":"https:\/\/magiiik.netstory.com.pl\/index.php?rest_route=%2Fwp%2Fv2%2Fcomments&post=8205"}],"wp:featuredmedia":[{"embeddable":true,"href":"https:\/\/magiiik.netstory.com.pl\/index.php?rest_route=\/wp\/v2\/media\/8206"}],"wp:attachment":[{"href":"https:\/\/magiiik.netstory.com.pl\/index.php?rest_route=%2Fwp%2Fv2%2Fmedia&parent=8205"}],"wp:term":[{"taxonomy":"product_brand","embeddable":true,"href":"https:\/\/magiiik.netstory.com.pl\/index.php?rest_route=%2Fwp%2Fv2%2Fproduct_brand&post=8205"},{"taxonomy":"product_cat","embeddable":true,"href":"https:\/\/magiiik.netstory.com.pl\/index.php?rest_route=%2Fwp%2Fv2%2Fproduct_cat&post=8205"},{"taxonomy":"product_tag","embeddable":true,"href":"https:\/\/magiiik.netstory.com.pl\/index.php?rest_route=%2Fwp%2Fv2%2Fproduct_tag&post=8205"}],"curies":[{"name":"wp","href":"https:\/\/api.w.org\/{rel}","templated":true}]}}