{"id":8196,"date":"2025-09-19T13:15:04","date_gmt":"2025-09-19T11:15:04","guid":{"rendered":"https:\/\/magiiik.netstory.com.pl\/produkt\/niewidzialna-nic-not-stripped\/"},"modified":"2025-09-19T13:15:11","modified_gmt":"2025-09-19T11:15:11","slug":"niewidzialna-nic-not-stripped","status":"publish","type":"product","link":"https:\/\/magiiik.netstory.com.pl\/?product=niewidzialna-nic-not-stripped","title":{"rendered":"Niewidzialna ni\u0107 (not stripped)"},"content":{"rendered":"<p style=\"text-align: center;\"><span style=\"font-size: 12pt;\"><strong>Niewidzialna ni\u0107<\/strong> idealna do ka\u017cdej rutyny, w kt\u00f3rej lewitujesz drobne przedmioty. <\/span><\/p>\n<p style=\"text-align: center;\"><span style=\"font-size: 12pt;\">Pakiet zawiera <strong>6 metr\u00f3w<\/strong> nici podzielonych na <strong>142 oddzielne separacje<\/strong>, gotowe do u\u017cycia. <\/span><\/p>\n<p style=\"text-align: center;\"><span style=\"font-size: 12pt;\">Do\u0142\u0105czona szczeg\u00f3\u0142owa instrukcja z obrazkami!<\/span><\/p>\n<p>\u00a0<\/p>\n<p>\u00a0<\/p>\n","protected":false},"excerpt":{"rendered":"<p><strong>Niewidzialna ni\u0107 (not stripped)<\/strong><\/p>\n","protected":false},"featured_media":8197,"comment_status":"closed","ping_status":"open","template":"","meta":[],"product_brand":[],"product_cat":[45],"product_tag":[],"class_list":{"0":"post-8196","1":"product","2":"type-product","3":"status-publish","4":"has-post-thumbnail","6":"product_cat-iluzja-sceniczna-lewitacja","8":"first","9":"instock","10":"purchasable","11":"product-type-simple"},"_links":{"self":[{"href":"https:\/\/magiiik.netstory.com.pl\/index.php?rest_route=\/wp\/v2\/product\/8196","targetHints":{"allow":["GET"]}}],"collection":[{"href":"https:\/\/magiiik.netstory.com.pl\/index.php?rest_route=\/wp\/v2\/product"}],"about":[{"href":"https:\/\/magiiik.netstory.com.pl\/index.php?rest_route=\/wp\/v2\/types\/product"}],"replies":[{"embeddable":true,"href":"https:\/\/magiiik.netstory.com.pl\/index.php?rest_route=%2Fwp%2Fv2%2Fcomments&post=8196"}],"wp:featuredmedia":[{"embeddable":true,"href":"https:\/\/magiiik.netstory.com.pl\/index.php?rest_route=\/wp\/v2\/media\/8197"}],"wp:attachment":[{"href":"https:\/\/magiiik.netstory.com.pl\/index.php?rest_route=%2Fwp%2Fv2%2Fmedia&parent=8196"}],"wp:term":[{"taxonomy":"product_brand","embeddable":true,"href":"https:\/\/magiiik.netstory.com.pl\/index.php?rest_route=%2Fwp%2Fv2%2Fproduct_brand&post=8196"},{"taxonomy":"product_cat","embeddable":true,"href":"https:\/\/magiiik.netstory.com.pl\/index.php?rest_route=%2Fwp%2Fv2%2Fproduct_cat&post=8196"},{"taxonomy":"product_tag","embeddable":true,"href":"https:\/\/magiiik.netstory.com.pl\/index.php?rest_route=%2Fwp%2Fv2%2Fproduct_tag&post=8196"}],"curies":[{"name":"wp","href":"https:\/\/api.w.org\/{rel}","templated":true}]}}