{"id":8183,"date":"2025-09-19T13:15:04","date_gmt":"2025-09-19T11:15:04","guid":{"rendered":"https:\/\/magiiik.netstory.com.pl\/produkt\/half-dollar-poldolarowka-moneta-amerykanska\/"},"modified":"2025-09-19T13:15:08","modified_gmt":"2025-09-19T11:15:08","slug":"half-dollar-poldolarowka-moneta-amerykanska","status":"publish","type":"product","link":"https:\/\/magiiik.netstory.com.pl\/?product=half-dollar-poldolarowka-moneta-amerykanska","title":{"rendered":"Half Dollar (p\u00f3\u0142dolar\u00f3wka, moneta ameryka\u0144ska)"},"content":{"rendered":"<p style=\"text-align: center;\"><strong><span style=\"font-size: 12pt; font-family: arial, helvetica, sans-serif;\">Prawdziwa ameryka\u0144ska p\u00f3\u0142dolar\u00f3wka do wykonywania trick\u00f3w z monetami.<\/span><\/strong><\/p>\n","protected":false},"excerpt":{"rendered":"<p><strong>P\u00f3\u0142dolar\u00f3wka ameryka\u0144ska<\/strong><\/p>\n","protected":false},"featured_media":8184,"comment_status":"closed","ping_status":"open","template":"","meta":[],"product_brand":[],"product_cat":[37],"product_tag":[],"class_list":{"0":"post-8183","1":"product","2":"type-product","3":"status-publish","4":"has-post-thumbnail","6":"product_cat-mikro-iluzja-close-up-monety","8":"first","9":"instock","10":"purchasable","11":"product-type-simple"},"_links":{"self":[{"href":"https:\/\/magiiik.netstory.com.pl\/index.php?rest_route=\/wp\/v2\/product\/8183","targetHints":{"allow":["GET"]}}],"collection":[{"href":"https:\/\/magiiik.netstory.com.pl\/index.php?rest_route=\/wp\/v2\/product"}],"about":[{"href":"https:\/\/magiiik.netstory.com.pl\/index.php?rest_route=\/wp\/v2\/types\/product"}],"replies":[{"embeddable":true,"href":"https:\/\/magiiik.netstory.com.pl\/index.php?rest_route=%2Fwp%2Fv2%2Fcomments&post=8183"}],"wp:featuredmedia":[{"embeddable":true,"href":"https:\/\/magiiik.netstory.com.pl\/index.php?rest_route=\/wp\/v2\/media\/8184"}],"wp:attachment":[{"href":"https:\/\/magiiik.netstory.com.pl\/index.php?rest_route=%2Fwp%2Fv2%2Fmedia&parent=8183"}],"wp:term":[{"taxonomy":"product_brand","embeddable":true,"href":"https:\/\/magiiik.netstory.com.pl\/index.php?rest_route=%2Fwp%2Fv2%2Fproduct_brand&post=8183"},{"taxonomy":"product_cat","embeddable":true,"href":"https:\/\/magiiik.netstory.com.pl\/index.php?rest_route=%2Fwp%2Fv2%2Fproduct_cat&post=8183"},{"taxonomy":"product_tag","embeddable":true,"href":"https:\/\/magiiik.netstory.com.pl\/index.php?rest_route=%2Fwp%2Fv2%2Fproduct_tag&post=8183"}],"curies":[{"name":"wp","href":"https:\/\/api.w.org\/{rel}","templated":true}]}}