{"id":8179,"date":"2025-09-19T13:15:04","date_gmt":"2025-09-19T11:15:04","guid":{"rendered":"https:\/\/magiiik.netstory.com.pl\/produkt\/gwozdzie\/"},"modified":"2025-09-19T13:15:07","modified_gmt":"2025-09-19T11:15:07","slug":"gwozdzie","status":"publish","type":"product","link":"https:\/\/magiiik.netstory.com.pl\/?product=gwozdzie","title":{"rendered":"Gwo\u017adzie"},"content":{"rendered":"<p style=\"text-align: center;\"><strong><span style=\"font-size: 12pt;\">Genialny rekwizyt, kt\u00f3ry mo\u017cesz mie\u0107 zawsze przy sobie, aby w ka\u017cdym momencie m\u00f3c zadziwia\u0107 innych!<\/span><\/strong><\/p>\n<p style=\"text-align: center;\"><span style=\"font-size: 12pt;\">Prezentujesz dwa skrzywione gwo\u017adzie i prosisz, aby bez u\u017cywania si\u0142y je ze sob\u0105 po\u0142\u0105czy\u0107&#8230; Gwarantujemy kup\u0119 \u015bmiechu patrz\u0105c na si\u0142uj\u0105ce si\u0119 osoby, kt\u00f3re na r\u00f3\u017cne sposoby pr\u00f3buj\u0105 po\u0142\u0105czy\u0107 gwo\u017adzie&#8230; Bierzesz je do d\u0142oni, dmuchasz i rzucasz na st\u00f3\u0142 po\u0142\u0105czone&#8230; Zabawa si\u0119 nie ko\u0144czy! Teraz niech kto\u015b pr\u00f3buje je roz\u0142\u0105czy\u0107! \ud83d\ude09 Tobie wystarczy jedno magiiiczne chuchni\u0119cie \ud83d\ude09\u00a0<\/span><\/p>\n<p>\u00a0<\/p>\n<p><strong>Polecamy,<\/strong><\/p>\n<p><strong>magiiik.pl<\/strong><\/p>\n","protected":false},"excerpt":{"rendered":"<p><strong>Gwo\u017adzie by Uday<\/strong><\/p>\n","protected":false},"featured_media":8180,"comment_status":"closed","ping_status":"open","template":"","meta":[],"product_brand":[],"product_cat":[53],"product_tag":[],"class_list":{"0":"post-8179","1":"product","2":"type-product","3":"status-publish","4":"has-post-thumbnail","6":"product_cat-mikro-iluzja-close-up","8":"first","9":"instock","10":"purchasable","11":"product-type-simple"},"_links":{"self":[{"href":"https:\/\/magiiik.netstory.com.pl\/index.php?rest_route=\/wp\/v2\/product\/8179","targetHints":{"allow":["GET"]}}],"collection":[{"href":"https:\/\/magiiik.netstory.com.pl\/index.php?rest_route=\/wp\/v2\/product"}],"about":[{"href":"https:\/\/magiiik.netstory.com.pl\/index.php?rest_route=\/wp\/v2\/types\/product"}],"replies":[{"embeddable":true,"href":"https:\/\/magiiik.netstory.com.pl\/index.php?rest_route=%2Fwp%2Fv2%2Fcomments&post=8179"}],"wp:featuredmedia":[{"embeddable":true,"href":"https:\/\/magiiik.netstory.com.pl\/index.php?rest_route=\/wp\/v2\/media\/8180"}],"wp:attachment":[{"href":"https:\/\/magiiik.netstory.com.pl\/index.php?rest_route=%2Fwp%2Fv2%2Fmedia&parent=8179"}],"wp:term":[{"taxonomy":"product_brand","embeddable":true,"href":"https:\/\/magiiik.netstory.com.pl\/index.php?rest_route=%2Fwp%2Fv2%2Fproduct_brand&post=8179"},{"taxonomy":"product_cat","embeddable":true,"href":"https:\/\/magiiik.netstory.com.pl\/index.php?rest_route=%2Fwp%2Fv2%2Fproduct_cat&post=8179"},{"taxonomy":"product_tag","embeddable":true,"href":"https:\/\/magiiik.netstory.com.pl\/index.php?rest_route=%2Fwp%2Fv2%2Fproduct_tag&post=8179"}],"curies":[{"name":"wp","href":"https:\/\/api.w.org\/{rel}","templated":true}]}}