{"id":8169,"date":"2025-09-19T13:15:04","date_gmt":"2025-09-19T11:15:04","guid":{"rendered":"https:\/\/magiiik.netstory.com.pl\/produkt\/forcing-bag\/"},"modified":"2025-09-19T13:15:04","modified_gmt":"2025-09-19T11:15:04","slug":"forcing-bag","status":"publish","type":"product","link":"https:\/\/magiiik.netstory.com.pl\/?product=forcing-bag","title":{"rendered":"Forcing Bag"},"content":{"rendered":"<p style=\"text-align: center;\"><span style=\"font-size: 12pt;\"><strong>Forcing Bag<\/strong> to niezwykle magiczne narz\u0119dzie, kt\u00f3re mo\u017cna wykorzysta\u0107 na wiele sposob\u00f3w r\u00f3wnie\u017c w <strong>mentalizmie.<\/strong> Z pozoru wygl\u0105da zupe\u0142nie normalnie, ale dzi\u0119ki temu mo\u017cesz robi\u0107 prawdziwe cuda. Torba s\u0142u\u017cy do wymuszania liczby, s\u0142owa, koloru, karty itd.\u00a0<\/span><\/p>\n<p style=\"text-align: center;\">\u00a0<\/p>\n<p style=\"text-align: left;\"><strong>Polecamy,<\/strong><\/p>\n<p style=\"text-align: left;\"><strong>magiiik.pl<\/strong><\/p>\n","protected":false},"excerpt":{"rendered":"<p><strong>Forcing Bag<\/strong><\/p>\n","protected":false},"featured_media":8170,"comment_status":"closed","ping_status":"open","template":"","meta":[],"product_brand":[],"product_cat":[24],"product_tag":[],"class_list":{"0":"post-8169","1":"product","2":"type-product","3":"status-publish","4":"has-post-thumbnail","6":"product_cat-mentalizm","8":"first","9":"instock","10":"purchasable","11":"product-type-simple"},"_links":{"self":[{"href":"https:\/\/magiiik.netstory.com.pl\/index.php?rest_route=\/wp\/v2\/product\/8169","targetHints":{"allow":["GET"]}}],"collection":[{"href":"https:\/\/magiiik.netstory.com.pl\/index.php?rest_route=\/wp\/v2\/product"}],"about":[{"href":"https:\/\/magiiik.netstory.com.pl\/index.php?rest_route=\/wp\/v2\/types\/product"}],"replies":[{"embeddable":true,"href":"https:\/\/magiiik.netstory.com.pl\/index.php?rest_route=%2Fwp%2Fv2%2Fcomments&post=8169"}],"wp:featuredmedia":[{"embeddable":true,"href":"https:\/\/magiiik.netstory.com.pl\/index.php?rest_route=\/wp\/v2\/media\/8170"}],"wp:attachment":[{"href":"https:\/\/magiiik.netstory.com.pl\/index.php?rest_route=%2Fwp%2Fv2%2Fmedia&parent=8169"}],"wp:term":[{"taxonomy":"product_brand","embeddable":true,"href":"https:\/\/magiiik.netstory.com.pl\/index.php?rest_route=%2Fwp%2Fv2%2Fproduct_brand&post=8169"},{"taxonomy":"product_cat","embeddable":true,"href":"https:\/\/magiiik.netstory.com.pl\/index.php?rest_route=%2Fwp%2Fv2%2Fproduct_cat&post=8169"},{"taxonomy":"product_tag","embeddable":true,"href":"https:\/\/magiiik.netstory.com.pl\/index.php?rest_route=%2Fwp%2Fv2%2Fproduct_tag&post=8169"}],"curies":[{"name":"wp","href":"https:\/\/api.w.org\/{rel}","templated":true}]}}