{"id":8159,"date":"2025-09-19T13:13:57","date_gmt":"2025-09-19T11:13:57","guid":{"rendered":"https:\/\/magiiik.netstory.com.pl\/produkt\/flash-wata-biala\/"},"modified":"2025-09-19T13:14:56","modified_gmt":"2025-09-19T11:14:56","slug":"flash-wata-biala","status":"publish","type":"product","link":"https:\/\/magiiik.netstory.com.pl\/?product=flash-wata-biala","title":{"rendered":"Flash wata (bia\u0142a)"},"content":{"rendered":"<p style=\"text-align: center;\"><span style=\"font-size: 12pt;\"><strong>Flash wata jest idealna do znikania, pojawiania i przemiany drobnych przedmiot\u00f3w.<\/strong><\/span><\/p>\n<p style=\"text-align: center;\"><iframe loading=\"lazy\" src=\"\/\/www.youtube.com\/embed\/D20mNOjojjo\" width=\"425\" height=\"350\"><\/iframe><\/p>\n<p style=\"text-align: center;\"><strong>W filmie zaprezentowany flash sznurek!<\/strong><\/p>\n<p style=\"text-align: center;\"><span style=\"font-size: 12pt;\"><strong>TYLKO DLA OS\u00d3B POWY\u017bEJ 18 ROKU \u017bYCIA!<\/strong><\/span><\/p>\n<p>\u00a0<\/p>\n","protected":false},"excerpt":{"rendered":"<p>Flash wata jest idealna do znikania, pojawiania i przemiany drobnych przedmiot\u00f3w. W filmie zaprezentowany flash sznurek! TYLKO DLA OS\u00d3B POWY\u017bEJ 18 ROKU \u017bYCIA! \u00a0<\/p>\n","protected":false},"featured_media":8160,"comment_status":"closed","ping_status":"open","template":"","meta":[],"product_brand":[],"product_cat":[23],"product_tag":[],"class_list":{"0":"post-8159","1":"product","2":"type-product","3":"status-publish","4":"has-post-thumbnail","6":"product_cat-ogien-produkty-flash","8":"first","9":"instock","10":"purchasable","11":"product-type-simple"},"_links":{"self":[{"href":"https:\/\/magiiik.netstory.com.pl\/index.php?rest_route=\/wp\/v2\/product\/8159","targetHints":{"allow":["GET"]}}],"collection":[{"href":"https:\/\/magiiik.netstory.com.pl\/index.php?rest_route=\/wp\/v2\/product"}],"about":[{"href":"https:\/\/magiiik.netstory.com.pl\/index.php?rest_route=\/wp\/v2\/types\/product"}],"replies":[{"embeddable":true,"href":"https:\/\/magiiik.netstory.com.pl\/index.php?rest_route=%2Fwp%2Fv2%2Fcomments&post=8159"}],"wp:featuredmedia":[{"embeddable":true,"href":"https:\/\/magiiik.netstory.com.pl\/index.php?rest_route=\/wp\/v2\/media\/8160"}],"wp:attachment":[{"href":"https:\/\/magiiik.netstory.com.pl\/index.php?rest_route=%2Fwp%2Fv2%2Fmedia&parent=8159"}],"wp:term":[{"taxonomy":"product_brand","embeddable":true,"href":"https:\/\/magiiik.netstory.com.pl\/index.php?rest_route=%2Fwp%2Fv2%2Fproduct_brand&post=8159"},{"taxonomy":"product_cat","embeddable":true,"href":"https:\/\/magiiik.netstory.com.pl\/index.php?rest_route=%2Fwp%2Fv2%2Fproduct_cat&post=8159"},{"taxonomy":"product_tag","embeddable":true,"href":"https:\/\/magiiik.netstory.com.pl\/index.php?rest_route=%2Fwp%2Fv2%2Fproduct_tag&post=8159"}],"curies":[{"name":"wp","href":"https:\/\/api.w.org\/{rel}","templated":true}]}}