{"id":8157,"date":"2025-09-19T13:13:57","date_gmt":"2025-09-19T11:13:57","guid":{"rendered":"https:\/\/magiiik.netstory.com.pl\/produkt\/flash-sznurek\/"},"modified":"2025-09-19T13:14:55","modified_gmt":"2025-09-19T11:14:55","slug":"flash-sznurek","status":"publish","type":"product","link":"https:\/\/magiiik.netstory.com.pl\/?product=flash-sznurek","title":{"rendered":"Flash sznurek"},"content":{"rendered":"<p style=\"text-align: center;\"><strong><span style=\"font-size: 12pt;\">Flash sznurek jest idealny do znikania, pojawiania, lub przemiany drobnych przedmiot\u00f3w z efektem b\u0142ysku i ognia!<\/span><\/strong><\/p>\n<p style=\"text-align: center;\"><strong><span style=\"font-size: 12pt;\"><iframe loading=\"lazy\" src=\"\/\/www.youtube.com\/embed\/D20mNOjojjo\" width=\"425\" height=\"350\"><\/iframe><\/span><\/strong><\/p>\n<p style=\"text-align: center;\">\u00a0<\/p>\n<p style=\"text-align: center;\"><strong><span style=\"font-size: 12pt;\">TYLKO DLA OS\u00d3B POWY\u017bEJ 18 ROKU \u017bYCIA!<\/span><\/strong><\/p>\n<p style=\"text-align: center;\"><span style=\"font-size: medium;\"><strong>Sznurek\u00a0sprzedawany na metry !<\/strong><\/span><\/p>\n<p style=\"text-align: center;\"><span style=\"font-size: medium;\"><strong>Podana cena\u00a0jest za metr bie\u017c\u0105cy sznurka<\/strong><\/span><\/p>\n","protected":false},"excerpt":{"rendered":"<p><strong>Flash sznurek (bia\u0142y)<\/strong><\/p>\n","protected":false},"featured_media":8158,"comment_status":"closed","ping_status":"open","template":"","meta":[],"product_brand":[],"product_cat":[23],"product_tag":[],"class_list":{"0":"post-8157","1":"product","2":"type-product","3":"status-publish","4":"has-post-thumbnail","6":"product_cat-ogien-produkty-flash","8":"first","9":"instock","10":"purchasable","11":"product-type-simple"},"_links":{"self":[{"href":"https:\/\/magiiik.netstory.com.pl\/index.php?rest_route=\/wp\/v2\/product\/8157","targetHints":{"allow":["GET"]}}],"collection":[{"href":"https:\/\/magiiik.netstory.com.pl\/index.php?rest_route=\/wp\/v2\/product"}],"about":[{"href":"https:\/\/magiiik.netstory.com.pl\/index.php?rest_route=\/wp\/v2\/types\/product"}],"replies":[{"embeddable":true,"href":"https:\/\/magiiik.netstory.com.pl\/index.php?rest_route=%2Fwp%2Fv2%2Fcomments&post=8157"}],"wp:featuredmedia":[{"embeddable":true,"href":"https:\/\/magiiik.netstory.com.pl\/index.php?rest_route=\/wp\/v2\/media\/8158"}],"wp:attachment":[{"href":"https:\/\/magiiik.netstory.com.pl\/index.php?rest_route=%2Fwp%2Fv2%2Fmedia&parent=8157"}],"wp:term":[{"taxonomy":"product_brand","embeddable":true,"href":"https:\/\/magiiik.netstory.com.pl\/index.php?rest_route=%2Fwp%2Fv2%2Fproduct_brand&post=8157"},{"taxonomy":"product_cat","embeddable":true,"href":"https:\/\/magiiik.netstory.com.pl\/index.php?rest_route=%2Fwp%2Fv2%2Fproduct_cat&post=8157"},{"taxonomy":"product_tag","embeddable":true,"href":"https:\/\/magiiik.netstory.com.pl\/index.php?rest_route=%2Fwp%2Fv2%2Fproduct_tag&post=8157"}],"curies":[{"name":"wp","href":"https:\/\/api.w.org\/{rel}","templated":true}]}}