{"id":8150,"date":"2025-09-19T13:13:57","date_gmt":"2025-09-19T11:13:57","guid":{"rendered":"https:\/\/magiiik.netstory.com.pl\/produkt\/at-the-table-live-lecture-sezon-4\/"},"modified":"2025-09-19T13:14:53","modified_gmt":"2025-09-19T11:14:53","slug":"at-the-table-live-lecture-sezon-4","status":"publish","type":"product","link":"https:\/\/magiiik.netstory.com.pl\/?product=at-the-table-live-lecture-sezon-4","title":{"rendered":"At The Table Live Lecture &#8211; SEZON 4"},"content":{"rendered":"<p style=\"font-size: 12px; font-family: Tahoma, Arial, sans-serif; text-align: center;\"><strong><span style=\"font-size: 12pt;\">At The Table SEZON 4!\u00a0<\/span><\/strong><\/p>\n<p style=\"font-size: 12px; font-family: Tahoma, Arial, sans-serif; text-align: center;\"><span style=\"font-size: 12pt;\">Dalej utrzymujemy si\u0119 w standardzie &#8211; szkolenie <strong>CO TYDZIE\u0143! \ud83d\ude42<\/strong><\/span><\/p>\n<p style=\"font-size: 12px; font-family: Tahoma, Arial, sans-serif; text-align: center;\"><strong><span style=\"font-size: 12pt;\">\u00a04 ekskluzywne i niesamowite wyk\u0142ady ju\u017c we wrze\u015bniu!<\/span><\/strong>\u00a0<\/p>\n<p style=\"font-size: 12px; font-family: Tahoma, Arial, sans-serif; text-align: center;\"><span style=\"font-size: 12pt;\"><strong>TERAZ<\/strong>\u00a0mo\u017cesz wykupi\u0107\u00a0bilet za jedyne\u00a0<strong>150 z\u0142<\/strong>.\u00a0i uczestniczy\u0107 we wszystkich <strong>4 wyk\u0142adach<\/strong> oraz zosta\u0107\u00a0<strong>VIP<\/strong>&#8217;em!\u00a0<\/span><\/p>\n<p style=\"font-size: 12px; font-family: Tahoma, Arial, sans-serif; text-align: center;\"><span style=\"font-size: 12pt;\">\u00a0<\/span><\/p>\n<p style=\"font-size: 12px; font-family: Tahoma, Arial, sans-serif; text-align: center;\"><strong><span style=\"font-size: 12pt;\">Co to oznacza &#8222;zosta\u0107 VIP&#8217;em&#8221;?<\/span><\/strong><\/p>\n<p style=\"font-size: 12px; font-family: Tahoma, Arial, sans-serif; text-align: center;\"><strong><span style=\"font-size: 12pt;\">Oznacza to, \u017ce wszystkie 4 wyk\u0142ady dostaniesz za cen\u0119 2!\u00a0<\/span><\/strong><\/p>\n<p style=\"font-size: 12px; font-family: Tahoma, Arial, sans-serif;\">\u00a0<\/p>\n<p style=\"font-size: 12px; font-family: Tahoma, Arial, sans-serif;\"><strong><span style=\"font-size: 14pt;\">Kto tym razem poprowadzi szkolenia&#8230;?<\/span><\/strong><\/p>\n<p style=\"font-size: 12px; font-family: Tahoma, Arial, sans-serif;\"><span style=\"font-size: 14pt;\"><strong>*DARWIN ORTIZ:<\/strong>\u00a0Ten facet zosta\u0142 zbanowany w ka\u017cdym kasynie na \u015bwiecie! Ok, mo\u017ce lekka przesada, ale o to powody, dla kt\u00f3rych nie powinien by\u0107 wpuszczany do kasyna! Sp\u0119dzi\u0142 ponad 35 lat na tworzeniu, projektowaniu i doskonaleniu technik \u015bwiata hazardu i trick\u00f3w karcianych. <strong>Darwin Ortiz<\/strong> jest naprawd\u0119 \u017cyw\u0105 legend\u0105 iluzji z kartami! Po opublikowaniu najlepszych ksi\u0105\u017cek z dziedziny technik karcianych i hazardowych, zdecydowa\u0142 si\u0119 do\u0142\u0105czy\u0107 do grona wyk\u0142adowc\u00f3w <strong>At The Table<\/strong> i podzieli\u0107 si\u0119 z Wami swoimi najbardziej niesamowitymi dzie\u0142ami. Je\u015bli jeste\u015b got\u00f3w uczy\u0107 si\u0119 od jednego z najbardziej niezwyk\u0142ych magik\u00f3w dzisiejszego <strong>close-up<\/strong>, to nie zastanawiaj si\u0119, tylko <strong>KUP BILET JU\u017b TERAZ!<\/strong><\/span><\/p>\n<p style=\"font-size: 12px; font-family: Tahoma, Arial, sans-serif;\"><span style=\"font-size: 14pt;\"><strong>*DAN HAUSS<\/strong>: Kto mo\u017ce tworzy\u0107 magi\u0119 z gum\u0105 do \u017cucia, lakierem do w\u0142os\u00f3w i sznurowad\u0142ami&#8230;? Je\u015bli odpowiedzia\u0142e\u015b <strong>McGuyver<\/strong>, to w po\u0142owie mia\u0142e\u015b racj\u0119. <strong>Dan Hauss<\/strong> zaczaruje to, co dla <strong>McGuyver<\/strong>&#8217;a stanowi\u0142o problem! <strong>Dan<\/strong> jest najprawdopodobniej jednym z najbardziej tw\u00f3rczych i oryginalnych magik\u00f3w w dzisiejszych czasach. B\u0119d\u0105c kreatywnym konsultantem <strong>David<\/strong>&#8217;a <strong>Blaine<\/strong>&#8217;a, doskonale wie, co jest potrzebne do tworzenia efektownych trick\u00f3w. Zerknij tylko na to, co stworzy\u0142: <strong>Flow, Sleeping Queen<\/strong> i <strong>LIT<\/strong> (u\u017cywany przez <strong>Blaine<\/strong>&#8217;a w <strong>show TV<\/strong>), a przekonasz si\u0119, \u017ce to prawdziwy skarb!\u00a0<\/span><\/p>\n<p style=\"font-size: 12px; font-family: Tahoma, Arial, sans-serif;\"><span style=\"font-size: 14pt;\"><strong>*DOC DIXON<\/strong>: <strong>Doc<\/strong> jest cz\u0142owiekiem renesansu! Karty, monety, kulki z papieru, dla <strong>Doc<\/strong>&#8217;a to codzienno\u015b\u0107! Ma On wiele nieopublikowanych prac, w tym <strong>Monkey Shines<\/strong>, kt\u00f3ra jest zabawna i pe\u0142na genialnego materia\u0142u! Jego efekt &#8222;<strong>Diary of Decision<\/strong>&#8222;, jest do wykonania w wersji<strong> close-up,<\/strong> jak i na <strong>scenie<\/strong>. W tym wyk\u0142adzie pe\u0142en humoru <strong>Doc<\/strong> b\u0119dzie przedstawia\u0142 Ci tajemnice, kt\u00f3re sprawi\u0142y, \u017ce sta\u0142 si\u0119 tak rozpoznawany i skuteczny w tym, co robi w ostatnich latach! Przygotuj si\u0119 na dobr\u0105 zabaw\u0119 z <strong>Doc<\/strong>&#8217;iem <strong>Dixon<\/strong>&#8217;em!<\/span><\/p>\n<p style=\"font-size: 12px; font-family: Tahoma, Arial, sans-serif;\"><span style=\"font-size: 14pt;\"><strong>*MARK ELSDON<\/strong>: <strong>Mark<\/strong> jest bardzo znany i doceniany w magicznym \u015bwiecie. Jego efekty\u00a0<span style=\"color: #000000; font-family: arial, helvetica, sans-serif;\"><strong>Rubik Remembered, Whacked Book Test<\/strong> oraz Jego 25 letnie do\u015bwiadczenie w tworzeniu magii i <strong>mentalizmu<\/strong> sprawia, \u017ce b\u0119dzie to wyk\u0142ad, kt\u00f3rego nie mo\u017cesz przegapi\u0107! Stworzy\u0142 jedne z najbardziej praktycznych i wizualnych magii, jakie mo\u017cna kiedykolwiek zobaczy\u0107! Jego wyk\u0142ad to co\u015b wi\u0119cej ni\u017c tylko magia z tali\u0105 kart! Je\u015bli jeste\u015b gotowy na 2 godzinny wyk\u0142ad z <strong>menatlizmu<\/strong>, zapraszamy ju\u017c teraz!<\/span><\/span><\/p>\n<p style=\"font-size: 12px; font-family: Tahoma, Arial, sans-serif;\">\u00a0<\/p>\n<p style=\"font-size: 12px; font-family: Tahoma, Arial, sans-serif;\">\u00a0<\/p>\n<p style=\"font-size: 12px; font-family: Tahoma, Arial, sans-serif; text-align: center;\"><span style=\"font-size: large;\">A teraz wyobra\u017a sobie, \u017ce mo\u017cesz uczestniczy\u0107 w tych magicznych wyk\u0142adach za jedyne\u00a0<strong><span style=\"font-size: 18px;\">37,50 z\u0142. za sztuk\u0119!<\/span><\/strong>\u00a0To nie iluzja, to rzeczywisto\u015b\u0107!\u00a0<\/span>\u00a0<\/p>\n<p style=\"font-size: 12px; font-family: Tahoma, Arial, sans-serif; text-align: center;\">\u00a0<\/p>\n<p style=\"font-size: 12px; font-family: Tahoma, Arial, sans-serif; text-align: center;\"><span style=\"font-size: large;\"><strong><span style=\"font-size: 18px;\">Zosta\u0144 VIP&#8217;em ju\u017c DZISIAJ<\/span>,<\/strong> a otrzymasz &#8222;miejsce w pierwszym rz\u0119dzie&#8221; na <strong>wszystkie<span style=\"font-size: 18px;\">\u00a04\u00a0<\/span>wyk\u0142ady\u00a0<span style=\"font-size: 18px;\">za jedyne\u00a0150 z\u0142.!<\/span><\/strong><\/span><strong>\u00a0<\/strong><\/p>\n<p style=\"font-size: 12px; font-family: Tahoma, Arial, sans-serif; text-align: center;\">\u00a0<\/p>\n<p style=\"font-size: 12px; font-family: Tahoma, Arial, sans-serif; text-align: center;\"><strong><span style=\"font-size: large;\">POLECAMY,<\/span><\/strong><\/p>\n<p style=\"font-size: 12px; font-family: Tahoma, Arial, sans-serif; text-align: center;\">\u00a0<\/p>\n<p style=\"font-size: 12px; font-family: Tahoma, Arial, sans-serif; text-align: center;\"><strong><span style=\"font-size: large;\">magiiik.pl<\/span><\/strong><\/p>\n<p style=\"font-size: 12px; font-family: Tahoma, Arial, sans-serif; text-align: center;\">\u00a0<\/p>\n<p style=\"font-size: 12px; font-family: Tahoma, Arial, sans-serif; text-align: center;\">\u00a0<\/p>\n","protected":false},"excerpt":{"rendered":"<p><strong>AT THE TABLE &#8211; SEZON 4!<\/strong><\/p>\n","protected":false},"featured_media":8151,"comment_status":"closed","ping_status":"open","template":"","meta":[],"product_brand":[],"product_cat":[50],"product_tag":[],"class_list":{"0":"post-8150","1":"product","2":"type-product","3":"status-publish","4":"has-post-thumbnail","6":"product_cat-ksiazki-dvd-download-downloads-at-the-table","8":"first","9":"instock","10":"purchasable","11":"product-type-simple"},"_links":{"self":[{"href":"https:\/\/magiiik.netstory.com.pl\/index.php?rest_route=\/wp\/v2\/product\/8150","targetHints":{"allow":["GET"]}}],"collection":[{"href":"https:\/\/magiiik.netstory.com.pl\/index.php?rest_route=\/wp\/v2\/product"}],"about":[{"href":"https:\/\/magiiik.netstory.com.pl\/index.php?rest_route=\/wp\/v2\/types\/product"}],"replies":[{"embeddable":true,"href":"https:\/\/magiiik.netstory.com.pl\/index.php?rest_route=%2Fwp%2Fv2%2Fcomments&post=8150"}],"wp:featuredmedia":[{"embeddable":true,"href":"https:\/\/magiiik.netstory.com.pl\/index.php?rest_route=\/wp\/v2\/media\/8151"}],"wp:attachment":[{"href":"https:\/\/magiiik.netstory.com.pl\/index.php?rest_route=%2Fwp%2Fv2%2Fmedia&parent=8150"}],"wp:term":[{"taxonomy":"product_brand","embeddable":true,"href":"https:\/\/magiiik.netstory.com.pl\/index.php?rest_route=%2Fwp%2Fv2%2Fproduct_brand&post=8150"},{"taxonomy":"product_cat","embeddable":true,"href":"https:\/\/magiiik.netstory.com.pl\/index.php?rest_route=%2Fwp%2Fv2%2Fproduct_cat&post=8150"},{"taxonomy":"product_tag","embeddable":true,"href":"https:\/\/magiiik.netstory.com.pl\/index.php?rest_route=%2Fwp%2Fv2%2Fproduct_tag&post=8150"}],"curies":[{"name":"wp","href":"https:\/\/api.w.org\/{rel}","templated":true}]}}