{"id":8148,"date":"2025-09-19T13:13:57","date_gmt":"2025-09-19T11:13:57","guid":{"rendered":"https:\/\/magiiik.netstory.com.pl\/produkt\/illusion-works-vol-3-4-by-rand-woodbury-download\/"},"modified":"2025-09-19T13:14:53","modified_gmt":"2025-09-19T11:14:53","slug":"illusion-works-vol-3-4-by-rand-woodbury-download","status":"publish","type":"product","link":"https:\/\/magiiik.netstory.com.pl\/?product=illusion-works-vol-3-4-by-rand-woodbury-download","title":{"rendered":"Illusion Works &#8211; Vol. 3 &#038; 4 by Rand Woodbury DOWNLOAD"},"content":{"rendered":"<p style=\"font-size: 12px; font-family: Tahoma, Arial, sans-serif; text-align: center;\"><span style=\"font-size: 12pt;\">Warsztat\u00a0<strong>Rand<\/strong>&#8217;s\u00a0<strong>Woodbury<\/strong>&#8217;ego, w kt\u00f3rym poka\u017ce Ci tajniki wykonywania, projektowania i budowania w\u0142asnych iluzji!<\/span><\/p>\n<p style=\"font-size: 12px; font-family: Tahoma, Arial, sans-serif; text-align: center;\"><span style=\"font-size: 12pt;\">Cztery serie zosta\u0142y zebrane w zestawach po dwie cz\u0119\u015bci (ka\u017cdy sprzedawany oddzielnie).\u00a0<\/span><\/p>\n<p style=\"font-size: 12px; font-family: Tahoma, Arial, sans-serif; text-align: center;\"><span style=\"font-size: 12pt;\"><iframe loading=\"lazy\" src=\"\/\/www.youtube.com\/embed\/1nRxfsftyoY\" width=\"425\" height=\"350\"><\/iframe><\/span><\/p>\n<p><strong>TOM 3<\/strong><\/p>\n<p><strong>Trick<\/strong><\/p>\n<p><strong>TOM 4<\/strong><\/p>\n<p><strong>Budowanie profesjonalnej iluzji<\/strong><\/p>\n<p><strong>Czas: 59min<\/strong><\/p>\n<p>\u00a0<\/p>\n<p><strong>Polecamy<\/strong><\/p>\n<p><strong>magiiik.pl<\/strong><\/p>\n<p>\u00a0<\/p>\n<p><strong><span style=\"font-size: 10pt;\">Uwaga!<\/span><\/strong><\/p>\n<p><strong><span style=\"font-size: 10pt;\">Wersja DOWNLOAD<\/span><\/strong><\/p>\n<p><strong><span style=\"font-size: 10pt;\">J\u0119zyk angielski<\/span><\/strong><\/p>\n<p>\u00a0<\/p>\n","protected":false},"excerpt":{"rendered":"<p><strong>Illusion Works &#8211; Vol. 3 &amp; 4 by Rand Woodbury<\/strong><\/p>\n","protected":false},"featured_media":8149,"comment_status":"closed","ping_status":"open","template":"","meta":[],"product_brand":[],"product_cat":[55],"product_tag":[],"class_list":{"0":"post-8148","1":"product","2":"type-product","3":"status-publish","4":"has-post-thumbnail","6":"product_cat-ksiazki-dvd-download-downloads","8":"first","9":"instock","10":"purchasable","11":"product-type-simple"},"_links":{"self":[{"href":"https:\/\/magiiik.netstory.com.pl\/index.php?rest_route=\/wp\/v2\/product\/8148","targetHints":{"allow":["GET"]}}],"collection":[{"href":"https:\/\/magiiik.netstory.com.pl\/index.php?rest_route=\/wp\/v2\/product"}],"about":[{"href":"https:\/\/magiiik.netstory.com.pl\/index.php?rest_route=\/wp\/v2\/types\/product"}],"replies":[{"embeddable":true,"href":"https:\/\/magiiik.netstory.com.pl\/index.php?rest_route=%2Fwp%2Fv2%2Fcomments&post=8148"}],"wp:featuredmedia":[{"embeddable":true,"href":"https:\/\/magiiik.netstory.com.pl\/index.php?rest_route=\/wp\/v2\/media\/8149"}],"wp:attachment":[{"href":"https:\/\/magiiik.netstory.com.pl\/index.php?rest_route=%2Fwp%2Fv2%2Fmedia&parent=8148"}],"wp:term":[{"taxonomy":"product_brand","embeddable":true,"href":"https:\/\/magiiik.netstory.com.pl\/index.php?rest_route=%2Fwp%2Fv2%2Fproduct_brand&post=8148"},{"taxonomy":"product_cat","embeddable":true,"href":"https:\/\/magiiik.netstory.com.pl\/index.php?rest_route=%2Fwp%2Fv2%2Fproduct_cat&post=8148"},{"taxonomy":"product_tag","embeddable":true,"href":"https:\/\/magiiik.netstory.com.pl\/index.php?rest_route=%2Fwp%2Fv2%2Fproduct_tag&post=8148"}],"curies":[{"name":"wp","href":"https:\/\/api.w.org\/{rel}","templated":true}]}}