{"id":8146,"date":"2025-09-19T13:13:57","date_gmt":"2025-09-19T11:13:57","guid":{"rendered":"https:\/\/magiiik.netstory.com.pl\/produkt\/illusion-works-vol-1-2-by-rand-woodbury-download\/"},"modified":"2025-09-19T13:14:52","modified_gmt":"2025-09-19T11:14:52","slug":"illusion-works-vol-1-2-by-rand-woodbury-download","status":"publish","type":"product","link":"https:\/\/magiiik.netstory.com.pl\/?product=illusion-works-vol-1-2-by-rand-woodbury-download","title":{"rendered":"Illusion Works Vol. 1 &#038; 2 by Rand Woodbury DOWNLOAD"},"content":{"rendered":"<p style=\"text-align: center;\"><span style=\"font-size: 12pt;\">Warsztat <strong>Rand<\/strong>&#8217;s <strong>Woodbury<\/strong>&#8217;ego, w kt\u00f3rym poka\u017ce Ci tajniki wykonywania, projektowania i budowania w\u0142asnych iluzji!<\/span><\/p>\n<p style=\"text-align: center;\"><span style=\"font-size: 12pt;\">Cztery serie zosta\u0142y zebrane w zestawach po dwie cz\u0119\u015bci (ka\u017cdy sprzedawany oddzielnie).\u00a0<\/span><\/p>\n<p style=\"text-align: center;\"><span style=\"font-size: 12pt;\"><iframe loading=\"lazy\" src=\"\/\/www.youtube.com\/embed\/P6luD7CBJdM\" width=\"425\" height=\"350\"><\/iframe><\/span><\/p>\n<p><strong>TOM 1<\/strong><\/p>\n<p><strong>Etap podstawowy<\/strong><\/p>\n<p><strong>TOM 2<\/strong><\/p>\n<p><strong>Sekret<\/strong><\/p>\n<p>\u00a0<\/p>\n<p><strong>Czas: 1godz. 36min.<\/strong><\/p>\n<p>\u00a0<\/p>\n<p><strong>Polecamy,<\/strong><\/p>\n<p><strong>magiiik.pl<\/strong><\/p>\n<p>\u00a0<\/p>\n<p><span style=\"font-size: 10pt;\">Uwaga!<\/span><\/p>\n<p><span style=\"font-size: 10pt;\">Wersja DOWNLOAD<\/span><\/p>\n<p><span style=\"font-size: 10pt;\">J\u0119zyk angielski<\/span><\/p>\n","protected":false},"excerpt":{"rendered":"<p><strong>Illusion Works Vol. 1 &amp; 2 by Rand Woodbury<\/strong><\/p>\n","protected":false},"featured_media":8147,"comment_status":"closed","ping_status":"open","template":"","meta":[],"product_brand":[],"product_cat":[55],"product_tag":[],"class_list":{"0":"post-8146","1":"product","2":"type-product","3":"status-publish","4":"has-post-thumbnail","6":"product_cat-ksiazki-dvd-download-downloads","8":"first","9":"instock","10":"purchasable","11":"product-type-simple"},"_links":{"self":[{"href":"https:\/\/magiiik.netstory.com.pl\/index.php?rest_route=\/wp\/v2\/product\/8146","targetHints":{"allow":["GET"]}}],"collection":[{"href":"https:\/\/magiiik.netstory.com.pl\/index.php?rest_route=\/wp\/v2\/product"}],"about":[{"href":"https:\/\/magiiik.netstory.com.pl\/index.php?rest_route=\/wp\/v2\/types\/product"}],"replies":[{"embeddable":true,"href":"https:\/\/magiiik.netstory.com.pl\/index.php?rest_route=%2Fwp%2Fv2%2Fcomments&post=8146"}],"wp:featuredmedia":[{"embeddable":true,"href":"https:\/\/magiiik.netstory.com.pl\/index.php?rest_route=\/wp\/v2\/media\/8147"}],"wp:attachment":[{"href":"https:\/\/magiiik.netstory.com.pl\/index.php?rest_route=%2Fwp%2Fv2%2Fmedia&parent=8146"}],"wp:term":[{"taxonomy":"product_brand","embeddable":true,"href":"https:\/\/magiiik.netstory.com.pl\/index.php?rest_route=%2Fwp%2Fv2%2Fproduct_brand&post=8146"},{"taxonomy":"product_cat","embeddable":true,"href":"https:\/\/magiiik.netstory.com.pl\/index.php?rest_route=%2Fwp%2Fv2%2Fproduct_cat&post=8146"},{"taxonomy":"product_tag","embeddable":true,"href":"https:\/\/magiiik.netstory.com.pl\/index.php?rest_route=%2Fwp%2Fv2%2Fproduct_tag&post=8146"}],"curies":[{"name":"wp","href":"https:\/\/api.w.org\/{rel}","templated":true}]}}