{"id":8140,"date":"2025-09-19T13:13:57","date_gmt":"2025-09-19T11:13:57","guid":{"rendered":"https:\/\/magiiik.netstory.com.pl\/produkt\/expert-cigarette-magic-by-tom-mullica-vol-3-download\/"},"modified":"2025-09-19T13:14:49","modified_gmt":"2025-09-19T11:14:49","slug":"expert-cigarette-magic-by-tom-mullica-vol-3-download","status":"publish","type":"product","link":"https:\/\/magiiik.netstory.com.pl\/?product=expert-cigarette-magic-by-tom-mullica-vol-3-download","title":{"rendered":"Expert Cigarette Magic by Tom Mullica vol. 3 DOWNLOAD"},"content":{"rendered":"<p style=\"font-size: 12px; font-family: Tahoma, Arial, sans-serif; text-align: center;\"><strong><span style=\"font-size: 12pt;\">To genialne tricki dla palaczy!<\/span><\/strong><\/p>\n<p style=\"font-size: 12px; font-family: Tahoma, Arial, sans-serif;\"><span style=\"font-size: 12pt;\">W historii magii papierosowej pojawi\u0142 si\u0119 tylko jeden jedyny\u00a0<strong>Tom Mullica!\u00a0<\/strong>Jego zachwycaj\u0105cy akt jedzenia papieros\u00f3w zadziwia ka\u017cdego! Jest tak wyj\u0105tkowy, \u017ce jeszcze nikt go nie powieli\u0142! Ka\u017cdy z nas nie raz zada\u0142 sobie pytanie:\u00a0<strong>&#8222;Co On robi z tymi papierosami?!&#8221;.<\/strong>\u00a0<\/span><\/p>\n<p style=\"font-size: 12px; font-family: Tahoma, Arial, sans-serif;\"><span style=\"font-size: 12pt;\">Mamy ogromn\u0105 przyjemno\u015b\u0107 przedstawi\u0107 Wam szkolenie w postaci\u00a0<strong>video<\/strong>, kt\u00f3re zaraz mo\u017cecie \u015bci\u0105gn\u0105\u0107 na sw\u00f3j komputer i nauczy\u0107 si\u0119 tych niesamowitych trick\u00f3w z papierosami, zapa\u0142kami, cygarami i wszystkim, co si\u0119 wi\u0105\u017ce z paleniem!\u00a0<strong>Szkolenie sk\u0142ada si\u0119 z 3 cz\u0119\u015bci<\/strong>, kt\u00f3re zawieraj\u0105 wszystkie odpowiedzi, sekrety, akt\u00a0<strong>FISM\u00a0<\/strong>oraz s\u0142ynny akt sceniczny Toma!<\/span><\/p>\n<p style=\"font-size: 12px; font-family: Tahoma, Arial, sans-serif; text-align: center;\">\u00a0<iframe loading=\"lazy\" src=\"\/\/www.youtube.com\/embed\/3_JWg7e9BsA\" width=\"425\" height=\"350\"><\/iframe><\/p>\n<p style=\"font-size: 12px; font-family: Tahoma, Arial, sans-serif;\">\u00a0<\/p>\n<p style=\"font-size: 12px; font-family: Tahoma, Arial, sans-serif;\"><span style=\"font-size: 12pt;\"><strong style=\"color: #444444; font-size: medium; font-family: 'Segoe UI', Arial, Helvetica, sans-serif;\">Vol.3 &#8211; Nicotine Nincompoop!<\/strong><br style=\"color: #444444; font-size: medium; font-family: 'Segoe UI', Arial, Helvetica, sans-serif;\" \/><\/span><\/p>\n<ul>\n<li style=\"color: #444444; font-size: medium; font-family: 'Segoe UI', Arial, Helvetica, sans-serif;\">Rings From Pack<\/li>\n<li style=\"color: #444444; font-size: medium; font-family: 'Segoe UI', Arial, Helvetica, sans-serif;\">Twisted Cigarette<\/li>\n<li style=\"color: #444444; font-size: medium; font-family: 'Segoe UI', Arial, Helvetica, sans-serif;\">Two Cigarettes From One<\/li>\n<li style=\"color: #444444; font-size: medium; font-family: 'Segoe UI', Arial, Helvetica, sans-serif;\">Cigarette Thru Quarter<\/li>\n<li style=\"color: #444444; font-size: medium; font-family: 'Segoe UI', Arial, Helvetica, sans-serif;\">Torn N&#8217;Restored Cig #1<\/li>\n<li style=\"color: #444444; font-size: medium; font-family: 'Segoe UI', Arial, Helvetica, sans-serif;\">Torn N&#8217;Restored Cig #2<\/li>\n<li style=\"color: #444444; font-size: medium; font-family: 'Segoe UI', Arial, Helvetica, sans-serif;\">Chink-A-Chink (performance only)<\/li>\n<li style=\"color: #444444; font-size: medium; font-family: 'Segoe UI', Arial, Helvetica, sans-serif;\">No Burn<\/li>\n<li style=\"color: #444444; font-size: medium; font-family: 'Segoe UI', Arial, Helvetica, sans-serif;\">Buck Teeth<\/li>\n<li style=\"color: #444444; font-size: medium; font-family: 'Segoe UI', Arial, Helvetica, sans-serif;\">Smoke Cocktail<\/li>\n<li style=\"color: #444444; font-size: medium; font-family: 'Segoe UI', Arial, Helvetica, sans-serif;\">Poca-Cola<\/li>\n<li style=\"color: #444444; font-size: medium; font-family: 'Segoe UI', Arial, Helvetica, sans-serif;\">Saliva VanishComplete performance and explanation of\u00a0<strong>&#8222;NICOTINE NINCOMPOOP&#8221;<\/strong>\u00a0the Cigarette and Napkin eating Act!\n<p><strong>BONUS:<\/strong><\/li>\n<li style=\"color: #444444; font-size: medium; font-family: 'Segoe UI', Arial, Helvetica, sans-serif;\">Akt sceniczny Toma!\n<\/li>\n<\/ul>\n<p>Czas: <strong>1 godz. 14 min.<\/strong><\/p>\n<p>\u00a0<\/p>\n<p><strong>Polecamy,<\/strong><\/p>\n<p><strong>magiiik.pl<\/strong><\/p>\n<p>\u00a0<\/p>\n<p><strong>UWAGA!<\/strong><\/p>\n<p><strong>Wersja DOWNLOAD<\/strong><\/p>\n<p><strong>J\u0119zyk angielski<\/strong><\/p>\n<p>\u00a0<\/p>\n","protected":false},"excerpt":{"rendered":"<p><strong>Expert Cigarette Magic by Tom Mullica vol. 3<\/strong><\/p>\n","protected":false},"featured_media":8141,"comment_status":"closed","ping_status":"open","template":"","meta":[],"product_brand":[],"product_cat":[55],"product_tag":[],"class_list":{"0":"post-8140","1":"product","2":"type-product","3":"status-publish","4":"has-post-thumbnail","6":"product_cat-ksiazki-dvd-download-downloads","8":"first","9":"instock","10":"purchasable","11":"product-type-simple"},"_links":{"self":[{"href":"https:\/\/magiiik.netstory.com.pl\/index.php?rest_route=\/wp\/v2\/product\/8140","targetHints":{"allow":["GET"]}}],"collection":[{"href":"https:\/\/magiiik.netstory.com.pl\/index.php?rest_route=\/wp\/v2\/product"}],"about":[{"href":"https:\/\/magiiik.netstory.com.pl\/index.php?rest_route=\/wp\/v2\/types\/product"}],"replies":[{"embeddable":true,"href":"https:\/\/magiiik.netstory.com.pl\/index.php?rest_route=%2Fwp%2Fv2%2Fcomments&post=8140"}],"wp:featuredmedia":[{"embeddable":true,"href":"https:\/\/magiiik.netstory.com.pl\/index.php?rest_route=\/wp\/v2\/media\/8141"}],"wp:attachment":[{"href":"https:\/\/magiiik.netstory.com.pl\/index.php?rest_route=%2Fwp%2Fv2%2Fmedia&parent=8140"}],"wp:term":[{"taxonomy":"product_brand","embeddable":true,"href":"https:\/\/magiiik.netstory.com.pl\/index.php?rest_route=%2Fwp%2Fv2%2Fproduct_brand&post=8140"},{"taxonomy":"product_cat","embeddable":true,"href":"https:\/\/magiiik.netstory.com.pl\/index.php?rest_route=%2Fwp%2Fv2%2Fproduct_cat&post=8140"},{"taxonomy":"product_tag","embeddable":true,"href":"https:\/\/magiiik.netstory.com.pl\/index.php?rest_route=%2Fwp%2Fv2%2Fproduct_tag&post=8140"}],"curies":[{"name":"wp","href":"https:\/\/api.w.org\/{rel}","templated":true}]}}