{"id":8127,"date":"2025-09-19T13:13:57","date_gmt":"2025-09-19T11:13:57","guid":{"rendered":"https:\/\/magiiik.netstory.com.pl\/produkt\/at-the-table-live-lecture-greg-wilson-download\/"},"modified":"2025-09-19T13:14:42","modified_gmt":"2025-09-19T11:14:42","slug":"at-the-table-live-lecture-greg-wilson-download","status":"publish","type":"product","link":"https:\/\/magiiik.netstory.com.pl\/?product=at-the-table-live-lecture-greg-wilson-download","title":{"rendered":"At The Table Live Lecture &#8211; Greg Wilson download"},"content":{"rendered":"<p><strong><span style=\"font-size: medium; font-family: Tahoma, Arial, sans-serif;\">*GREG WILSON<\/span><\/strong><span style=\"font-size: medium; font-family: Tahoma, Arial, sans-serif;\">\u00a0&#8211; 2 razy zosta\u0142 zwyci\u0119zc\u0105\u00a0<\/span><strong><span style=\"font-size: medium; font-family: Tahoma, Arial, sans-serif;\">FISM!<\/span><\/strong><span style=\"font-size: medium; font-family: Tahoma, Arial, sans-serif;\">\u00a0Zosta\u0142 okrzykni\u0119ty jako najbardziej tw\u00f3rczy mag w historii! Stworzy\u0142 najlepiej sprzedaj\u0105ce si\u0119\u00a0<\/span><span style=\"font-size: medium; font-family: Tahoma, Arial, sans-serif;\">HITY<\/span><span style=\"font-size: medium; font-family: Tahoma, Arial, sans-serif;\">\u00a0takie, jak:\u00a0<\/span><strong><span style=\"font-size: medium; font-family: Tahoma, Arial, sans-serif;\">&#8222;On The Spot&#8221;<\/span><\/strong><span style=\"font-size: medium; font-family: Tahoma, Arial, sans-serif;\">,\u00a0<\/span><strong><span style=\"font-size: medium; font-family: Tahoma, Arial, sans-serif;\">&#8222;Hundy 500&#8221;<\/span><\/strong><span style=\"font-size: medium; font-family: Tahoma, Arial, sans-serif;\">\u00a0oraz nowo wydany<strong>\u00a0<\/strong><\/span><strong><span style=\"font-size: medium; font-family: Tahoma, Arial, sans-serif;\">&#8222;Exact Change&#8221;<\/span><\/strong><span style=\"font-size: medium; font-family: Tahoma, Arial, sans-serif;\">\u00a0i\u00a0<\/span><span style=\"font-size: medium; font-family: Tahoma, Arial, sans-serif;\"><strong>&#8222;Flesh Pen&#8221;<\/strong>!<\/span><span style=\"font-size: medium; font-family: Tahoma, Arial, sans-serif;\">\u00a0<\/span><strong><span style=\"font-size: medium; font-family: Tahoma, Arial, sans-serif;\">Greg<\/span><\/strong><span style=\"font-size: medium; font-family: Tahoma, Arial, sans-serif;\"><strong>\u00a0<\/strong>ma wystarczaj\u0105co du\u017co materia\u0142u, aby obj\u0105\u0107 nim wszystkie gatunki mikro iluzji! W swoim wyk\u0142adzie skupi si\u0119 na swojej niesamowitej umiej\u0119tno\u015bci wykonywania trick\u00f3w z kartami, wyja\u015bni wszystkie mechanizmy, kt\u00f3re sprawiaj\u0105, \u017ce Jego pokazy s\u0105 tak niezapomniane!\u00a0<\/span><\/p>\n<p>\u00a0<\/p>\n<p style=\"text-align: center;\"><span style=\"font-size: medium; font-family: Tahoma, Arial, sans-serif;\"><iframe loading=\"lazy\" src=\"\/\/www.youtube.com\/embed\/qeAH86Ro0pU\" width=\"425\" height=\"350\"><\/iframe><\/span><\/p>\n<p>\u00a0<\/p>\n<p style=\"font-size: 12px; text-align: center;\"><span style=\"font-size: medium;\">Pami\u0119taj, \u017ce\u00a0<strong>At The Table<\/strong>\u00a0umo\u017cliwia r\u00f3wnie\u017c chat, aby\u015b m\u00f3g\u0142 na \u017cywo zada\u0107 swoje pytania do prowadz\u0105cego!<\/span>\u00a0<\/p>\n<p style=\"text-align: center;\">\u00a0<\/p>\n<p style=\"font-size: 12px; text-align: center;\"><strong><span style=\"font-size: medium;\">KUP JU\u017b TERAZ bilet i ucz si\u0119 od najlepszych!<\/span><\/strong><\/p>\n<p style=\"font-size: 12px;\">\u00a0<\/p>\n<p style=\"font-size: 12px; font-family: Tahoma, Arial, sans-serif;\"><strong><span style=\"font-size: medium;\">POLECAMY,\u00a0<\/span><\/strong><\/p>\n<p style=\"font-size: 12px; font-family: Tahoma, Arial, sans-serif;\"><strong><span style=\"font-size: medium;\">magiiik.pl<\/span><\/strong><\/p>\n<p style=\"font-size: 12px; font-family: Tahoma, Arial, sans-serif;\">\u00a0<\/p>\n<p style=\"font-size: 12px; font-family: Tahoma, Arial, sans-serif;\"><span style=\"font-size: small;\">UWAGA!<\/span><\/p>\n<p style=\"font-size: 12px; font-family: Tahoma, Arial, sans-serif;\"><span style=\"font-size: small;\">\u00a01. Szkolenie jest w j\u0119zyku angielskim!<\/span><\/p>\n<p style=\"font-size: 12px; font-family: Tahoma, Arial, sans-serif;\"><span style=\"font-size: small;\">\u00a02. Na seri\u0119 &#8222;At The Table&#8221; nie obowi\u0105zuje \u017bADEN rabat!<\/span>\u00a0<\/p>\n","protected":false},"excerpt":{"rendered":"<p><strong>At The Table Live Lecture &#8211; Greg Wilson<\/strong><\/p>\n","protected":false},"featured_media":8128,"comment_status":"closed","ping_status":"open","template":"","meta":[],"product_brand":[],"product_cat":[50],"product_tag":[],"class_list":{"0":"post-8127","1":"product","2":"type-product","3":"status-publish","4":"has-post-thumbnail","6":"product_cat-ksiazki-dvd-download-downloads-at-the-table","8":"first","9":"instock","10":"purchasable","11":"product-type-simple"},"_links":{"self":[{"href":"https:\/\/magiiik.netstory.com.pl\/index.php?rest_route=\/wp\/v2\/product\/8127","targetHints":{"allow":["GET"]}}],"collection":[{"href":"https:\/\/magiiik.netstory.com.pl\/index.php?rest_route=\/wp\/v2\/product"}],"about":[{"href":"https:\/\/magiiik.netstory.com.pl\/index.php?rest_route=\/wp\/v2\/types\/product"}],"replies":[{"embeddable":true,"href":"https:\/\/magiiik.netstory.com.pl\/index.php?rest_route=%2Fwp%2Fv2%2Fcomments&post=8127"}],"wp:featuredmedia":[{"embeddable":true,"href":"https:\/\/magiiik.netstory.com.pl\/index.php?rest_route=\/wp\/v2\/media\/8128"}],"wp:attachment":[{"href":"https:\/\/magiiik.netstory.com.pl\/index.php?rest_route=%2Fwp%2Fv2%2Fmedia&parent=8127"}],"wp:term":[{"taxonomy":"product_brand","embeddable":true,"href":"https:\/\/magiiik.netstory.com.pl\/index.php?rest_route=%2Fwp%2Fv2%2Fproduct_brand&post=8127"},{"taxonomy":"product_cat","embeddable":true,"href":"https:\/\/magiiik.netstory.com.pl\/index.php?rest_route=%2Fwp%2Fv2%2Fproduct_cat&post=8127"},{"taxonomy":"product_tag","embeddable":true,"href":"https:\/\/magiiik.netstory.com.pl\/index.php?rest_route=%2Fwp%2Fv2%2Fproduct_tag&post=8127"}],"curies":[{"name":"wp","href":"https:\/\/api.w.org\/{rel}","templated":true}]}}