{"id":8119,"date":"2025-09-19T13:13:57","date_gmt":"2025-09-19T11:13:57","guid":{"rendered":"https:\/\/magiiik.netstory.com.pl\/produkt\/at-the-table-live-lecture-kostya-kimlat\/"},"modified":"2025-09-19T13:14:24","modified_gmt":"2025-09-19T11:14:24","slug":"at-the-table-live-lecture-kostya-kimlat","status":"publish","type":"product","link":"https:\/\/magiiik.netstory.com.pl\/?product=at-the-table-live-lecture-kostya-kimlat","title":{"rendered":"At The Table Live Lecture &#8211; Kostya Kimlat"},"content":{"rendered":"<p><strong><span style=\"font-size: 14pt;\">NA \u017bYWO ju\u017c 13. sierpnia 2014!<\/span><\/strong><\/p>\n<p><span style=\"font-size: 12pt;\"><strong><span style=\"font-family: Tahoma, Arial, sans-serif;\">*KOSTYA KIMLAT<\/span><\/strong><span style=\"font-family: Tahoma, Arial, sans-serif;\"><strong>\u00a0<\/strong>&#8211; magia tego cz\u0142owieka jest tak samo wyj\u0105tkowa, jak Jego imi\u0119! Stworzy\u0142 On jedne z najlepszych efekt\u00f3w wizualnych w magii! B\u0119dzie to wyk\u0142ad, jakiego nigdy wcze\u015bniej nie widzia\u0142e\u015b! To b\u0119d\u0105 pe\u0142ne 2 godziny trick\u00f3w, kt\u00f3re mo\u017cesz zobaczy\u0107 TYLKO w\u00a0<\/span><strong><span style=\"font-family: Tahoma, Arial, sans-serif;\">At The Table!<\/span><\/strong><\/span><\/p>\n<p>\u00a0<\/p>\n<p><span style=\"font-size: 12pt;\"><strong>Kostya Kimlat<\/strong> to \u015bwiatowej s\u0142awy artysta magik! W tym ekskluzywnym wyk\u0142adzie <strong>AT THE TABLE<\/strong> <strong>Kostya<\/strong> przedstawi tajemnice swojego <strong>&#8222;Show&#8221;<\/strong> i <strong>&#8222;Business&#8221;<\/strong>! <strong>Kostya<\/strong> nauczy Ci\u0119, jak robi\u0107 magi\u0119 dos\u0142ownie wsz\u0119dzie i dla ka\u017cdego. Nauczy Ci\u0119 zasad komunikacji z widzami, aby zabawia\u0107 ich w najlepszy spos\u00f3b! To klejny poziom magii!<\/span><\/p>\n<p style=\"font-size: 12px; font-family: Tahoma, Arial, sans-serif; text-align: center;\"><span style=\"font-size: 12pt;\">Pami\u0119taj, \u017ce\u00a0<strong>At The Table<\/strong>\u00a0umo\u017cliwia r\u00f3wnie\u017c chat, aby\u015b m\u00f3g\u0142 na \u017cywo zada\u0107 swoje pytania do prowadz\u0105cego!<\/span><\/p>\n<p style=\"font-size: 12px; font-family: Tahoma, Arial, sans-serif; text-align: center;\"><span style=\"font-size: 12pt;\"><iframe loading=\"lazy\" src=\"\/\/www.youtube.com\/embed\/RNpU30p3DSg\" width=\"425\" height=\"350\"><\/iframe><\/span><\/p>\n<p style=\"font-size: 12px; font-family: Tahoma, Arial, sans-serif; text-align: center;\"><strong><span style=\"font-size: 12pt;\">\u00a0KUP JU\u017b TERAZ bilet i ucz si\u0119 od najlepszych!<\/span><\/strong><\/p>\n<p style=\"font-size: 12px; font-family: Tahoma, Arial, sans-serif;\">\u00a0<\/p>\n<p style=\"font-size: 12px; font-family: Tahoma, Arial, sans-serif;\"><strong>POLECAMY,<\/strong><\/p>\n<p style=\"font-size: 12px; font-family: Tahoma, Arial, sans-serif;\"><strong>magiiik.pl<\/strong><\/p>\n<p style=\"font-size: 12px; font-family: Tahoma, Arial, sans-serif;\"><strong>UWAGA!<\/strong><\/p>\n<p style=\"font-size: 12px; font-family: Tahoma, Arial, sans-serif;\"><strong> 1. Szkolenie jest w j\u0119zyku angielskim!<\/strong><\/p>\n<p style=\"font-size: 12px; font-family: Tahoma, Arial, sans-serif;\"><strong>2. Na seri\u0119 &#8222;At The Table&#8221; nie obowi\u0105zuje \u017bADEN rabat!<\/strong><\/p>\n<p>\u00a0<\/p>\n","protected":false},"excerpt":{"rendered":"<p><strong>At The Table Live Lecture &#8211; Kostya Kimlat<\/strong><\/p>\n","protected":false},"featured_media":8120,"comment_status":"closed","ping_status":"open","template":"","meta":[],"product_brand":[],"product_cat":[50],"product_tag":[],"class_list":{"0":"post-8119","1":"product","2":"type-product","3":"status-publish","4":"has-post-thumbnail","6":"product_cat-ksiazki-dvd-download-downloads-at-the-table","8":"first","9":"instock","10":"purchasable","11":"product-type-simple"},"_links":{"self":[{"href":"https:\/\/magiiik.netstory.com.pl\/index.php?rest_route=\/wp\/v2\/product\/8119","targetHints":{"allow":["GET"]}}],"collection":[{"href":"https:\/\/magiiik.netstory.com.pl\/index.php?rest_route=\/wp\/v2\/product"}],"about":[{"href":"https:\/\/magiiik.netstory.com.pl\/index.php?rest_route=\/wp\/v2\/types\/product"}],"replies":[{"embeddable":true,"href":"https:\/\/magiiik.netstory.com.pl\/index.php?rest_route=%2Fwp%2Fv2%2Fcomments&post=8119"}],"wp:featuredmedia":[{"embeddable":true,"href":"https:\/\/magiiik.netstory.com.pl\/index.php?rest_route=\/wp\/v2\/media\/8120"}],"wp:attachment":[{"href":"https:\/\/magiiik.netstory.com.pl\/index.php?rest_route=%2Fwp%2Fv2%2Fmedia&parent=8119"}],"wp:term":[{"taxonomy":"product_brand","embeddable":true,"href":"https:\/\/magiiik.netstory.com.pl\/index.php?rest_route=%2Fwp%2Fv2%2Fproduct_brand&post=8119"},{"taxonomy":"product_cat","embeddable":true,"href":"https:\/\/magiiik.netstory.com.pl\/index.php?rest_route=%2Fwp%2Fv2%2Fproduct_cat&post=8119"},{"taxonomy":"product_tag","embeddable":true,"href":"https:\/\/magiiik.netstory.com.pl\/index.php?rest_route=%2Fwp%2Fv2%2Fproduct_tag&post=8119"}],"curies":[{"name":"wp","href":"https:\/\/api.w.org\/{rel}","templated":true}]}}