{"id":8092,"date":"2025-09-19T13:13:36","date_gmt":"2025-09-19T11:13:36","guid":{"rendered":"https:\/\/magiiik.netstory.com.pl\/produkt\/carbone-by-patrick-kun-download\/"},"modified":"2025-09-19T13:13:49","modified_gmt":"2025-09-19T11:13:49","slug":"carbone-by-patrick-kun-download","status":"publish","type":"product","link":"https:\/\/magiiik.netstory.com.pl\/?product=carbone-by-patrick-kun-download","title":{"rendered":"Carbon\u00e9 by Patrick Kun DOWNLOAD"},"content":{"rendered":"<p style=\"text-align: center;\"><span style=\"font-size: 14pt;\">Z g\u0142owy <strong>Patrick<\/strong>&#8217;a <strong>Kun<\/strong>&#8217;a pochodzi wyj\u0105tkowa, bardzo wizualna rutyna, z udzia\u0142em podpisanej przez widza karty\u00a0i 2 Joker\u00f3w. To\u00a0<strong>Carbon\u00e9<\/strong>&#8230;<\/span><\/p>\n<p style=\"text-align: center;\"><span style=\"font-size: 12pt;\">Wyjmujesz z talii 2 Jokery i k\u0142adziesz je na st\u00f3\u0142. Widz wybiera kart\u0119 i podpisuje si\u0119 na niej, nast\u0119pnie chowasz j\u0105 wewn\u0105trz talii. Wystarczy moment aby wybrana karta przenios\u0142a si\u0119 mi\u0119dzy dwa Jokery! Rozsuwasz je, a ku oczom zaskoczonego widza ukazuje si\u0119 podpisana przez niego karta!\u00a0<\/span><\/p>\n<p style=\"text-align: center;\"><span style=\"font-size: 12pt;\">W tym 20 minutowym video <strong>Patrick Kun<\/strong> poka\u017ce i nauczy Ci\u0119, jak wykona\u0107 ten trick.<\/span><\/p>\n<p style=\"text-align: center;\">\u00a0<\/p>\n<p style=\"text-align: center;\"><span style=\"font-size: 12pt;\"><iframe loading=\"lazy\" src=\"\/\/www.youtube.com\/embed\/xIgq09qmGIo\" width=\"425\" height=\"350\"><\/iframe><\/span><\/p>\n<p style=\"text-align: center;\">\u00a0<\/p>\n<p>\u00a0<\/p>\n<p><strong><span style=\"font-size: 12pt;\">Polecamy,<\/span><\/strong><\/p>\n<p><strong><span style=\"font-size: 12pt;\">magiiik.pl<\/span><\/strong><\/p>\n<p>\u00a0<\/p>\n<p><strong>UWAGA!<\/strong><\/p>\n<p>J\u0119zyk angielski<\/p>\n<p>Wersja DOWNLOAD<\/p>\n","protected":false},"excerpt":{"rendered":"<p><strong>Carbon\u00e9 by Patrick Kun<\/strong><\/p>\n","protected":false},"featured_media":8093,"comment_status":"closed","ping_status":"open","template":"","meta":[],"product_brand":[],"product_cat":[55],"product_tag":[],"class_list":{"0":"post-8092","1":"product","2":"type-product","3":"status-publish","4":"has-post-thumbnail","6":"product_cat-ksiazki-dvd-download-downloads","8":"first","9":"instock","10":"purchasable","11":"product-type-simple"},"_links":{"self":[{"href":"https:\/\/magiiik.netstory.com.pl\/index.php?rest_route=\/wp\/v2\/product\/8092","targetHints":{"allow":["GET"]}}],"collection":[{"href":"https:\/\/magiiik.netstory.com.pl\/index.php?rest_route=\/wp\/v2\/product"}],"about":[{"href":"https:\/\/magiiik.netstory.com.pl\/index.php?rest_route=\/wp\/v2\/types\/product"}],"replies":[{"embeddable":true,"href":"https:\/\/magiiik.netstory.com.pl\/index.php?rest_route=%2Fwp%2Fv2%2Fcomments&post=8092"}],"wp:featuredmedia":[{"embeddable":true,"href":"https:\/\/magiiik.netstory.com.pl\/index.php?rest_route=\/wp\/v2\/media\/8093"}],"wp:attachment":[{"href":"https:\/\/magiiik.netstory.com.pl\/index.php?rest_route=%2Fwp%2Fv2%2Fmedia&parent=8092"}],"wp:term":[{"taxonomy":"product_brand","embeddable":true,"href":"https:\/\/magiiik.netstory.com.pl\/index.php?rest_route=%2Fwp%2Fv2%2Fproduct_brand&post=8092"},{"taxonomy":"product_cat","embeddable":true,"href":"https:\/\/magiiik.netstory.com.pl\/index.php?rest_route=%2Fwp%2Fv2%2Fproduct_cat&post=8092"},{"taxonomy":"product_tag","embeddable":true,"href":"https:\/\/magiiik.netstory.com.pl\/index.php?rest_route=%2Fwp%2Fv2%2Fproduct_tag&post=8092"}],"curies":[{"name":"wp","href":"https:\/\/api.w.org\/{rel}","templated":true}]}}