{"id":8090,"date":"2025-09-19T13:13:36","date_gmt":"2025-09-19T11:13:36","guid":{"rendered":"https:\/\/magiiik.netstory.com.pl\/produkt\/at-the-table-live-lecture-sezon-3\/"},"modified":"2025-09-19T13:13:49","modified_gmt":"2025-09-19T11:13:49","slug":"at-the-table-live-lecture-sezon-3","status":"publish","type":"product","link":"https:\/\/magiiik.netstory.com.pl\/?product=at-the-table-live-lecture-sezon-3","title":{"rendered":"At The Table Live Lecture &#8211; SEZON 3"},"content":{"rendered":"<p style=\"font-size: 12px; font-family: Tahoma, Arial, sans-serif; text-align: center;\"><span style=\"font-size: 14pt;\"><strong>At The Table SEZON 3!<\/strong>\u00a0<\/span><\/p>\n<p style=\"font-size: 12px; font-family: Tahoma, Arial, sans-serif; text-align: center;\"><span style=\"font-size: 14pt;\">Dalej utrzymujemy si\u0119 w standardzie &#8211; szkolenie CO TYDZIE\u0143! \ud83d\ude42<\/span><\/p>\n<p style=\"font-size: 12px; font-family: Tahoma, Arial, sans-serif;\">\u00a0<\/p>\n<p style=\"font-size: 12px; font-family: Tahoma, Arial, sans-serif; text-align: center;\"><span style=\"font-size: 14pt;\"><strong>4 ekskluzywne i niesamowite wyk\u0142ady ju\u017c w sierpniu!<\/strong><\/span><\/p>\n<p style=\"font-size: 12px; font-family: Tahoma, Arial, sans-serif; text-align: center;\"><span style=\"font-size: 14pt;\">\u00a0<\/span><\/p>\n<p style=\"font-size: 12px; font-family: Tahoma, Arial, sans-serif; text-align: center;\"><span style=\"font-size: 14pt;\"><strong>TERAZ<\/strong>\u00a0mo\u017cesz wykupi\u0107\u00a0bilet za jedyne <strong>150 z\u0142.<\/strong>\u00a0i uczestniczy\u0107 we wszystkich 4 wyk\u0142adach oraz zosta\u0107\u00a0<strong>VIP<\/strong>&#8217;em!\u00a0<\/span><\/p>\n<p style=\"font-size: 12px; font-family: Tahoma, Arial, sans-serif; text-align: center;\"><span style=\"font-size: 14pt;\">\u00a0<\/span><\/p>\n<p style=\"font-size: 12px; font-family: Tahoma, Arial, sans-serif; text-align: center;\"><span style=\"font-size: 14pt;\"><strong>Co to oznacza &#8222;zosta\u0107 VIP&#8217;em&#8221;?<\/strong><\/span><\/p>\n<p style=\"font-size: 12px; font-family: Tahoma, Arial, sans-serif; text-align: center;\"><span style=\"font-size: 14pt;\"><strong>Oznacza to, \u017ce wszystkie 4 wyk\u0142ady dostaniesz za cen\u0119 2!\u00a0<\/strong><\/span><\/p>\n<p style=\"font-size: 12px; font-family: Tahoma, Arial, sans-serif;\">\u00a0<\/p>\n<p style=\"font-size: 12px; font-family: Tahoma, Arial, sans-serif;\"><span style=\"font-size: 14pt;\"><strong>Kogo zobaczymy w SEZONIE TRZECIM?<\/strong><\/span><\/p>\n<p style=\"font-size: 12px; font-family: Tahoma, Arial, sans-serif;\"><span style=\"font-size: large;\"><span style=\"font-size: 12px;\"><span style=\"font-size: medium;\"><strong>*KARL HEIN<\/strong> &#8211; nie jest obcy w sztuce iluzji! Znany nie od dzi\u015b na ca\u0142ym \u015bwiecie ze swoich niebanalnych umiej\u0119tno\u015bci wykonywania mistrzowskich trick\u00f3w z kartami! <strong>Karl<\/strong> przedstawi wyk\u0142ad, kt\u00f3ry b\u0119dzie poni\u017cej pasa! W swojej karierze przedstawi\u0142 ponad 100 wybitnych seminari\u00f3w w ponad 15 krajach! Przedstawi procedury i techniki nie tylko dla pocz\u0105tkuj\u0105cych, ale i dla profesjonalnych magik\u00f3w! B\u0119dzie to \u015bwietny wyk\u0142ad, kt\u00f3rego nie mo\u017cna przegapi\u0107, tym bardziej, je\u015bli jeste\u015b mi\u0142o\u015bnikiem magii karcianej!<\/span><\/span><\/span><\/p>\n<p style=\"font-size: 12px; font-family: Tahoma, Arial, sans-serif;\"><span style=\"font-size: large;\"><span style=\"font-size: 12px;\"><span style=\"font-size: medium;\"><strong>*KOSTYA KIMLAT<\/strong> &#8211; magia tego cz\u0142owieka jest tak samo wyj\u0105tkowa, jak Jego imi\u0119! Stworzy\u0142 On jedne z najlepszych efekt\u00f3w wizualnych w magii! B\u0119dzie to wyk\u0142ad, jakiego nigdy wcze\u015bniej nie widzia\u0142e\u015b! To b\u0119d\u0105 pe\u0142ne 2 godziny trick\u00f3w, kt\u00f3re mo\u017cesz zobaczy\u0107 TYLKO w <strong>At The Table!<\/strong><\/span><\/span><\/span><\/p>\n<p style=\"font-size: 12px; font-family: Tahoma, Arial, sans-serif;\"><span style=\"font-size: large;\"><span style=\"font-size: 12px;\"><span style=\"font-size: medium;\"><strong>*SHIN LIM<\/strong> &#8211; co mo\u017cna powiedzie\u0107 o tym cz\u0142owieku, co jeszcze nie zosta\u0142o powiedziane? Zwyci\u0119zca tegorocznego<strong> FISM Ameryki P\u00f3\u0142nocnej!<\/strong> Ten facet jest niesamowity na wielu poziomach! Tworzy jedne z najbardziej wizualnych i pi\u0119knych efekt\u00f3w magicznych, jakie kiedykolwiek ujrza\u0142y oczy ludzkie! <strong>&#8222;The Swich&#8221;<\/strong>, <strong>&#8222;iClear&#8221;<\/strong>, <strong>&#8222;The Vanishing&#8221;<\/strong> i w ko\u0144cu <strong>&#8222;52 Shades of Red&#8221;<\/strong> to tricki, w kt\u00f3re po prostu nie mo\u017cna uwierzy\u0107! W swoim wyk\u0142adzie <strong>Shin<\/strong> zaprezentuje kilka swoich gimmik\u00f3w, podzieli si\u0119 materia\u0142em, kt\u00f3ry nie zosta\u0142 jeszcze wydany. <strong>Shin<\/strong> wykona r\u00f3wnie\u017c sw\u00f3j akt <strong>FISM<\/strong>, a nast\u0119pnie ujawni sekrety. To wyk\u0142ad, kt\u00f3rego nie mo\u017cna przegapi\u0107!<\/span><\/span><\/span><\/p>\n<p style=\"font-size: 12px; font-family: Tahoma, Arial, sans-serif;\"><span style=\"font-size: large;\"><span style=\"font-size: 12px;\"><span style=\"font-size: medium;\"><strong>*GREG WILSON<\/strong> &#8211; 2 razy zosta\u0142 zwyci\u0119zc\u0105 <strong>FISM!<\/strong> Zosta\u0142 okrzykni\u0119ty jako najbardziej tw\u00f3rczy mag w historii! Stworzy\u0142 najlepiej sprzedaj\u0105ce si\u0119 <strong>HITY<\/strong> takie, jak: <strong>&#8222;On The Spot&#8221;<\/strong>, <strong>&#8222;Hundy 500&#8221;<\/strong> oraz nowo wydany <strong>&#8222;Exact Change&#8221;<\/strong> i <strong>&#8222;Flesh Pen&#8221;!<\/strong> <strong>Greg<\/strong> ma wystarczaj\u0105co du\u017co materia\u0142u, aby obj\u0105\u0107 nim wszystkie gatunki mikro iluzji! W swoim wyk\u0142adzie skupi si\u0119 na swojej niesamowitej umiej\u0119tno\u015bci wykonywania trick\u00f3w z kartami, wyja\u015bni wszystkie mechanizmy, kt\u00f3re sprawiaj\u0105, \u017ce Jego pokazy s\u0105 tak niezapomniane!\u00a0<\/span><\/span><\/span><\/p>\n<p style=\"font-size: 12px; font-family: Tahoma, Arial, sans-serif;\">\u00a0<\/p>\n<p style=\"font-size: 12px; font-family: Tahoma, Arial, sans-serif;\">\u00a0<\/p>\n<p style=\"font-size: 12px; text-align: center;\"><span style=\"font-size: large;\">A teraz wyobra\u017a sobie, \u017ce mo\u017cesz uczestniczy\u0107 w tych magicznych wyk\u0142adach za jedyne\u00a0<strong><span style=\"font-size: 18px;\">37,50 z\u0142. za sztuk\u0119!<\/span><\/strong>\u00a0To nie iluzja, to rzeczywisto\u015b\u0107!\u00a0<\/span><\/p>\n<p style=\"font-size: 12px; font-family: Tahoma, Arial, sans-serif; text-align: center;\">\u00a0<\/p>\n<p style=\"font-size: 12px; text-align: center;\"><span style=\"font-size: large;\"><span style=\"font-size: 18px;\">Zosta\u0144 VIP&#8217;em ju\u017c DZISIAJ<\/span>, a otrzymasz &#8222;miejsce w pierwszym rz\u0119dzie&#8221; na wszystkie<strong> 4<\/strong> wyk\u0142ady\u00a0<span style=\"font-size: 18px;\">za jedyne <strong>150 z\u0142.!<\/strong><\/span><\/span><\/p>\n<p style=\"font-size: 12px; font-family: Tahoma, Arial, sans-serif; text-align: center;\">\u00a0<\/p>\n<p style=\"font-size: 12px; text-align: center;\"><span style=\"font-size: large;\">\u00a0<\/span><\/p>\n<p style=\"font-size: 12px; font-family: Tahoma, Arial, sans-serif; text-align: center;\">\u00a0<\/p>\n<p style=\"font-size: 12px; text-align: center;\"><strong><span style=\"font-size: large;\">POLECAMY,<\/span><\/strong><\/p>\n<p style=\"font-size: 12px; font-family: Tahoma, Arial, sans-serif; text-align: center;\">\u00a0<\/p>\n<p style=\"font-size: 12px; text-align: center;\"><strong><span style=\"font-size: large;\">magiiik.pl<\/span><\/strong><\/p>\n<p style=\"font-size: 12px; font-family: Tahoma, Arial, sans-serif; text-align: center;\">\u00a0<\/p>\n<p style=\"font-size: 12px; font-family: Tahoma, Arial, sans-serif; text-align: center;\">\u00a0<\/p>\n","protected":false},"excerpt":{"rendered":"<p><strong>At The Table &#8211; SEZON 3!<\/strong><\/p>\n","protected":false},"featured_media":8091,"comment_status":"closed","ping_status":"open","template":"","meta":[],"product_brand":[],"product_cat":[50],"product_tag":[],"class_list":{"0":"post-8090","1":"product","2":"type-product","3":"status-publish","4":"has-post-thumbnail","6":"product_cat-ksiazki-dvd-download-downloads-at-the-table","8":"first","9":"instock","10":"purchasable","11":"product-type-simple"},"_links":{"self":[{"href":"https:\/\/magiiik.netstory.com.pl\/index.php?rest_route=\/wp\/v2\/product\/8090","targetHints":{"allow":["GET"]}}],"collection":[{"href":"https:\/\/magiiik.netstory.com.pl\/index.php?rest_route=\/wp\/v2\/product"}],"about":[{"href":"https:\/\/magiiik.netstory.com.pl\/index.php?rest_route=\/wp\/v2\/types\/product"}],"replies":[{"embeddable":true,"href":"https:\/\/magiiik.netstory.com.pl\/index.php?rest_route=%2Fwp%2Fv2%2Fcomments&post=8090"}],"wp:featuredmedia":[{"embeddable":true,"href":"https:\/\/magiiik.netstory.com.pl\/index.php?rest_route=\/wp\/v2\/media\/8091"}],"wp:attachment":[{"href":"https:\/\/magiiik.netstory.com.pl\/index.php?rest_route=%2Fwp%2Fv2%2Fmedia&parent=8090"}],"wp:term":[{"taxonomy":"product_brand","embeddable":true,"href":"https:\/\/magiiik.netstory.com.pl\/index.php?rest_route=%2Fwp%2Fv2%2Fproduct_brand&post=8090"},{"taxonomy":"product_cat","embeddable":true,"href":"https:\/\/magiiik.netstory.com.pl\/index.php?rest_route=%2Fwp%2Fv2%2Fproduct_cat&post=8090"},{"taxonomy":"product_tag","embeddable":true,"href":"https:\/\/magiiik.netstory.com.pl\/index.php?rest_route=%2Fwp%2Fv2%2Fproduct_tag&post=8090"}],"curies":[{"name":"wp","href":"https:\/\/api.w.org\/{rel}","templated":true}]}}