{"id":8088,"date":"2025-09-19T13:13:36","date_gmt":"2025-09-19T11:13:36","guid":{"rendered":"https:\/\/magiiik.netstory.com.pl\/produkt\/foresight-by-oliver-smith-i-sansminds\/"},"modified":"2025-09-19T13:13:48","modified_gmt":"2025-09-19T11:13:48","slug":"foresight-by-oliver-smith-i-sansminds","status":"publish","type":"product","link":"https:\/\/magiiik.netstory.com.pl\/?product=foresight-by-oliver-smith-i-sansminds","title":{"rendered":"Foresight by Oliver Smith i SansMinds"},"content":{"rendered":"<p style=\"text-align: center;\"><span style=\"font-size: 12pt;\">Je\u015bli <strong>mentalizm<\/strong> to Twoja dziedzina w iluzji, to musisz mie\u0107 ten trick!<\/span><\/p>\n<p style=\"text-align: center;\"><span style=\"font-size: 12pt;\"><strong>FORESIGHT<\/strong> to pot\u0119\u017cna magia po\u0142\u0105czona z mentalizmem stworzona przez <strong>Oliver<\/strong>&#8217;a <strong>Smith<\/strong>&#8217;a! Dla tych, kt\u00f3rzy kochaj\u0105 efekty wizualne, kt\u00f3re mo\u017cna zmie\u015bci\u0107 w portfelu i pokaza\u0107 wsz\u0119dzie, ten trick jest dla Was! Dzi\u0119ki niemu b\u0119dziecie mogli zbudowa\u0107 niesamowite napi\u0119cie i wywo\u0142a\u0107 osza\u0142amiaj\u0105ce wra\u017cenie na widzach!<\/span><\/p>\n<p>\u00a0<\/p>\n<p style=\"text-align: center;\"><iframe loading=\"lazy\" src=\"\/\/www.youtube.com\/embed\/henviOlEs1c\" width=\"425\" height=\"350\"><\/iframe><\/p>\n<p style=\"text-align: center;\">\u00a0<\/p>\n<p style=\"text-align: left;\"><strong>Polecamy,<\/strong><\/p>\n<p style=\"text-align: left;\"><strong>magiiik.pl<\/strong><\/p>\n<p>\u00a0<\/p>\n","protected":false},"excerpt":{"rendered":"<p><strong>Foresight by Oliver Smith i SansMinds\u00a0<\/strong><\/p>\n","protected":false},"featured_media":8089,"comment_status":"closed","ping_status":"open","template":"","meta":[],"product_brand":[],"product_cat":[54],"product_tag":[],"class_list":{"0":"post-8088","1":"product","2":"type-product","3":"status-publish","4":"has-post-thumbnail","6":"product_cat-ksiazki-dvd-download-sansminds","8":"first","9":"instock","10":"purchasable","11":"product-type-simple"},"_links":{"self":[{"href":"https:\/\/magiiik.netstory.com.pl\/index.php?rest_route=\/wp\/v2\/product\/8088","targetHints":{"allow":["GET"]}}],"collection":[{"href":"https:\/\/magiiik.netstory.com.pl\/index.php?rest_route=\/wp\/v2\/product"}],"about":[{"href":"https:\/\/magiiik.netstory.com.pl\/index.php?rest_route=\/wp\/v2\/types\/product"}],"replies":[{"embeddable":true,"href":"https:\/\/magiiik.netstory.com.pl\/index.php?rest_route=%2Fwp%2Fv2%2Fcomments&post=8088"}],"wp:featuredmedia":[{"embeddable":true,"href":"https:\/\/magiiik.netstory.com.pl\/index.php?rest_route=\/wp\/v2\/media\/8089"}],"wp:attachment":[{"href":"https:\/\/magiiik.netstory.com.pl\/index.php?rest_route=%2Fwp%2Fv2%2Fmedia&parent=8088"}],"wp:term":[{"taxonomy":"product_brand","embeddable":true,"href":"https:\/\/magiiik.netstory.com.pl\/index.php?rest_route=%2Fwp%2Fv2%2Fproduct_brand&post=8088"},{"taxonomy":"product_cat","embeddable":true,"href":"https:\/\/magiiik.netstory.com.pl\/index.php?rest_route=%2Fwp%2Fv2%2Fproduct_cat&post=8088"},{"taxonomy":"product_tag","embeddable":true,"href":"https:\/\/magiiik.netstory.com.pl\/index.php?rest_route=%2Fwp%2Fv2%2Fproduct_tag&post=8088"}],"curies":[{"name":"wp","href":"https:\/\/api.w.org\/{rel}","templated":true}]}}