{"id":8086,"date":"2025-09-19T13:13:36","date_gmt":"2025-09-19T11:13:36","guid":{"rendered":"https:\/\/magiiik.netstory.com.pl\/produkt\/propel-by-rizki-nanda-i-sansminds\/"},"modified":"2025-09-19T13:13:48","modified_gmt":"2025-09-19T11:13:48","slug":"propel-by-rizki-nanda-i-sansminds","status":"publish","type":"product","link":"https:\/\/magiiik.netstory.com.pl\/?product=propel-by-rizki-nanda-i-sansminds","title":{"rendered":"PROPEL by Rizki Nanda i SansMinds"},"content":{"rendered":"<p style=\"text-align: center;\"><span style=\"font-size: 12pt;\">Magia <strong>SansMinds<\/strong> wprowadza kolejny nieziemski trick &#8211; <strong>PROPEL<\/strong> &#8211; zwariowany efekt wizualny a\u017c z Indonezji!<\/span><\/p>\n<p style=\"text-align: center;\"><span style=\"font-size: 12pt;\">Iluzjonista rysuje sharpiem zwyk\u0142\u0105 kropk\u0119 na palcu&#8230; Na oczach wszystkich kropka zaczyna si\u0119 porusza\u0107 i przemieszcza\u0107 na inne palce, a nawet na drug\u0105 d\u0142o\u0144! Widzowie b\u0119d\u0105 ca\u0142kowicie zaskoczeni, tym bardziej \u017ce ka\u017cdy na koniec mo\u017ce sprawdzi\u0107 kropk\u0119!<\/span><\/p>\n<p style=\"text-align: center;\"><strong>Genialny w po\u0142\u0105czeniu z trickiem SHARPIE by SansMinds!<\/strong><\/p>\n<p style=\"text-align: center;\"><strong><iframe loading=\"lazy\" src=\"\/\/www.youtube.com\/embed\/GeQEFDkQOO4\" width=\"425\" height=\"350\"><\/iframe><\/strong><\/p>\n<p style=\"text-align: center;\">\u00a0<\/p>\n<p style=\"text-align: center;\">\u00a0<\/p>\n<p style=\"text-align: left;\"><strong>Polecamy,<\/strong><\/p>\n<p style=\"text-align: left;\"><strong>magiiik.pl<\/strong><\/p>\n<p style=\"text-align: center;\">\u00a0<\/p>\n<p>\u00a0<\/p>\n<p>\u00a0<\/p>\n<p>\u00a0<\/p>\n","protected":false},"excerpt":{"rendered":"<p><strong>PROPEL by Rizki Nanda i SansMinds\u00a0<\/strong><\/p>\n","protected":false},"featured_media":8087,"comment_status":"closed","ping_status":"open","template":"","meta":[],"product_brand":[],"product_cat":[54],"product_tag":[],"class_list":{"0":"post-8086","1":"product","2":"type-product","3":"status-publish","4":"has-post-thumbnail","6":"product_cat-ksiazki-dvd-download-sansminds","8":"first","9":"instock","10":"purchasable","11":"product-type-simple"},"_links":{"self":[{"href":"https:\/\/magiiik.netstory.com.pl\/index.php?rest_route=\/wp\/v2\/product\/8086","targetHints":{"allow":["GET"]}}],"collection":[{"href":"https:\/\/magiiik.netstory.com.pl\/index.php?rest_route=\/wp\/v2\/product"}],"about":[{"href":"https:\/\/magiiik.netstory.com.pl\/index.php?rest_route=\/wp\/v2\/types\/product"}],"replies":[{"embeddable":true,"href":"https:\/\/magiiik.netstory.com.pl\/index.php?rest_route=%2Fwp%2Fv2%2Fcomments&post=8086"}],"wp:featuredmedia":[{"embeddable":true,"href":"https:\/\/magiiik.netstory.com.pl\/index.php?rest_route=\/wp\/v2\/media\/8087"}],"wp:attachment":[{"href":"https:\/\/magiiik.netstory.com.pl\/index.php?rest_route=%2Fwp%2Fv2%2Fmedia&parent=8086"}],"wp:term":[{"taxonomy":"product_brand","embeddable":true,"href":"https:\/\/magiiik.netstory.com.pl\/index.php?rest_route=%2Fwp%2Fv2%2Fproduct_brand&post=8086"},{"taxonomy":"product_cat","embeddable":true,"href":"https:\/\/magiiik.netstory.com.pl\/index.php?rest_route=%2Fwp%2Fv2%2Fproduct_cat&post=8086"},{"taxonomy":"product_tag","embeddable":true,"href":"https:\/\/magiiik.netstory.com.pl\/index.php?rest_route=%2Fwp%2Fv2%2Fproduct_tag&post=8086"}],"curies":[{"name":"wp","href":"https:\/\/api.w.org\/{rel}","templated":true}]}}