{"id":8084,"date":"2025-09-19T13:13:36","date_gmt":"2025-09-19T11:13:36","guid":{"rendered":"https:\/\/magiiik.netstory.com.pl\/produkt\/twisted-queens-by-sansminds\/"},"modified":"2025-09-19T13:13:47","modified_gmt":"2025-09-19T11:13:47","slug":"twisted-queens-by-sansminds","status":"publish","type":"product","link":"https:\/\/magiiik.netstory.com.pl\/?product=twisted-queens-by-sansminds","title":{"rendered":"Twisted Queens by SansMinds"},"content":{"rendered":"<p style=\"text-align: center;\"><span style=\"font-size: 12pt;\"><strong>Twisted Queens<\/strong> to kolejny genialny efekt <strong>SansMinds!<\/strong><\/span><\/p>\n<p style=\"text-align: center;\"><span style=\"font-size: 12pt;\">Wyobra\u017a sobie, \u017ce rozrywasz kobiet\u0119 na strz\u0119py&#8230; Jak to b\u0119dzie wygl\u0105da\u0107&#8230;? Do\u015b\u0107 dramatyczny obraz, ale mo\u017cna j\u0105 przecie\u017c posk\u0142ada\u0107&#8230; Tylko, jak b\u0119dzie wygl\u0105da\u0107 po z\u0142o\u017ceniu w ca\u0142o\u015b\u0107&#8230;? \ud83d\ude09<\/span><\/p>\n<p style=\"text-align: center;\"><span style=\"font-size: 12pt;\"><strong>Twisted Queens<\/strong> to znacznie prostsze podej\u015bcie do tricku z podart\u0105 kart\u0105 i z\u0142o\u017ceniem jej ponownie, z tym, \u017ce po z\u0142o\u017ceniu otrzymujemy niewiarygodne reakcje widz\u00f3w po\u0142\u0105czone ze \u015bmiechem i wrzaskiem! \ud83d\ude42<\/span><\/p>\n<p style=\"text-align: center;\"><iframe loading=\"lazy\" src=\"\/\/www.youtube.com\/embed\/EVDwXWDIA00\" width=\"425\" height=\"350\"><\/iframe><\/p>\n<p>\u00a0<\/p>\n<p><strong>Polecamy,<\/strong><\/p>\n<p><strong>magiiik.pl<\/strong><\/p>\n","protected":false},"excerpt":{"rendered":"<p><strong>Twisted Queens by SansMinds<\/strong><\/p>\n","protected":false},"featured_media":8085,"comment_status":"closed","ping_status":"open","template":"","meta":[],"product_brand":[],"product_cat":[54],"product_tag":[],"class_list":{"0":"post-8084","1":"product","2":"type-product","3":"status-publish","4":"has-post-thumbnail","6":"product_cat-ksiazki-dvd-download-sansminds","8":"first","9":"instock","10":"purchasable","11":"product-type-simple"},"_links":{"self":[{"href":"https:\/\/magiiik.netstory.com.pl\/index.php?rest_route=\/wp\/v2\/product\/8084","targetHints":{"allow":["GET"]}}],"collection":[{"href":"https:\/\/magiiik.netstory.com.pl\/index.php?rest_route=\/wp\/v2\/product"}],"about":[{"href":"https:\/\/magiiik.netstory.com.pl\/index.php?rest_route=\/wp\/v2\/types\/product"}],"replies":[{"embeddable":true,"href":"https:\/\/magiiik.netstory.com.pl\/index.php?rest_route=%2Fwp%2Fv2%2Fcomments&post=8084"}],"wp:featuredmedia":[{"embeddable":true,"href":"https:\/\/magiiik.netstory.com.pl\/index.php?rest_route=\/wp\/v2\/media\/8085"}],"wp:attachment":[{"href":"https:\/\/magiiik.netstory.com.pl\/index.php?rest_route=%2Fwp%2Fv2%2Fmedia&parent=8084"}],"wp:term":[{"taxonomy":"product_brand","embeddable":true,"href":"https:\/\/magiiik.netstory.com.pl\/index.php?rest_route=%2Fwp%2Fv2%2Fproduct_brand&post=8084"},{"taxonomy":"product_cat","embeddable":true,"href":"https:\/\/magiiik.netstory.com.pl\/index.php?rest_route=%2Fwp%2Fv2%2Fproduct_cat&post=8084"},{"taxonomy":"product_tag","embeddable":true,"href":"https:\/\/magiiik.netstory.com.pl\/index.php?rest_route=%2Fwp%2Fv2%2Fproduct_tag&post=8084"}],"curies":[{"name":"wp","href":"https:\/\/api.w.org\/{rel}","templated":true}]}}