{"id":8082,"date":"2025-09-19T13:13:36","date_gmt":"2025-09-19T11:13:36","guid":{"rendered":"https:\/\/magiiik.netstory.com.pl\/produkt\/the-vanishing-by-shin-lim\/"},"modified":"2025-09-19T13:13:46","modified_gmt":"2025-09-19T11:13:46","slug":"the-vanishing-by-shin-lim","status":"publish","type":"product","link":"https:\/\/magiiik.netstory.com.pl\/?product=the-vanishing-by-shin-lim","title":{"rendered":"The Vanishing by Shin Lim"},"content":{"rendered":"<h1 class=\"ProductTitle\" style=\"color: #444444; font-size: 14pt; font-family: 'Segoe UI', Arial, Helvetica, sans-serif;\">\u00a0<\/h1>\n<h1 class=\"ProductTitle\" style=\"color: #444444; font-size: 14pt; font-family: 'Segoe UI', Arial, Helvetica, sans-serif;\"><strong><span id=\"ctl00_Content_Title\" style=\"font-size: 12pt;\"><em>The Vanishing by Shin Lim<\/em> &#8211;<\/span><\/strong><span id=\"ctl00_Content_Title\" style=\"font-size: 12pt;\"> to urz\u0105dzenie, kt\u00f3re pozwoli Ci robi\u0107 cuda, je\u015bli chodzi o znikanie drobnych przedmiot\u00f3w, b\u0105d\u017a przemieszczanie ich z jednego miejsca do drugiego! Jest lekkie w przenoszeniu i mo\u017cna je zmie\u015bci\u0107 w portfelu. Nie jest potrzebna specjalna odzie\u017c. Mo\u017cesz wykonywa\u0107 ten trick nawet nago, je\u015bli tylko chcesz \ud83d\ude42<\/span><\/h1>\n<p>1. Iluzjonista po\u017cycza od widza drobny przedmiot &#8211; monet\u0119, pier\u015bcionek, itd. K\u0142adzie na d\u0142oni i sprawia, \u017ce ten rozp\u0142ywa si\u0119 w powietrzu, bez zb\u0119dnych gest\u00f3w, ruch\u00f3w! Widz mo\u017ce dotkn\u0105\u0107 Twoj\u0105 d\u0142o\u0144, nic tam nie ma! Mo\u017cesz zako\u0144czy\u0107 na tym sw\u00f3j pokaz, b\u0105d\u017a sprawi\u0107, aby przedmiot ponownie si\u0119 pojawi\u0142.<\/p>\n<p>2. Iluzjonista po\u017cycza od widza pude\u0142ko Tic Tak\u00f3w. Ka\u017cdy widzi, \u017ce cukierek jest w \u015brodku pude\u0142ka. Magik sprawia, \u017ce w mgnieniu oka przenika przez jego dno i wpada do d\u0142oni maga! Wszystko mo\u017cna natychmiast da\u0107 do zbadania widzowi.<\/p>\n<p>3. Iluzjonista bierze kubeczek i prosi od widza banknot, kt\u00f3ry zgniata w kulk\u0119. Umieszcza j\u0105 pod kubkiem. Bez ruchu, tylko pstrykni\u0119cie palcami i pi\u0142eczki nie ma&#8230;\u00a0<\/p>\n<p>\u00a0<\/p>\n<p style=\"text-align: center;\"><iframe loading=\"lazy\" src=\"\/\/www.youtube.com\/embed\/8U90rwWIdgg\" width=\"425\" height=\"350\"><\/iframe><\/p>\n<p>\u00a0<\/p>\n<p style=\"text-align: center;\">\u00a0<\/p>\n<p>Polecamy,<\/p>\n<p>magiiik.pl<\/p>\n","protected":false},"excerpt":{"rendered":"<p><strong>The Vanishing by Shin Lim<\/strong><\/p>\n","protected":false},"featured_media":8083,"comment_status":"closed","ping_status":"open","template":"","meta":[],"product_brand":[],"product_cat":[53],"product_tag":[],"class_list":{"0":"post-8082","1":"product","2":"type-product","3":"status-publish","4":"has-post-thumbnail","6":"product_cat-mikro-iluzja-close-up","8":"first","9":"instock","10":"purchasable","11":"product-type-simple"},"_links":{"self":[{"href":"https:\/\/magiiik.netstory.com.pl\/index.php?rest_route=\/wp\/v2\/product\/8082","targetHints":{"allow":["GET"]}}],"collection":[{"href":"https:\/\/magiiik.netstory.com.pl\/index.php?rest_route=\/wp\/v2\/product"}],"about":[{"href":"https:\/\/magiiik.netstory.com.pl\/index.php?rest_route=\/wp\/v2\/types\/product"}],"replies":[{"embeddable":true,"href":"https:\/\/magiiik.netstory.com.pl\/index.php?rest_route=%2Fwp%2Fv2%2Fcomments&post=8082"}],"wp:featuredmedia":[{"embeddable":true,"href":"https:\/\/magiiik.netstory.com.pl\/index.php?rest_route=\/wp\/v2\/media\/8083"}],"wp:attachment":[{"href":"https:\/\/magiiik.netstory.com.pl\/index.php?rest_route=%2Fwp%2Fv2%2Fmedia&parent=8082"}],"wp:term":[{"taxonomy":"product_brand","embeddable":true,"href":"https:\/\/magiiik.netstory.com.pl\/index.php?rest_route=%2Fwp%2Fv2%2Fproduct_brand&post=8082"},{"taxonomy":"product_cat","embeddable":true,"href":"https:\/\/magiiik.netstory.com.pl\/index.php?rest_route=%2Fwp%2Fv2%2Fproduct_cat&post=8082"},{"taxonomy":"product_tag","embeddable":true,"href":"https:\/\/magiiik.netstory.com.pl\/index.php?rest_route=%2Fwp%2Fv2%2Fproduct_tag&post=8082"}],"curies":[{"name":"wp","href":"https:\/\/api.w.org\/{rel}","templated":true}]}}