{"id":8069,"date":"2025-09-19T13:13:36","date_gmt":"2025-09-19T11:13:36","guid":{"rendered":"https:\/\/magiiik.netstory.com.pl\/produkt\/sponge-balls-gabczaki-15-35-cm-supersoft-by-gosh\/"},"modified":"2025-09-19T13:13:43","modified_gmt":"2025-09-19T11:13:43","slug":"sponge-balls-gabczaki-15-35-cm-supersoft-by-gosh","status":"publish","type":"product","link":"https:\/\/magiiik.netstory.com.pl\/?product=sponge-balls-gabczaki-15-35-cm-supersoft-by-gosh","title":{"rendered":"Sponge Balls &#8211; G\u0105bczaki 1,5&#8243; 3,5 cm (SUPERSOFT) by Gosh"},"content":{"rendered":"<p><span style=\"font-size: 12pt; font-family: arial, helvetica, sans-serif;\"><strong>Kolory do wyboru:<\/strong> zielony, czerwony, pomara\u0144czowy, \u017c\u00f3\u0142ty.<\/span><\/p>\n","protected":false},"excerpt":{"rendered":"<p><strong>Sponge Balls &#8211; G\u0105bczaki 1,5&#8243; 3,5 cm (SUPERSOFT) by Gosh<\/strong><\/p>\n","protected":false},"featured_media":8070,"comment_status":"closed","ping_status":"open","template":"","meta":[],"product_brand":[],"product_cat":[33],"product_tag":[],"class_list":{"0":"post-8069","1":"product","2":"type-product","3":"status-publish","4":"has-post-thumbnail","6":"product_cat-akcesoria-sponge-gabczaki","8":"first","9":"instock","10":"purchasable","11":"product-type-simple"},"_links":{"self":[{"href":"https:\/\/magiiik.netstory.com.pl\/index.php?rest_route=\/wp\/v2\/product\/8069","targetHints":{"allow":["GET"]}}],"collection":[{"href":"https:\/\/magiiik.netstory.com.pl\/index.php?rest_route=\/wp\/v2\/product"}],"about":[{"href":"https:\/\/magiiik.netstory.com.pl\/index.php?rest_route=\/wp\/v2\/types\/product"}],"replies":[{"embeddable":true,"href":"https:\/\/magiiik.netstory.com.pl\/index.php?rest_route=%2Fwp%2Fv2%2Fcomments&post=8069"}],"wp:featuredmedia":[{"embeddable":true,"href":"https:\/\/magiiik.netstory.com.pl\/index.php?rest_route=\/wp\/v2\/media\/8070"}],"wp:attachment":[{"href":"https:\/\/magiiik.netstory.com.pl\/index.php?rest_route=%2Fwp%2Fv2%2Fmedia&parent=8069"}],"wp:term":[{"taxonomy":"product_brand","embeddable":true,"href":"https:\/\/magiiik.netstory.com.pl\/index.php?rest_route=%2Fwp%2Fv2%2Fproduct_brand&post=8069"},{"taxonomy":"product_cat","embeddable":true,"href":"https:\/\/magiiik.netstory.com.pl\/index.php?rest_route=%2Fwp%2Fv2%2Fproduct_cat&post=8069"},{"taxonomy":"product_tag","embeddable":true,"href":"https:\/\/magiiik.netstory.com.pl\/index.php?rest_route=%2Fwp%2Fv2%2Fproduct_tag&post=8069"}],"curies":[{"name":"wp","href":"https:\/\/api.w.org\/{rel}","templated":true}]}}