{"id":8062,"date":"2025-09-19T13:13:36","date_gmt":"2025-09-19T11:13:36","guid":{"rendered":"https:\/\/magiiik.netstory.com.pl\/produkt\/magnetic-boon-writer-rysik-2mm\/"},"modified":"2025-09-19T13:13:41","modified_gmt":"2025-09-19T11:13:41","slug":"magnetic-boon-writer-rysik-2mm","status":"publish","type":"product","link":"https:\/\/magiiik.netstory.com.pl\/?product=magnetic-boon-writer-rysik-2mm","title":{"rendered":"Magnetic Boon Writer (rysik 2mm)"},"content":{"rendered":"<p style=\"text-align: center;\"><span style=\"font-size: 12pt;\">Magnetyczny model <strong>Boon<\/strong> zosta\u0142 zaprojektowany i wykonany w spos\u00f3b specjalny.<\/span><\/p>\n<p style=\"text-align: center;\"><span style=\"font-size: 12pt;\">Po wielu latach profesjonalnych wyst\u0119p\u00f3w przed publiczno\u015bci\u0105, jak r\u00f3wnie\u017c w zwyk\u0142ych spektaklach stworzyli\u015bmy doskona\u0142y uchwyt dla <strong>Boon Writer.<\/strong><\/span><\/p>\n<p>\u00a0<\/p>\n<p><strong>W zestawie:<\/strong><br \/><strong>&#8211; 1 Boon rysik (magnetyczne) <\/strong><br \/><strong>&#8211; Instrukcja w j\u0119zyku angielskim i rutyna<\/strong><\/p>\n","protected":false},"excerpt":{"rendered":"<h1 class=\"ProductTitle\" style=\"color: #444444; font-size: 14pt; font-family: 'Segoe UI', Arial, Helvetica, sans-serif;\"><span id=\"ctl00_Content_Title\">Magnetic Boon Writer (rysik 2mm)<\/span><\/h1>\n","protected":false},"featured_media":8063,"comment_status":"closed","ping_status":"open","template":"","meta":[],"product_brand":[],"product_cat":[36],"product_tag":[],"class_list":{"0":"post-8062","1":"product","2":"type-product","3":"status-publish","4":"has-post-thumbnail","6":"product_cat-akcesoria-thumb-tip-kciuki","8":"first","9":"instock","10":"purchasable","11":"product-type-simple"},"_links":{"self":[{"href":"https:\/\/magiiik.netstory.com.pl\/index.php?rest_route=\/wp\/v2\/product\/8062","targetHints":{"allow":["GET"]}}],"collection":[{"href":"https:\/\/magiiik.netstory.com.pl\/index.php?rest_route=\/wp\/v2\/product"}],"about":[{"href":"https:\/\/magiiik.netstory.com.pl\/index.php?rest_route=\/wp\/v2\/types\/product"}],"replies":[{"embeddable":true,"href":"https:\/\/magiiik.netstory.com.pl\/index.php?rest_route=%2Fwp%2Fv2%2Fcomments&post=8062"}],"wp:featuredmedia":[{"embeddable":true,"href":"https:\/\/magiiik.netstory.com.pl\/index.php?rest_route=\/wp\/v2\/media\/8063"}],"wp:attachment":[{"href":"https:\/\/magiiik.netstory.com.pl\/index.php?rest_route=%2Fwp%2Fv2%2Fmedia&parent=8062"}],"wp:term":[{"taxonomy":"product_brand","embeddable":true,"href":"https:\/\/magiiik.netstory.com.pl\/index.php?rest_route=%2Fwp%2Fv2%2Fproduct_brand&post=8062"},{"taxonomy":"product_cat","embeddable":true,"href":"https:\/\/magiiik.netstory.com.pl\/index.php?rest_route=%2Fwp%2Fv2%2Fproduct_cat&post=8062"},{"taxonomy":"product_tag","embeddable":true,"href":"https:\/\/magiiik.netstory.com.pl\/index.php?rest_route=%2Fwp%2Fv2%2Fproduct_tag&post=8062"}],"curies":[{"name":"wp","href":"https:\/\/api.w.org\/{rel}","templated":true}]}}