{"id":8060,"date":"2025-09-19T13:13:36","date_gmt":"2025-09-19T11:13:36","guid":{"rendered":"https:\/\/magiiik.netstory.com.pl\/produkt\/mental-photo-deck-bicycle\/"},"modified":"2025-09-19T13:13:41","modified_gmt":"2025-09-19T11:13:41","slug":"mental-photo-deck-bicycle","status":"publish","type":"product","link":"https:\/\/magiiik.netstory.com.pl\/?product=mental-photo-deck-bicycle","title":{"rendered":"Mental Photo Deck Bicycle"},"content":{"rendered":"<p style=\"text-align: center;\"><span style=\"font-size: 12pt;\">Trick z tali\u0105 <strong>Mental Photo<\/strong> jest bardzo \u0142atwy w wykonaniu i nie wymaga \u017cadnych specjalnych umiej\u0119tno\u015bci!<\/span><\/p>\n<p style=\"text-align: center;\"><span style=\"font-size: 12pt;\">To niesamowita talia Bicycle, kt\u00f3ra pozwala w prosty spos\u00f3b wykona\u0107 cuda na oczach widz\u00f3w!<\/span><\/p>\n<p style=\"text-align: center;\"><strong><span style=\"font-size: 12pt;\">Efekt<\/span><\/strong><\/p>\n<p style=\"text-align: center;\"><span style=\"font-size: 12pt;\">Iluzjonista wyjmuje z pude\u0142ka dziwn\u0105 tali\u0119 kart &#8211; bez &#8222;twarzy&#8221; i bez koszulek, ka\u017cda karta z jednej i z drugiej strony jest bia\u0142a&#8230; W mgnieniu oka pojawiaj\u0105 si\u0119 postaci, figury i koszulki, aby po ponownej chwili zn\u00f3w zmieni\u0107 si\u0119 w karty blanko!\u00a0<\/span><\/p>\n<p>\u00a0<\/p>\n<p style=\"text-align: center;\"><strong><span style=\"font-size: 12pt;\">Talia zawiera dok\u0142adn\u0105 instrukcj\u0119 w j\u0119zyku angielskim.<\/span><\/strong><\/p>\n","protected":false},"excerpt":{"rendered":"<p><strong>Mental Photography Deck Bicycle<\/strong><\/p>\n","protected":false},"featured_media":8061,"comment_status":"closed","ping_status":"open","template":"","meta":[],"product_brand":[],"product_cat":[51],"product_tag":[],"class_list":{"0":"post-8060","1":"product","2":"type-product","3":"status-publish","4":"has-post-thumbnail","6":"product_cat-mikro-iluzja-close-up-karty-trickowe","8":"first","9":"instock","10":"purchasable","11":"product-type-simple"},"_links":{"self":[{"href":"https:\/\/magiiik.netstory.com.pl\/index.php?rest_route=\/wp\/v2\/product\/8060","targetHints":{"allow":["GET"]}}],"collection":[{"href":"https:\/\/magiiik.netstory.com.pl\/index.php?rest_route=\/wp\/v2\/product"}],"about":[{"href":"https:\/\/magiiik.netstory.com.pl\/index.php?rest_route=\/wp\/v2\/types\/product"}],"replies":[{"embeddable":true,"href":"https:\/\/magiiik.netstory.com.pl\/index.php?rest_route=%2Fwp%2Fv2%2Fcomments&post=8060"}],"wp:featuredmedia":[{"embeddable":true,"href":"https:\/\/magiiik.netstory.com.pl\/index.php?rest_route=\/wp\/v2\/media\/8061"}],"wp:attachment":[{"href":"https:\/\/magiiik.netstory.com.pl\/index.php?rest_route=%2Fwp%2Fv2%2Fmedia&parent=8060"}],"wp:term":[{"taxonomy":"product_brand","embeddable":true,"href":"https:\/\/magiiik.netstory.com.pl\/index.php?rest_route=%2Fwp%2Fv2%2Fproduct_brand&post=8060"},{"taxonomy":"product_cat","embeddable":true,"href":"https:\/\/magiiik.netstory.com.pl\/index.php?rest_route=%2Fwp%2Fv2%2Fproduct_cat&post=8060"},{"taxonomy":"product_tag","embeddable":true,"href":"https:\/\/magiiik.netstory.com.pl\/index.php?rest_route=%2Fwp%2Fv2%2Fproduct_tag&post=8060"}],"curies":[{"name":"wp","href":"https:\/\/api.w.org\/{rel}","templated":true}]}}