{"id":8058,"date":"2025-09-19T13:13:36","date_gmt":"2025-09-19T11:13:36","guid":{"rendered":"https:\/\/magiiik.netstory.com.pl\/produkt\/talia-mirage-bicycle\/"},"modified":"2025-09-19T13:13:40","modified_gmt":"2025-09-19T11:13:40","slug":"talia-mirage-bicycle","status":"publish","type":"product","link":"https:\/\/magiiik.netstory.com.pl\/?product=talia-mirage-bicycle","title":{"rendered":"Talia Mirage Bicycle"},"content":{"rendered":"<p style=\"text-align: center;\"><span style=\"font-size: 12pt;\">Trick z tali\u0105 <strong>Mirage<\/strong> jest bardzo \u0142atwy do wykonania i nie wymaga \u017cadnych specjalnych umiej\u0119tno\u015bci!<\/span><\/p>\n<p style=\"text-align: center;\"><span style=\"font-size: 12pt;\">Niesamowita talia Bicycle, kt\u00f3ra pozwala na wykonanie dowolnych trick\u00f3w, jak za pomoc\u0105 <strong>Svengali<\/strong>, jednak z t\u0105 r\u00f3\u017cnic\u0105, \u017ce pozwala nam pokaza\u0107, \u017ce wachlarz kart jest r\u00f3\u017cny.<\/span><\/p>\n<p style=\"text-align: center;\">\u00a0<\/p>\n<p style=\"text-align: center;\"><strong><span style=\"font-size: 12pt;\">Talia zawiera dok\u0142adn\u0105 instrukcj\u0119 w j\u0119zyku angielskim.<\/span><\/strong><\/p>\n<p>\u00a0<\/p>\n","protected":false},"excerpt":{"rendered":"<p><strong>Mirage Deck Bicycle<\/strong><\/p>\n","protected":false},"featured_media":8059,"comment_status":"closed","ping_status":"open","template":"","meta":[],"product_brand":[],"product_cat":[51],"product_tag":[],"class_list":{"0":"post-8058","1":"product","2":"type-product","3":"status-publish","4":"has-post-thumbnail","6":"product_cat-mikro-iluzja-close-up-karty-trickowe","8":"first","9":"instock","10":"purchasable","11":"product-type-simple"},"_links":{"self":[{"href":"https:\/\/magiiik.netstory.com.pl\/index.php?rest_route=\/wp\/v2\/product\/8058","targetHints":{"allow":["GET"]}}],"collection":[{"href":"https:\/\/magiiik.netstory.com.pl\/index.php?rest_route=\/wp\/v2\/product"}],"about":[{"href":"https:\/\/magiiik.netstory.com.pl\/index.php?rest_route=\/wp\/v2\/types\/product"}],"replies":[{"embeddable":true,"href":"https:\/\/magiiik.netstory.com.pl\/index.php?rest_route=%2Fwp%2Fv2%2Fcomments&post=8058"}],"wp:featuredmedia":[{"embeddable":true,"href":"https:\/\/magiiik.netstory.com.pl\/index.php?rest_route=\/wp\/v2\/media\/8059"}],"wp:attachment":[{"href":"https:\/\/magiiik.netstory.com.pl\/index.php?rest_route=%2Fwp%2Fv2%2Fmedia&parent=8058"}],"wp:term":[{"taxonomy":"product_brand","embeddable":true,"href":"https:\/\/magiiik.netstory.com.pl\/index.php?rest_route=%2Fwp%2Fv2%2Fproduct_brand&post=8058"},{"taxonomy":"product_cat","embeddable":true,"href":"https:\/\/magiiik.netstory.com.pl\/index.php?rest_route=%2Fwp%2Fv2%2Fproduct_cat&post=8058"},{"taxonomy":"product_tag","embeddable":true,"href":"https:\/\/magiiik.netstory.com.pl\/index.php?rest_route=%2Fwp%2Fv2%2Fproduct_tag&post=8058"}],"curies":[{"name":"wp","href":"https:\/\/api.w.org\/{rel}","templated":true}]}}