{"id":8042,"date":"2025-09-19T13:12:45","date_gmt":"2025-09-19T11:12:45","guid":{"rendered":"https:\/\/magiiik.netstory.com.pl\/produkt\/15-minut-at-the-table-test\/"},"modified":"2025-09-19T13:13:27","modified_gmt":"2025-09-19T11:13:27","slug":"15-minut-at-the-table-test","status":"publish","type":"product","link":"https:\/\/magiiik.netstory.com.pl\/?product=15-minut-at-the-table-test","title":{"rendered":"15 minut AT THE TABLE &#8211; TEST!"},"content":{"rendered":"<p><span style=\"font-size: 14pt;\"><strong>AT THE TABLE Live Lecture<\/strong><\/span><\/p>\n<p><strong><span style=\"font-size: 12pt;\">TERAZ \u00a0&#8211; Cz\u0119\u015bciej (raz w tygodniu) + wi\u0119cej sztuczek + wi\u0119cej zabawy + wielcy Arty\u015bci!<\/span><\/strong><\/p>\n<p style=\"text-align: center;\">Je\u015bli nie zdecydowa\u0142e\u015b si\u0119 na wykupienie biletu na <strong>AT THE TABLE<\/strong>, teraz dajemy Ci wspania\u0142\u0105 okazj\u0119, aby zobaczy\u0107 kawa\u0142ek tego, co si\u0119 dzia\u0142o,<\/p>\n<p style=\"text-align: center;\"><strong>za jedyne 5 z\u0142.!<\/strong><\/p>\n<p>\u00a0<\/p>\n<p><span style=\"font-size: 14pt;\"><strong>Za 5 z\u0142. otrzymasz:<\/strong><\/span><\/p>\n<p><strong><span style=\"font-size: 12pt;\">*Pierwsze 15 minut AT THE TABLE &#8211; Marcus Eddie!<\/span><\/strong><br \/><strong><span style=\"font-size: 12pt;\">*3 sztuczki!<\/span><\/strong><br \/><strong><span style=\"font-size: 12pt;\">*1 sekret!\u00a0<\/span><\/strong><\/p>\n<p>\u00a0<\/p>\n<p>To \u015bwietna okazja, aby bez ryzyka zobaczy\u0107, co przedstawia seria <strong>AT THE TABLE!<\/strong><\/p>\n<p><strong>Zapraszamy,<\/strong><\/p>\n<p><strong>magiiik.pl<\/strong><\/p>\n","protected":false},"excerpt":{"rendered":"<p>KAWA\u0141EK <strong>AT THE TABLE<\/strong> NA WYPR\u00d3BOWANIE!<\/p>\n","protected":false},"featured_media":8043,"comment_status":"closed","ping_status":"open","template":"","meta":[],"product_brand":[],"product_cat":[50],"product_tag":[],"class_list":{"0":"post-8042","1":"product","2":"type-product","3":"status-publish","4":"has-post-thumbnail","6":"product_cat-ksiazki-dvd-download-downloads-at-the-table","8":"first","9":"instock","10":"purchasable","11":"product-type-simple"},"_links":{"self":[{"href":"https:\/\/magiiik.netstory.com.pl\/index.php?rest_route=\/wp\/v2\/product\/8042","targetHints":{"allow":["GET"]}}],"collection":[{"href":"https:\/\/magiiik.netstory.com.pl\/index.php?rest_route=\/wp\/v2\/product"}],"about":[{"href":"https:\/\/magiiik.netstory.com.pl\/index.php?rest_route=\/wp\/v2\/types\/product"}],"replies":[{"embeddable":true,"href":"https:\/\/magiiik.netstory.com.pl\/index.php?rest_route=%2Fwp%2Fv2%2Fcomments&post=8042"}],"wp:featuredmedia":[{"embeddable":true,"href":"https:\/\/magiiik.netstory.com.pl\/index.php?rest_route=\/wp\/v2\/media\/8043"}],"wp:attachment":[{"href":"https:\/\/magiiik.netstory.com.pl\/index.php?rest_route=%2Fwp%2Fv2%2Fmedia&parent=8042"}],"wp:term":[{"taxonomy":"product_brand","embeddable":true,"href":"https:\/\/magiiik.netstory.com.pl\/index.php?rest_route=%2Fwp%2Fv2%2Fproduct_brand&post=8042"},{"taxonomy":"product_cat","embeddable":true,"href":"https:\/\/magiiik.netstory.com.pl\/index.php?rest_route=%2Fwp%2Fv2%2Fproduct_cat&post=8042"},{"taxonomy":"product_tag","embeddable":true,"href":"https:\/\/magiiik.netstory.com.pl\/index.php?rest_route=%2Fwp%2Fv2%2Fproduct_tag&post=8042"}],"curies":[{"name":"wp","href":"https:\/\/api.w.org\/{rel}","templated":true}]}}