{"id":8040,"date":"2025-09-19T13:12:45","date_gmt":"2025-09-19T11:12:45","guid":{"rendered":"https:\/\/magiiik.netstory.com.pl\/produkt\/perfekcyjne-znikniecie-by-tony-polli-download\/"},"modified":"2025-09-19T13:13:27","modified_gmt":"2025-09-19T11:13:27","slug":"perfekcyjne-znikniecie-by-tony-polli-download","status":"publish","type":"product","link":"https:\/\/magiiik.netstory.com.pl\/?product=perfekcyjne-znikniecie-by-tony-polli-download","title":{"rendered":"Perfekcyjne Znikni\u0119cie by Tony Polli DOWNLOAD"},"content":{"rendered":"<p style=\"text-align: center;\"><span style=\"font-size: 14pt;\">Magowie na ca\u0142ym \u015bwiecie poszukiwali techniki perfekcyjnego znikania od ponad 100 lat, kt\u00f3ra b\u0119dzie praktyczna, \u0142atwa, uniwersalna i niezwykle wizualna. By\u0142o to nie tylko trudne, ale w\u0142a\u015bciwie niemo\u017cliwe do odnalezienia. <\/span><\/p>\n<p style=\"text-align: center;\"><span style=\"font-size: 14pt;\">A\u017c do teraz!\u00a0<\/span><\/p>\n<p style=\"text-align: center;\"><span style=\"font-size: 14pt;\"><strong>Tony Polli<\/strong> pochodzi z W\u0142och, jest nagrodzonym MISTRZEM iluzji! Stworzy\u0142 technik\u0119 <strong>&#8222;The Perfect Vanish&#8221;<\/strong>, kt\u00f3r\u0105 mo\u017cesz pozna\u0107 ju\u017c dzi\u015b, kupuj\u0105c to video!<\/span><\/p>\n<p>\u00a0<\/p>\n<p><span style=\"font-size: 14pt;\"><strong>Czego nauczysz si\u0119 z tego video?<\/strong><\/span><\/p>\n<p><strong style=\"color: #444444; font-size: medium; font-family: 'Segoe UI', Arial, Helvetica, sans-serif;\">The Basic Vanish &#8211; <\/strong>Tony przedstawi Ci sekret dzia\u0142ania <strong>&#8222;Perfekcyjnego Znikni\u0119cia&#8221;<\/strong>. Poka\u017ce Ci wszystkie tajniki, kt\u00f3re sprawiaj\u0105, \u017ce ten trick jest tak wizualny i spektakularny.\u00a0<\/p>\n<p><strong style=\"color: #444444; font-size: medium; font-family: 'Segoe UI', Arial, Helvetica, sans-serif;\">The Multiple Vanish &#8211;\u00a0<\/strong>Mo\u017cesz wykona\u0107 znikni\u0119cie nie tylko jednej monety, lub ma\u0142ego przedmiotu, ale &#8222;wachlarz&#8221; z 3, lub 4 monet!\u00a0<\/p>\n<p><strong style=\"color: #444444; font-size: medium; font-family: 'Segoe UI', Arial, Helvetica, sans-serif;\">The Change &#8211;\u00a0<\/strong>Tony poka\u017ce Ci w szczeg\u00f3\u0142ach najbardziej praktyczne procedury zamiany! B\u0119dziesz potrafi\u0142 zmieni\u0107 monet\u0119 na inny, ma\u0142y przedmiot, jak pier\u015bcionek, inn\u0105 monet\u0119, b\u0105d\u017a nawet na banknot! Tony nauczy Ci\u0119 najbardziej profesjonalnych technik, kt\u00f3re b\u0119dziesz m\u00f3g\u0142 wprowadzi\u0107 do swojego repertuaru ju\u017c dzi\u015b!<\/p>\n<p><strong style=\"color: #444444; font-size: medium; font-family: 'Segoe UI', Arial, Helvetica, sans-serif;\">Thru The Table &#8211;\u00a0<\/strong>Wi\u0119kszo\u015b\u0107 magik\u00f3w pokazuje przenikni\u0119cie drobnych przedmiot\u00f3w przez st\u00f3\u0142. Tony poka\u017ce Ci najlepsz\u0105 wersj\u0119 tego tricku, jaka kiedykolwiek powsta\u0142a!\u00a0<\/p>\n<p>\u00a0<\/p>\n<p style=\"text-align: center;\">\u00a0<iframe loading=\"lazy\" src=\"\/\/www.youtube.com\/embed\/6crIuLvEuiU\" width=\"425\" height=\"350\"><\/iframe><\/p>\n<p>\u00a0<\/p>\n<p>\u00a0<\/p>\n<p><strong><span style=\"font-size: 12pt;\">Polecamy,<\/span><\/strong><\/p>\n<p><strong><span style=\"font-size: 12pt;\">magiiik.pl<\/span><\/strong><\/p>\n<p>\u00a0<\/p>\n<p><span style=\"font-size: 10pt;\">UWAGA!<\/span><\/p>\n<p><span style=\"font-size: 10pt;\">Wersja DOWNLOAD<\/span><\/p>\n<p><span style=\"font-size: 10pt;\">J\u0119zyk angielski<\/span><\/p>\n<p>\u00a0<\/p>\n<p>\u00a0<\/p>\n","protected":false},"excerpt":{"rendered":"<p><strong>The Perfect Vanish by Tony Polli<\/strong><\/p>\n","protected":false},"featured_media":8041,"comment_status":"closed","ping_status":"open","template":"","meta":[],"product_brand":[],"product_cat":[55],"product_tag":[],"class_list":{"0":"post-8040","1":"product","2":"type-product","3":"status-publish","4":"has-post-thumbnail","6":"product_cat-ksiazki-dvd-download-downloads","8":"first","9":"instock","10":"purchasable","11":"product-type-simple"},"_links":{"self":[{"href":"https:\/\/magiiik.netstory.com.pl\/index.php?rest_route=\/wp\/v2\/product\/8040","targetHints":{"allow":["GET"]}}],"collection":[{"href":"https:\/\/magiiik.netstory.com.pl\/index.php?rest_route=\/wp\/v2\/product"}],"about":[{"href":"https:\/\/magiiik.netstory.com.pl\/index.php?rest_route=\/wp\/v2\/types\/product"}],"replies":[{"embeddable":true,"href":"https:\/\/magiiik.netstory.com.pl\/index.php?rest_route=%2Fwp%2Fv2%2Fcomments&post=8040"}],"wp:featuredmedia":[{"embeddable":true,"href":"https:\/\/magiiik.netstory.com.pl\/index.php?rest_route=\/wp\/v2\/media\/8041"}],"wp:attachment":[{"href":"https:\/\/magiiik.netstory.com.pl\/index.php?rest_route=%2Fwp%2Fv2%2Fmedia&parent=8040"}],"wp:term":[{"taxonomy":"product_brand","embeddable":true,"href":"https:\/\/magiiik.netstory.com.pl\/index.php?rest_route=%2Fwp%2Fv2%2Fproduct_brand&post=8040"},{"taxonomy":"product_cat","embeddable":true,"href":"https:\/\/magiiik.netstory.com.pl\/index.php?rest_route=%2Fwp%2Fv2%2Fproduct_cat&post=8040"},{"taxonomy":"product_tag","embeddable":true,"href":"https:\/\/magiiik.netstory.com.pl\/index.php?rest_route=%2Fwp%2Fv2%2Fproduct_tag&post=8040"}],"curies":[{"name":"wp","href":"https:\/\/api.w.org\/{rel}","templated":true}]}}