{"id":8038,"date":"2025-09-19T13:12:45","date_gmt":"2025-09-19T11:12:45","guid":{"rendered":"https:\/\/magiiik.netstory.com.pl\/produkt\/flick-change-by-sansminds-download\/"},"modified":"2025-09-19T13:13:26","modified_gmt":"2025-09-19T11:13:26","slug":"flick-change-by-sansminds-download","status":"publish","type":"product","link":"https:\/\/magiiik.netstory.com.pl\/?product=flick-change-by-sansminds-download","title":{"rendered":"Flick Change by SansMinds DOWNLOAD"},"content":{"rendered":"<p style=\"text-align: center;\"><span style=\"font-size: 14pt;\"><strong>SansMinds<\/strong> wprowadza kolejny niezwyk\u0142y trick, kt\u00f3ry tym razem mo\u017cesz wykona\u0107 z u\u017cyciem Twojej czapki!<\/span><\/p>\n<p style=\"text-align: center;\"><span style=\"font-size: 14pt;\">A\u017c z Indii, <strong>D&#8217;Puck M&#8217;Shra<\/strong> stworzy\u0142 ten genialny efekt, kt\u00f3ry mo\u017cesz zaprezentowa\u0107 zawsze i wsz\u0119dzie, na luzie, w\u015br\u00f3d ludzi, kt\u00f3rzy b\u0119d\u0105 zdumieni i zszokowani!\u00a0<\/span><\/p>\n<p style=\"text-align: center;\">\u00a0<\/p>\n<p style=\"text-align: center;\"><span style=\"font-size: 14pt;\"><iframe loading=\"lazy\" src=\"\/\/www.youtube.com\/embed\/6okMVqY36sU\" width=\"425\" height=\"350\"><\/iframe><\/span><\/p>\n<p style=\"text-align: center;\">\u00a0<\/p>\n<p style=\"text-align: left;\"><strong><span style=\"font-size: 12pt;\">Polecamy,<\/span><\/strong><\/p>\n<p style=\"text-align: left;\"><strong><span style=\"font-size: 12pt;\">magiiik.pl<\/span><\/strong><\/p>\n<p style=\"text-align: left;\">\u00a0<\/p>\n<p style=\"text-align: left;\"><span style=\"font-size: 10pt;\">UWAGA!<\/span><\/p>\n<p style=\"text-align: left;\"><span style=\"font-size: 10pt;\">Wersja DOWNLOAD<\/span><\/p>\n<p style=\"text-align: left;\"><span style=\"font-size: 10pt;\">J\u0119zyk angielski<\/span><\/p>\n","protected":false},"excerpt":{"rendered":"<p><strong><span style=\"color: #444444; font-size: 19px; font-family: 'Segoe UI', Arial, Helvetica, sans-serif;\">Flick Change by Deepak Mishra and SansMinds\u00a0<\/span><\/strong><\/p>\n","protected":false},"featured_media":8039,"comment_status":"closed","ping_status":"open","template":"","meta":[],"product_brand":[],"product_cat":[55],"product_tag":[],"class_list":{"0":"post-8038","1":"product","2":"type-product","3":"status-publish","4":"has-post-thumbnail","6":"product_cat-ksiazki-dvd-download-downloads","8":"first","9":"instock","10":"purchasable","11":"product-type-simple"},"_links":{"self":[{"href":"https:\/\/magiiik.netstory.com.pl\/index.php?rest_route=\/wp\/v2\/product\/8038","targetHints":{"allow":["GET"]}}],"collection":[{"href":"https:\/\/magiiik.netstory.com.pl\/index.php?rest_route=\/wp\/v2\/product"}],"about":[{"href":"https:\/\/magiiik.netstory.com.pl\/index.php?rest_route=\/wp\/v2\/types\/product"}],"replies":[{"embeddable":true,"href":"https:\/\/magiiik.netstory.com.pl\/index.php?rest_route=%2Fwp%2Fv2%2Fcomments&post=8038"}],"wp:featuredmedia":[{"embeddable":true,"href":"https:\/\/magiiik.netstory.com.pl\/index.php?rest_route=\/wp\/v2\/media\/8039"}],"wp:attachment":[{"href":"https:\/\/magiiik.netstory.com.pl\/index.php?rest_route=%2Fwp%2Fv2%2Fmedia&parent=8038"}],"wp:term":[{"taxonomy":"product_brand","embeddable":true,"href":"https:\/\/magiiik.netstory.com.pl\/index.php?rest_route=%2Fwp%2Fv2%2Fproduct_brand&post=8038"},{"taxonomy":"product_cat","embeddable":true,"href":"https:\/\/magiiik.netstory.com.pl\/index.php?rest_route=%2Fwp%2Fv2%2Fproduct_cat&post=8038"},{"taxonomy":"product_tag","embeddable":true,"href":"https:\/\/magiiik.netstory.com.pl\/index.php?rest_route=%2Fwp%2Fv2%2Fproduct_tag&post=8038"}],"curies":[{"name":"wp","href":"https:\/\/api.w.org\/{rel}","templated":true}]}}