{"id":8036,"date":"2025-09-19T13:12:45","date_gmt":"2025-09-19T11:12:45","guid":{"rendered":"https:\/\/magiiik.netstory.com.pl\/produkt\/iv-by-shin-lim-download\/"},"modified":"2025-09-19T13:13:25","modified_gmt":"2025-09-19T11:13:25","slug":"iv-by-shin-lim-download","status":"publish","type":"product","link":"https:\/\/magiiik.netstory.com.pl\/?product=iv-by-shin-lim-download","title":{"rendered":"IV by Shin Lim DOWNLOAD"},"content":{"rendered":"<p style=\"text-align: center;\"><span style=\"font-size: large;\"><strong>IV<\/strong> jest to film przedstawiaj\u0105cy &#8222;produkcj\u0119 4 kart&#8221;, w 4 r\u00f3\u017cnych stylach&#8230;<\/span><\/p>\n<p>\u00a0<\/p>\n<p><span style=\"font-size: medium;\">I: Produkcja jednej karty.<\/span><\/p>\n<p><span style=\"font-size: medium;\">II: Produkcja 2 kart wykonana z r\u0119ki. Idealna do produkcji 2 joker\u00f3w na koniec rutyny.<\/span><\/p>\n<p><span style=\"font-size: medium;\">III: Produkcja 3 kart w bardzo spektakularny spos\u00f3b.<\/span><\/p>\n<p><span style=\"font-size: medium;\">IV: Produkcja 4 kart, tak wizualna, \u017ce jest niemal magiczna!<\/span><\/p>\n<p>\u00a0<\/p>\n<p><iframe loading=\"lazy\" src=\"http:\/\/www.youtube.com\/embed\/HaJUARXXgfw\" width=\"425\" height=\"350\" style=\"display: block; margin-left: auto; margin-right: auto;\" frameborder=\"0\"><\/iframe><\/p>\n<p>\u00a0<\/p>\n<p><strong>Polecamy,<\/strong><\/p>\n<p><strong>magiiik.pl<\/strong><\/p>\n<p>\u00a0<\/p>\n<p><strong>UWAGA!<\/strong><\/p>\n<p><strong>Wersja DOWNLOAD<\/strong><\/p>\n<p><strong>J\u0119zyk angielski<\/strong><\/p>\n","protected":false},"excerpt":{"rendered":"<p><strong>IV by Shin Lim<\/strong><\/p>\n","protected":false},"featured_media":8037,"comment_status":"closed","ping_status":"open","template":"","meta":[],"product_brand":[],"product_cat":[55],"product_tag":[],"class_list":{"0":"post-8036","1":"product","2":"type-product","3":"status-publish","4":"has-post-thumbnail","6":"product_cat-ksiazki-dvd-download-downloads","8":"first","9":"instock","10":"purchasable","11":"product-type-simple"},"_links":{"self":[{"href":"https:\/\/magiiik.netstory.com.pl\/index.php?rest_route=\/wp\/v2\/product\/8036","targetHints":{"allow":["GET"]}}],"collection":[{"href":"https:\/\/magiiik.netstory.com.pl\/index.php?rest_route=\/wp\/v2\/product"}],"about":[{"href":"https:\/\/magiiik.netstory.com.pl\/index.php?rest_route=\/wp\/v2\/types\/product"}],"replies":[{"embeddable":true,"href":"https:\/\/magiiik.netstory.com.pl\/index.php?rest_route=%2Fwp%2Fv2%2Fcomments&post=8036"}],"wp:featuredmedia":[{"embeddable":true,"href":"https:\/\/magiiik.netstory.com.pl\/index.php?rest_route=\/wp\/v2\/media\/8037"}],"wp:attachment":[{"href":"https:\/\/magiiik.netstory.com.pl\/index.php?rest_route=%2Fwp%2Fv2%2Fmedia&parent=8036"}],"wp:term":[{"taxonomy":"product_brand","embeddable":true,"href":"https:\/\/magiiik.netstory.com.pl\/index.php?rest_route=%2Fwp%2Fv2%2Fproduct_brand&post=8036"},{"taxonomy":"product_cat","embeddable":true,"href":"https:\/\/magiiik.netstory.com.pl\/index.php?rest_route=%2Fwp%2Fv2%2Fproduct_cat&post=8036"},{"taxonomy":"product_tag","embeddable":true,"href":"https:\/\/magiiik.netstory.com.pl\/index.php?rest_route=%2Fwp%2Fv2%2Fproduct_tag&post=8036"}],"curies":[{"name":"wp","href":"https:\/\/api.w.org\/{rel}","templated":true}]}}