{"id":8034,"date":"2025-09-19T13:12:45","date_gmt":"2025-09-19T11:12:45","guid":{"rendered":"https:\/\/magiiik.netstory.com.pl\/produkt\/control-freak-by-shin-lim-download\/"},"modified":"2025-09-19T13:13:25","modified_gmt":"2025-09-19T11:13:25","slug":"control-freak-by-shin-lim-download","status":"publish","type":"product","link":"https:\/\/magiiik.netstory.com.pl\/?product=control-freak-by-shin-lim-download","title":{"rendered":"Control Freak by Shin Lim download"},"content":{"rendered":"<p style=\"text-align: center;\"><span style=\"font-size: large;\">Film <strong>Control Freak<\/strong> nauczy Ci\u0119 2 niesamowitych efekt\u00f3w kontrolowania wybranej karty!<\/span><\/p>\n<p style=\"text-align: center;\"><span style=\"font-size: large;\"><strong>Kontrola karty<\/strong>: bardzo czysta i bezpo\u015brednia kontrola. Bez \u015bmiesznych ruch\u00f3w, bez zmy\u0142ki.\u00a0<\/span><\/p>\n<p style=\"text-align: center;\"><span style=\"font-size: large;\"><strong>Sterowanie kilkoma kartami<\/strong>: \u00a0bardzo zwodnicze kontrola. Karty mog\u0105 by\u0107 umieszczone w r\u00f3\u017cnych cz\u0119\u015bciach talii, co sprawia, \u017ce \u200b\u200bkontrola ta jest jeszcze bardziej imponuj\u0105ca!<\/span><\/p>\n<p style=\"text-align: center;\"><span style=\"font-size: large;\"><br \/><\/span><\/p>\n<p style=\"text-align: center;\"><span style=\"font-size: large;\"><iframe loading=\"lazy\" src=\"http:\/\/www.youtube.com\/embed\/mgCr5x_kM1k\" width=\"425\" height=\"350\"><\/iframe><\/span><\/p>\n<p style=\"text-align: center;\"><span style=\"font-size: large;\"><br \/><\/span><\/p>\n<p style=\"text-align: left;\"><strong><span style=\"font-size: x-small;\">Polecamy,<\/span><\/strong><\/p>\n<p style=\"text-align: left;\"><strong><span style=\"font-size: x-small;\">magiiik.pl<\/span><\/strong><\/p>\n<p style=\"text-align: left;\"><strong><span style=\"font-size: x-small;\"><br \/><\/span><\/strong><\/p>\n<p style=\"text-align: left;\"><span style=\"font-size: x-small;\"><span style=\"font-size: xx-small;\"><strong>UWAGA!<\/strong><\/span><\/span><\/p>\n<p style=\"text-align: left;\"><span style=\"font-size: x-small;\"><span style=\"font-size: xx-small;\"><strong>Wersja DOWNLOAD<\/strong><\/span><\/span><\/p>\n<p style=\"text-align: left;\"><span style=\"font-size: x-small;\"><span style=\"font-size: xx-small;\"><strong>J\u0119zyk angielski<\/strong><\/span><\/span><\/p>\n","protected":false},"excerpt":{"rendered":"<p><strong>Control Freak by Shin Lim<\/strong><\/p>\n","protected":false},"featured_media":8035,"comment_status":"closed","ping_status":"open","template":"","meta":[],"product_brand":[],"product_cat":[55],"product_tag":[],"class_list":{"0":"post-8034","1":"product","2":"type-product","3":"status-publish","4":"has-post-thumbnail","6":"product_cat-ksiazki-dvd-download-downloads","8":"first","9":"instock","10":"purchasable","11":"product-type-simple"},"_links":{"self":[{"href":"https:\/\/magiiik.netstory.com.pl\/index.php?rest_route=\/wp\/v2\/product\/8034","targetHints":{"allow":["GET"]}}],"collection":[{"href":"https:\/\/magiiik.netstory.com.pl\/index.php?rest_route=\/wp\/v2\/product"}],"about":[{"href":"https:\/\/magiiik.netstory.com.pl\/index.php?rest_route=\/wp\/v2\/types\/product"}],"replies":[{"embeddable":true,"href":"https:\/\/magiiik.netstory.com.pl\/index.php?rest_route=%2Fwp%2Fv2%2Fcomments&post=8034"}],"wp:featuredmedia":[{"embeddable":true,"href":"https:\/\/magiiik.netstory.com.pl\/index.php?rest_route=\/wp\/v2\/media\/8035"}],"wp:attachment":[{"href":"https:\/\/magiiik.netstory.com.pl\/index.php?rest_route=%2Fwp%2Fv2%2Fmedia&parent=8034"}],"wp:term":[{"taxonomy":"product_brand","embeddable":true,"href":"https:\/\/magiiik.netstory.com.pl\/index.php?rest_route=%2Fwp%2Fv2%2Fproduct_brand&post=8034"},{"taxonomy":"product_cat","embeddable":true,"href":"https:\/\/magiiik.netstory.com.pl\/index.php?rest_route=%2Fwp%2Fv2%2Fproduct_cat&post=8034"},{"taxonomy":"product_tag","embeddable":true,"href":"https:\/\/magiiik.netstory.com.pl\/index.php?rest_route=%2Fwp%2Fv2%2Fproduct_tag&post=8034"}],"curies":[{"name":"wp","href":"https:\/\/api.w.org\/{rel}","templated":true}]}}