{"id":8030,"date":"2025-09-19T13:12:45","date_gmt":"2025-09-19T11:12:45","guid":{"rendered":"https:\/\/magiiik.netstory.com.pl\/produkt\/lewitacja-by-shin-lim-download\/"},"modified":"2025-09-19T13:13:23","modified_gmt":"2025-09-19T11:13:23","slug":"lewitacja-by-shin-lim-download","status":"publish","type":"product","link":"https:\/\/magiiik.netstory.com.pl\/?product=lewitacja-by-shin-lim-download","title":{"rendered":"Lewitacja by Shin Lim DOWNLOAD"},"content":{"rendered":"<p style=\"text-align: center;\"><span style=\"font-size: medium;\"><strong>&#8222;Self Levitation&#8221;<\/strong> mo\u017cesz zna\u0107 w wykonaniu <strong>David<\/strong>&#8217;a <strong>Blaine<\/strong>&#8217;a.\u00a0<\/span><\/p>\n<p style=\"text-align: center;\"><span style=\"font-size: medium;\">Ten film do pobrania nauczy Ci\u0119, jak wykonywa\u0107 ten niesamowity efekt lewitacji! <strong>Shin Lim<\/strong> i <strong>Paul Harris<\/strong> poka\u017c\u0105 Ci, jak lewitowa\u0107 w bardzo prosty do nauczenia si\u0119 spos\u00f3b! Udziel\u0105 Ci wielu porad i wskaz\u00f3wek.<\/span><\/p>\n<p style=\"text-align: center;\"><span style=\"font-size: medium;\">Wszystkie poprzednie lewitacje maj\u0105 jedn\u0105 wsp\u00f3ln\u0105 cech\u0119 &#8211; wymagaj\u0105 pewnego rodzaju &#8222;chwytu&#8221;, cz\u0119sto specjalistycznych urz\u0105dze\u0144. A\u017c do teraz! Ten rodzaj lewitacji wymaga tylko Twojego cia\u0142a i tego filmu instrukta\u017cowego!\u00a0<\/span><\/p>\n<p>\u00a0<\/p>\n<p style=\"text-align: center;\"><strong><span style=\"font-size: medium;\">BONUS! <\/span><\/strong><\/p>\n<p style=\"text-align: center;\"><span style=\"font-size: medium;\">Wyobra\u017a sobie, \u017ce stoj\u0105c twarz\u0105 w twarz z publiczno\u015bci\u0105, nagle zaczynaj\u0105 lewitowa\u0107 Twoje dwie nogi! To z\u0142udzenie mo\u017cesz wykona\u0107 przy ka\u017cdej mo\u017cliwej okazji!\u00a0<\/span><\/p>\n<p style=\"text-align: center;\"><span style=\"font-size: medium;\"><strong>\u0141atwe do zrobienia!<\/strong><\/span><br \/><span style=\"font-size: medium;\"><strong>\u0141atwe do wykonania!<\/strong><\/span><br \/><span style=\"font-size: medium;\"><strong>\u017badnych gimmik\u00f3w!<\/strong><\/span><\/p>\n<p style=\"text-align: center;\"><span style=\"font-size: medium;\"><strong><br \/><\/strong><\/span><\/p>\n<p style=\"text-align: center;\"><span style=\"font-size: medium;\"><strong><iframe loading=\"lazy\" src=\"http:\/\/www.youtube.com\/embed\/H7Eydu8KyS4\" width=\"425\" height=\"350\"><\/iframe><br \/><\/strong><\/span><\/p>\n<p>\u00a0<\/p>\n<p>\u00a0<\/p>\n<p><span style=\"font-size: x-small;\"><strong>Polecamy,<\/strong><\/span><\/p>\n<p><span style=\"font-size: x-small;\"><strong>magiiik.pl<\/strong><\/span><\/p>\n<p>\u00a0<\/p>\n<p><span style=\"font-size: x-small;\"><strong>UWAGA!<\/strong><\/span><\/p>\n<p><span style=\"font-size: x-small;\"><strong>Wersja DOWNLOAD<\/strong><\/span><\/p>\n<p><span style=\"font-size: x-small;\"><strong>J\u0119zyk angielski<\/strong><\/span><\/p>\n","protected":false},"excerpt":{"rendered":"<p><strong>Lewitacja by Shin Lim<\/strong><\/p>\n","protected":false},"featured_media":8031,"comment_status":"closed","ping_status":"open","template":"","meta":[],"product_brand":[],"product_cat":[55],"product_tag":[],"class_list":{"0":"post-8030","1":"product","2":"type-product","3":"status-publish","4":"has-post-thumbnail","6":"product_cat-ksiazki-dvd-download-downloads","8":"first","9":"instock","10":"purchasable","11":"product-type-simple"},"_links":{"self":[{"href":"https:\/\/magiiik.netstory.com.pl\/index.php?rest_route=\/wp\/v2\/product\/8030","targetHints":{"allow":["GET"]}}],"collection":[{"href":"https:\/\/magiiik.netstory.com.pl\/index.php?rest_route=\/wp\/v2\/product"}],"about":[{"href":"https:\/\/magiiik.netstory.com.pl\/index.php?rest_route=\/wp\/v2\/types\/product"}],"replies":[{"embeddable":true,"href":"https:\/\/magiiik.netstory.com.pl\/index.php?rest_route=%2Fwp%2Fv2%2Fcomments&post=8030"}],"wp:featuredmedia":[{"embeddable":true,"href":"https:\/\/magiiik.netstory.com.pl\/index.php?rest_route=\/wp\/v2\/media\/8031"}],"wp:attachment":[{"href":"https:\/\/magiiik.netstory.com.pl\/index.php?rest_route=%2Fwp%2Fv2%2Fmedia&parent=8030"}],"wp:term":[{"taxonomy":"product_brand","embeddable":true,"href":"https:\/\/magiiik.netstory.com.pl\/index.php?rest_route=%2Fwp%2Fv2%2Fproduct_brand&post=8030"},{"taxonomy":"product_cat","embeddable":true,"href":"https:\/\/magiiik.netstory.com.pl\/index.php?rest_route=%2Fwp%2Fv2%2Fproduct_cat&post=8030"},{"taxonomy":"product_tag","embeddable":true,"href":"https:\/\/magiiik.netstory.com.pl\/index.php?rest_route=%2Fwp%2Fv2%2Fproduct_tag&post=8030"}],"curies":[{"name":"wp","href":"https:\/\/api.w.org\/{rel}","templated":true}]}}