{"id":8022,"date":"2025-09-19T13:12:45","date_gmt":"2025-09-19T11:12:45","guid":{"rendered":"https:\/\/magiiik.netstory.com.pl\/produkt\/at-the-table-live-lecture-chris-hannibal\/"},"modified":"2025-09-19T13:13:18","modified_gmt":"2025-09-19T11:13:18","slug":"at-the-table-live-lecture-chris-hannibal","status":"publish","type":"product","link":"https:\/\/magiiik.netstory.com.pl\/?product=at-the-table-live-lecture-chris-hannibal","title":{"rendered":"At The Table Live Lecture &#8211; Chris Hannibal"},"content":{"rendered":"<p><span style=\"font-size: 14pt;\"><strong>*CHRIS HANNIBAL<\/strong>\u00a0&#8211; <strong>Chris<\/strong> to do\u015bwiadczony i dobrze znany iluzjonista w bran\u017cy magicznej na ca\u0142ym \u015bwiecie. Jego perfekcjonizm i oszcz\u0119dny styl sprawi\u0142 \u017ce wyst\u0119puje na scenach ca\u0142ego \u015bwiata. Znajdziemy Go r\u00f3wnie\u017c w\u00a0<strong>Magic Castle<\/strong> w LA. W swoim wyk\u0142adzie podzieli si\u0119 swoim ogromnym do\u015bwiadczeniem, przedstawi ulubione rutyny, efekty, pomys\u0142y oraz teori\u0119.\u00a0<\/span><\/p>\n<p><span style=\"font-size: medium;\"><strong>\u00a0<\/strong><\/span><\/p>\n<p><span style=\"font-size: medium;\"><strong>Co Ci\u0119 nauczy w &#8222;At The Table&#8221;?<\/strong><\/span><\/p>\n<p><span style=\"font-size: medium;\"><strong>The Pringles Act,\u00a0<strong>Lethal Weapon,\u00a0<strong>Cards Across,\u00a0<strong>Ask Anything,\u00a0<strong>Also Covered,\u00a0<strong>Magic vs Magical i inne!<\/strong><\/strong><\/strong><\/strong><\/strong><\/strong><\/span><\/p>\n<p><strong><strong><strong><strong><strong><strong>\u00a0<\/strong><\/strong><\/strong><\/strong><\/strong><\/strong><\/p>\n<p style=\"text-align: center;\"><span style=\"font-size: medium;\"><strong><span style=\"text-decoration: underline;\">Pami\u0119taj, \u017ce\u00a0At The Table\u00a0umo\u017cliwia r\u00f3wnie\u017c chat, aby\u015b m\u00f3g\u0142 na \u017cywo zada\u0107 swoje pytania do prowadz\u0105cego!<\/span><\/strong><\/span><\/p>\n<p style=\"text-align: center;\"><font size=\"3\"><strong><u>A\u017b 3,5 GODZINY SZKOLENIA!!!<\/u><\/strong><\/font><\/p>\n<p style=\"text-align: center;\"><span style=\"font-size: medium;\"><strong><span style=\"text-decoration: underline;\">KUP JU\u017b TERAZ bilet i ucz si\u0119 od najlepszych!<\/span><\/strong><\/span><\/p>\n<p style=\"text-align: center;\"><span style=\"font-size: medium;\"><strong><span style=\"text-decoration: underline;\"><iframe loading=\"lazy\" src=\"\/\/www.youtube.com\/embed\/K0EBP-24krg\" width=\"425\" height=\"350\"><\/iframe><\/span><\/strong><\/span><\/p>\n<p style=\"text-align: center;\"><iframe loading=\"lazy\" src=\"\/\/www.youtube.com\/embed\/R9HdDd79khY\" width=\"425\" height=\"350\"><\/iframe><\/p>\n<p>\u00a0<\/p>\n<p><span style=\"font-size: small;\"><strong>POLECAMY,\u00a0<\/strong><\/span><\/p>\n<p><span style=\"font-size: small;\"><strong>magiiik.pl<\/strong><\/span><\/p>\n<p>\u00a0<\/p>\n<p>\u00a0<\/p>\n<p><strong><span style=\"font-size: small;\">UWAGA!<\/span><\/strong><\/p>\n<p><strong><span style=\"font-size: small;\">\u00a01. Szkolenie jest w j\u0119zyku angielskim!<\/span><\/strong><\/p>\n<p><strong><span style=\"font-size: small;\">\u00a02. Na seri\u0119 &#8222;At The Table&#8221; nie obowi\u0105zuje \u017bADEN rabat!<\/span><\/strong><\/p>\n","protected":false},"excerpt":{"rendered":"<p><strong>AT THE TABLE by Chris Hannibal<\/strong><\/p>\n","protected":false},"featured_media":8023,"comment_status":"closed","ping_status":"open","template":"","meta":[],"product_brand":[],"product_cat":[50],"product_tag":[],"class_list":{"0":"post-8022","1":"product","2":"type-product","3":"status-publish","4":"has-post-thumbnail","6":"product_cat-ksiazki-dvd-download-downloads-at-the-table","8":"first","9":"instock","10":"purchasable","11":"product-type-simple"},"_links":{"self":[{"href":"https:\/\/magiiik.netstory.com.pl\/index.php?rest_route=\/wp\/v2\/product\/8022","targetHints":{"allow":["GET"]}}],"collection":[{"href":"https:\/\/magiiik.netstory.com.pl\/index.php?rest_route=\/wp\/v2\/product"}],"about":[{"href":"https:\/\/magiiik.netstory.com.pl\/index.php?rest_route=\/wp\/v2\/types\/product"}],"replies":[{"embeddable":true,"href":"https:\/\/magiiik.netstory.com.pl\/index.php?rest_route=%2Fwp%2Fv2%2Fcomments&post=8022"}],"wp:featuredmedia":[{"embeddable":true,"href":"https:\/\/magiiik.netstory.com.pl\/index.php?rest_route=\/wp\/v2\/media\/8023"}],"wp:attachment":[{"href":"https:\/\/magiiik.netstory.com.pl\/index.php?rest_route=%2Fwp%2Fv2%2Fmedia&parent=8022"}],"wp:term":[{"taxonomy":"product_brand","embeddable":true,"href":"https:\/\/magiiik.netstory.com.pl\/index.php?rest_route=%2Fwp%2Fv2%2Fproduct_brand&post=8022"},{"taxonomy":"product_cat","embeddable":true,"href":"https:\/\/magiiik.netstory.com.pl\/index.php?rest_route=%2Fwp%2Fv2%2Fproduct_cat&post=8022"},{"taxonomy":"product_tag","embeddable":true,"href":"https:\/\/magiiik.netstory.com.pl\/index.php?rest_route=%2Fwp%2Fv2%2Fproduct_tag&post=8022"}],"curies":[{"name":"wp","href":"https:\/\/api.w.org\/{rel}","templated":true}]}}