{"id":8013,"date":"2025-09-19T13:12:45","date_gmt":"2025-09-19T11:12:45","guid":{"rendered":"https:\/\/magiiik.netstory.com.pl\/produkt\/at-the-table-live-lecture-john-guastaferro\/"},"modified":"2025-09-19T13:13:13","modified_gmt":"2025-09-19T11:13:13","slug":"at-the-table-live-lecture-john-guastaferro","status":"publish","type":"product","link":"https:\/\/magiiik.netstory.com.pl\/?product=at-the-table-live-lecture-john-guastaferro","title":{"rendered":"At The Table Live Lecture &#8211; John Guastaferro"},"content":{"rendered":"<p style=\"text-align: left;\"><span style=\"font-size: 14pt;\"><strong>*JOHN GUASTAFERRO<\/strong>\u00a0&#8211; <strong>John<\/strong> jest niezwykle utalentowanym, tw\u00f3rczym magikiem. Pocz\u0105wszy od Jego DVD<strong>\u00a0&#8222;Brainstorm&#8221;<\/strong>, poprzez ksi\u0105\u017ck\u0119\u00a0<strong>&#8222;One Degree&#8221;<\/strong>\u00a0mo\u017cemy zobaczy\u0107, \u017ce jest niesamowity w tym, co robi. <strong>&#8222;At The Table&#8221;<\/strong> zaprezentuje niekt\u00f3re ze swoich dobrze znanych trick\u00f3w, kt\u00f3re s\u0105 publikowane na ca\u0142ym \u015bwiecie, jak i zupe\u0142nie nowe, niepublikowane jeszcze efekty magiczne.\u00a0<\/span><\/p>\n<p>\u00a0<\/p>\n<p><span style=\"font-size: large;\"><strong>Co zaprezentuje w &#8222;At The Table&#8221;?<\/strong><\/span><\/p>\n<p><span style=\"font-size: medium;\"><strong>JOKER OPENER<\/strong><br \/><\/span><\/p>\n<ul>\n<li><span style=\"font-size: medium;\">In the Doghouse;<\/span><\/li>\n<li><span style=\"font-size: medium;\">Club Daley\u00a0<strong>MOVES;<br \/><\/strong><\/span><\/li>\n<li><span style=\"font-size: medium;\">Ballet Cut;<\/span><\/li>\n<li><span style=\"font-size: medium;\">Proximity Peek Control\u00a0<strong>MENTAL;<\/strong><\/span><\/li>\n<li><span style=\"font-size: medium;\">Twenty;<\/span><\/li>\n<li><span style=\"font-size: medium;\">Little White Lies\u00a0<strong>NON-CARDS;<\/strong><\/span><\/li>\n<li><span style=\"font-size: medium;\">Some fun bits\u00a0<strong>ACES;<\/strong><\/span><\/li>\n<li><span style=\"font-size: medium;\">Tailspin;<\/span><\/li>\n<li><span style=\"font-size: medium;\">Hide &amp; Seek <strong>CLOSER;<\/strong><\/span><\/li>\n<li><span style=\"font-size: medium;\">Multi-Mental.<\/span><\/li>\n<\/ul>\n<div>\u00a0<\/div>\n<div>\n<p style=\"text-align: center;\"><span style=\"text-decoration: underline; font-size: medium;\"><strong>Pami\u0119taj, \u017ce\u00a0At The Table\u00a0umo\u017cliwia r\u00f3wnie\u017c chat, aby\u015b m\u00f3g\u0142 na \u017cywo zada\u0107 swoje pytania do prowadz\u0105cego!<\/strong><\/span><\/p>\n<p style=\"text-align: center;\"><span style=\"text-decoration: underline; font-size: medium;\"><strong>\u00a0<\/strong><\/span><\/p>\n<p style=\"text-align: center;\"><span style=\"text-decoration: underline; font-size: medium;\"><strong>KUP JU\u017b TERAZ bilet i ucz si\u0119 od najlepszych!<\/strong><\/span><\/p>\n<p style=\"text-align: center;\"><span style=\"text-decoration: underline; font-size: medium;\"><strong><iframe loading=\"lazy\" src=\"\/\/www.youtube.com\/embed\/U_zwPxMkrRY\" width=\"425\" height=\"350\"><\/iframe><\/strong><\/span><\/p>\n<p>\u00a0<\/p>\n<p><span style=\"font-size: medium;\"><strong>POLECAMY,\u00a0<\/strong><\/span><\/p>\n<p><span style=\"font-size: medium;\"><strong>magiiik.pl<\/strong><\/span><\/p>\n<p>\u00a0<\/p>\n<p>\u00a0<\/p>\n<p><strong><span style=\"font-size: small;\">UWAGA!<\/span><\/strong><\/p>\n<p><strong><span style=\"font-size: small;\">\u00a01. Szkolenie jest w j\u0119zyku angielskim!<\/span><\/strong><\/p>\n<p><strong><span style=\"font-size: small;\">\u00a02. Na seri\u0119 &#8222;At The Table&#8221; nie obowi\u0105zuje \u017bADEN rabat!<\/span><\/strong><\/p>\n<\/p><\/div>\n<p>\u00a0<\/p>\n","protected":false},"excerpt":{"rendered":"<p><strong>AT THE TABLE by John Guastaferro<\/strong><\/p>\n","protected":false},"featured_media":8014,"comment_status":"closed","ping_status":"open","template":"","meta":[],"product_brand":[],"product_cat":[50],"product_tag":[],"class_list":{"0":"post-8013","1":"product","2":"type-product","3":"status-publish","4":"has-post-thumbnail","6":"product_cat-ksiazki-dvd-download-downloads-at-the-table","8":"first","9":"instock","10":"purchasable","11":"product-type-simple"},"_links":{"self":[{"href":"https:\/\/magiiik.netstory.com.pl\/index.php?rest_route=\/wp\/v2\/product\/8013","targetHints":{"allow":["GET"]}}],"collection":[{"href":"https:\/\/magiiik.netstory.com.pl\/index.php?rest_route=\/wp\/v2\/product"}],"about":[{"href":"https:\/\/magiiik.netstory.com.pl\/index.php?rest_route=\/wp\/v2\/types\/product"}],"replies":[{"embeddable":true,"href":"https:\/\/magiiik.netstory.com.pl\/index.php?rest_route=%2Fwp%2Fv2%2Fcomments&post=8013"}],"wp:featuredmedia":[{"embeddable":true,"href":"https:\/\/magiiik.netstory.com.pl\/index.php?rest_route=\/wp\/v2\/media\/8014"}],"wp:attachment":[{"href":"https:\/\/magiiik.netstory.com.pl\/index.php?rest_route=%2Fwp%2Fv2%2Fmedia&parent=8013"}],"wp:term":[{"taxonomy":"product_brand","embeddable":true,"href":"https:\/\/magiiik.netstory.com.pl\/index.php?rest_route=%2Fwp%2Fv2%2Fproduct_brand&post=8013"},{"taxonomy":"product_cat","embeddable":true,"href":"https:\/\/magiiik.netstory.com.pl\/index.php?rest_route=%2Fwp%2Fv2%2Fproduct_cat&post=8013"},{"taxonomy":"product_tag","embeddable":true,"href":"https:\/\/magiiik.netstory.com.pl\/index.php?rest_route=%2Fwp%2Fv2%2Fproduct_tag&post=8013"}],"curies":[{"name":"wp","href":"https:\/\/api.w.org\/{rel}","templated":true}]}}