{"id":8005,"date":"2025-09-19T13:12:45","date_gmt":"2025-09-19T11:12:45","guid":{"rendered":"https:\/\/magiiik.netstory.com.pl\/produkt\/at-the-table-live-lecture-rick-merrill\/"},"modified":"2025-09-19T13:13:08","modified_gmt":"2025-09-19T11:13:08","slug":"at-the-table-live-lecture-rick-merrill","status":"publish","type":"product","link":"https:\/\/magiiik.netstory.com.pl\/?product=at-the-table-live-lecture-rick-merrill","title":{"rendered":"At The Table Live Lecture &#8211; Rick Merrill"},"content":{"rendered":"<p style=\"text-align: left;\"><span style=\"font-size: 14pt;\"><strong>*RICK MERRELL<\/strong>\u00a0&#8211; zwyci\u0119zca\u00a0<strong>FISM\u00a0World Champion<\/strong>\u00a0w Close-up! Podzieli si\u0119 z Tob\u0105 swoj\u0105 wiedz\u0105 i do\u015bwiadczeniem, kt\u00f3re uczyni\u0142o z Niego niezwyk\u0142ego magika i mistrza w swoim fachu! Rick przedstawi efekty z mikro magii, ale r\u00f3wnie\u017c comedy magic. Ka\u017cdy znajdzie tutaj co\u015b dla siebie!<\/span><\/p>\n<p><span style=\"font-size: large;\">Co nam zaprezentuje w <strong>At The Table<\/strong>?<\/span><\/p>\n<p><span style=\"font-size: large;\">Oczywi\u015bcie wiele wyj\u0105tkowych sposob\u00f3w wykonywania trick\u00f3w z kart\u0105 wielokrotnego wyboru, oryginalna komedia, rutyna, kt\u00f3r\u0105 <strong>Rick<\/strong> otwiera sw\u00f3j show od ponad 10 lat! Jest ona pe\u0142na \u015bmiechu i magicznych chwil!<\/span><\/p>\n<p><span style=\"font-size: large;\"><strong>Three Change,\u00a0<strong>Royal Cut Flush,\u00a0<strong>Coin and Marker,\u00a0<strong>Sleeving,\u00a0<strong>Empty Hand Vanish i inne.\u00a0<\/strong><\/strong><\/strong><\/strong><\/strong><\/span><\/p>\n<p><span style=\"font-size: large;\"><strong><strong><strong><strong><strong>Dodatkowo Rick opowie nam swoje do\u015bwiadczenia z FISM, jak przygotowa\u0107 oryginalny i niezapomniany show magiczny.<\/strong><\/strong><\/strong><\/strong><\/strong><\/span><\/p>\n<p style=\"text-align: center;\"><span style=\"font-size: medium;\"><strong>\u00a0<\/strong><\/span><\/p>\n<p style=\"text-align: center;\"><span style=\"font-size: medium;\"><strong>Pami\u0119taj, \u017ce\u00a0At The Table\u00a0umo\u017cliwia r\u00f3wnie\u017c chat, aby\u015b m\u00f3g\u0142 na \u017cywo zada\u0107 swoje pytania do prowadz\u0105cego!<\/strong><\/span><\/p>\n<p style=\"text-align: center;\">\u00a0<\/p>\n<p style=\"text-align: center;\"><span style=\"font-size: medium;\"><strong>KUP JU\u017b TERAZ bilet i ucz si\u0119 od najlepszych!<\/strong><\/span><\/p>\n<p style=\"text-align: center;\"><span style=\"font-size: medium;\"><strong><iframe loading=\"lazy\" src=\"\/\/www.youtube.com\/embed\/gP8GW7_lbEI\" width=\"425\" height=\"350\"><\/iframe><\/strong><\/span><\/p>\n<p>\u00a0<\/p>\n<p><strong><span style=\"font-size: medium;\">POLECAMY,\u00a0<\/span><\/strong><\/p>\n<p><strong><span style=\"font-size: medium;\">magiiik.pl<\/span><\/strong><\/p>\n<p>\u00a0<\/p>\n<p><span style=\"font-size: small;\">\u00a0UWAGA!<\/span><\/p>\n<p><span style=\"font-size: small;\">\u00a01. Szkolenie jest w j\u0119zyku angielskim!<\/span><\/p>\n<p><span style=\"font-size: small;\">\u00a02. Na seri\u0119 &#8222;At The Table&#8221; nie obowi\u0105zuje \u017bADEN rabat!<\/span><\/p>\n<p>\u00a0<\/p>\n","protected":false},"excerpt":{"rendered":"<p><strong>AT THE TABLE by Rick Merrill<\/strong><\/p>\n","protected":false},"featured_media":8006,"comment_status":"closed","ping_status":"open","template":"","meta":[],"product_brand":[],"product_cat":[50],"product_tag":[],"class_list":{"0":"post-8005","1":"product","2":"type-product","3":"status-publish","4":"has-post-thumbnail","6":"product_cat-ksiazki-dvd-download-downloads-at-the-table","8":"first","9":"instock","10":"purchasable","11":"product-type-simple"},"_links":{"self":[{"href":"https:\/\/magiiik.netstory.com.pl\/index.php?rest_route=\/wp\/v2\/product\/8005","targetHints":{"allow":["GET"]}}],"collection":[{"href":"https:\/\/magiiik.netstory.com.pl\/index.php?rest_route=\/wp\/v2\/product"}],"about":[{"href":"https:\/\/magiiik.netstory.com.pl\/index.php?rest_route=\/wp\/v2\/types\/product"}],"replies":[{"embeddable":true,"href":"https:\/\/magiiik.netstory.com.pl\/index.php?rest_route=%2Fwp%2Fv2%2Fcomments&post=8005"}],"wp:featuredmedia":[{"embeddable":true,"href":"https:\/\/magiiik.netstory.com.pl\/index.php?rest_route=\/wp\/v2\/media\/8006"}],"wp:attachment":[{"href":"https:\/\/magiiik.netstory.com.pl\/index.php?rest_route=%2Fwp%2Fv2%2Fmedia&parent=8005"}],"wp:term":[{"taxonomy":"product_brand","embeddable":true,"href":"https:\/\/magiiik.netstory.com.pl\/index.php?rest_route=%2Fwp%2Fv2%2Fproduct_brand&post=8005"},{"taxonomy":"product_cat","embeddable":true,"href":"https:\/\/magiiik.netstory.com.pl\/index.php?rest_route=%2Fwp%2Fv2%2Fproduct_cat&post=8005"},{"taxonomy":"product_tag","embeddable":true,"href":"https:\/\/magiiik.netstory.com.pl\/index.php?rest_route=%2Fwp%2Fv2%2Fproduct_tag&post=8005"}],"curies":[{"name":"wp","href":"https:\/\/api.w.org\/{rel}","templated":true}]}}