{"id":7995,"date":"2025-09-19T13:12:45","date_gmt":"2025-09-19T11:12:45","guid":{"rendered":"https:\/\/magiiik.netstory.com.pl\/produkt\/at-the-table-live-lecture-patrick-kun\/"},"modified":"2025-09-19T13:13:02","modified_gmt":"2025-09-19T11:13:02","slug":"at-the-table-live-lecture-patrick-kun","status":"publish","type":"product","link":"https:\/\/magiiik.netstory.com.pl\/?product=at-the-table-live-lecture-patrick-kun","title":{"rendered":"At The Table Live Lecture &#8211; Patrick Kun"},"content":{"rendered":"<p><strong>*PATRICK KUN<\/strong>\u00a0&#8211; wyj\u0105tkowy wykonawca magicznych efekt\u00f3w. Pobiera\u0142 nauki od najwi\u0119kszych mag\u00f3w tego \u015bwiata, samego\u00a0<strong>DAVID&#8217;a COPPERFIELD&#8217;a<\/strong> i <strong>CYRIL&#8217;a!<\/strong> W swoim wyk\u0142adzie, <strong>Patrick<\/strong> nauczy Ci\u0119 kilku klasycznych trick\u00f3w, dzi\u0119ki kt\u00f3rym zdoby\u0142 s\u0142aw\u0119 i kilku autorskich efekt\u00f3w.\u00a0<\/p>\n<p>\u00a0<\/p>\n<p><span style=\"font-size: large;\">W tym wyk\u0142adzie <strong>Patrick<\/strong> b\u0119dzie dyskutowa\u0142 o wizualnej magii i jak j\u0105 rozwija\u0107 w swoim show. Szkolenie zacznie si\u0119 od topowego tricku <strong>Patrick<\/strong>&#8217;a, <strong>MORF<\/strong>, czyli zamiana 4 kart, jest to jeden z Jego efekt\u00f3w, kt\u00f3re mo\u017cemy pozna\u0107 na DVD <a href=\"\/pl\/p\/PATRIFIEL-by-Patrick-Kun-SansMinds\/319\"><strong>Patrified<\/strong><\/a>.<\/span><\/p>\n<p>\u00a0<\/p>\n<p style=\"text-align: center;\"><strong><span style=\"font-size: large;\">Co jeszcze zobaczymy w tym wyk\u0142adzie?<\/span><\/strong><\/p>\n<p><span style=\"font-size: medium;\"><strong>\u00a0Inflict (Patrified) \/ Sandwich Plot,\u00a0<strong>PK Collector \/ Collector Plot,\u00a0<strong>DIY Aces (Patrified) \/ Gambling Plot,\u00a0<strong>Carbon\u00e9 &#8211; Mystery Card Plot,\u00a0<strong>VOW (Basic Version) \/ Anniversary Plot,\u00a0<strong>Vector \/ Impromptu Haunted Deck,\u00a0<strong>Surge \/ Impromptu Card Rise,\u00a0<strong>Mirror Force,\u00a0<strong>4 Cards Production, a wi\u0119c ca\u0142a masa magii wizualnej i karty, karty, karty i jeszcze raz karty \ud83d\ude42<\/strong><\/strong><\/strong><\/strong><\/strong><\/strong><\/strong><\/strong><\/strong><\/span><\/p>\n<p>\u00a0<\/p>\n<p style=\"text-align: center;\"><span style=\"font-size: medium;\"><strong><strong><strong><strong><strong><strong><strong><strong><strong><iframe loading=\"lazy\" src=\"\/\/www.youtube.com\/embed\/7acAs_J8BOk\" width=\"425\" height=\"350\"><\/iframe><\/strong><\/strong><\/strong><\/strong><\/strong><\/strong><\/strong><\/strong><\/strong><\/span><\/p>\n<p><strong><strong><strong><strong><strong><strong><strong><strong><strong>\u00a0<\/strong><\/strong><\/strong><\/strong><\/strong><\/strong><\/strong><\/strong><\/strong><\/p>\n<p style=\"text-align: center;\"><span style=\"text-decoration: underline; font-size: medium;\"><strong>Pami\u0119taj, \u017ce\u00a0At The Table\u00a0umo\u017cliwia r\u00f3wnie\u017c chat, aby\u015b m\u00f3g\u0142 na \u017cywo zada\u0107 swoje pytania do prowadz\u0105cego!<\/strong><\/span><\/p>\n<p style=\"text-align: center;\">\u00a0<\/p>\n<p style=\"text-align: center;\"><span style=\"text-decoration: underline; font-size: medium;\"><strong>KUP JU\u017b TERAZ bilet i ucz si\u0119 od najlepszych!<\/strong><\/span><\/p>\n<p>\u00a0<\/p>\n<p><span style=\"font-size: medium;\"><strong>POLECAMY,\u00a0<\/strong><\/span><\/p>\n<p><span style=\"font-size: medium;\"><strong>magiiik.pl<\/strong><\/span><\/p>\n<p>\u00a0<\/p>\n<p>\u00a0UWAGA!<\/p>\n<p>\u00a01. Szkolenie jest w j\u0119zyku angielskim!<\/p>\n<p>\u00a02. Na seri\u0119 &#8222;At The Table&#8221; nie obowi\u0105zuje \u017bADEN rabat!<\/p>\n","protected":false},"excerpt":{"rendered":"<p><strong>AT THE TABLE by Patrick Kun!<\/strong><\/p>\n","protected":false},"featured_media":7996,"comment_status":"closed","ping_status":"open","template":"","meta":[],"product_brand":[],"product_cat":[50],"product_tag":[],"class_list":{"0":"post-7995","1":"product","2":"type-product","3":"status-publish","4":"has-post-thumbnail","6":"product_cat-ksiazki-dvd-download-downloads-at-the-table","8":"first","9":"instock","10":"purchasable","11":"product-type-simple"},"_links":{"self":[{"href":"https:\/\/magiiik.netstory.com.pl\/index.php?rest_route=\/wp\/v2\/product\/7995","targetHints":{"allow":["GET"]}}],"collection":[{"href":"https:\/\/magiiik.netstory.com.pl\/index.php?rest_route=\/wp\/v2\/product"}],"about":[{"href":"https:\/\/magiiik.netstory.com.pl\/index.php?rest_route=\/wp\/v2\/types\/product"}],"replies":[{"embeddable":true,"href":"https:\/\/magiiik.netstory.com.pl\/index.php?rest_route=%2Fwp%2Fv2%2Fcomments&post=7995"}],"wp:featuredmedia":[{"embeddable":true,"href":"https:\/\/magiiik.netstory.com.pl\/index.php?rest_route=\/wp\/v2\/media\/7996"}],"wp:attachment":[{"href":"https:\/\/magiiik.netstory.com.pl\/index.php?rest_route=%2Fwp%2Fv2%2Fmedia&parent=7995"}],"wp:term":[{"taxonomy":"product_brand","embeddable":true,"href":"https:\/\/magiiik.netstory.com.pl\/index.php?rest_route=%2Fwp%2Fv2%2Fproduct_brand&post=7995"},{"taxonomy":"product_cat","embeddable":true,"href":"https:\/\/magiiik.netstory.com.pl\/index.php?rest_route=%2Fwp%2Fv2%2Fproduct_cat&post=7995"},{"taxonomy":"product_tag","embeddable":true,"href":"https:\/\/magiiik.netstory.com.pl\/index.php?rest_route=%2Fwp%2Fv2%2Fproduct_tag&post=7995"}],"curies":[{"name":"wp","href":"https:\/\/api.w.org\/{rel}","templated":true}]}}