{"id":7984,"date":"2025-09-19T13:12:45","date_gmt":"2025-09-19T11:12:45","guid":{"rendered":"https:\/\/magiiik.netstory.com.pl\/produkt\/at-the-table-live-lecture-marcus-eddie\/"},"modified":"2025-09-19T13:12:54","modified_gmt":"2025-09-19T11:12:54","slug":"at-the-table-live-lecture-marcus-eddie","status":"publish","type":"product","link":"https:\/\/magiiik.netstory.com.pl\/?product=at-the-table-live-lecture-marcus-eddie","title":{"rendered":"At The Table Live Lecture &#8211; Marcus Eddie"},"content":{"rendered":"<p><strong>*MARCUS EDDIE<\/strong>\u00a0&#8211; <span style=\"font-size: 14pt;\">m\u0142ody, utalentowany mag, kt\u00f3ry posiada umiej\u0119tno\u015bci zrobienia magii ze wszystkiego, czego si\u0119 dotknie! <strong>Marcus<\/strong> opublikowa\u0142 z wielkim sukcesem kilka autorskich produkt\u00f3w dla magicznej spo\u0142eczno\u015bci. W swoim wyk\u0142adzie <strong>Marcus<\/strong> nauczy Ci\u0119 kilku swoich efekt\u00f3w, dzi\u0119ki kt\u00f3rym odni\u00f3s\u0142 sukces, jak r\u00f3wnie\u017c przedstawi materia\u0142, kt\u00f3rego wcze\u015bniej nie publikowa\u0142!<\/span><\/p>\n<p><span style=\"font-size: large;\"><strong>Marcus Eddie<\/strong> oczaruje Ci\u0119! To jest pewne! Je\u015bli close-up, mikro iluzja to Twoja pasja, to musisz obejrze\u0107 ten wyk\u0142ad! <strong>Marcus<\/strong> zabierze Ci\u0119 do swojego super funky-jazzowego stylu magii, to Jego niepowtarzalny akcent w tej sztuce, kt\u00f3ra jest zar\u00f3wno wizualnie, jak i precyzyjnie i dobrze wykonywana. To wyk\u0142ad, kt\u00f3ry b\u0119dzie obejmowa\u0142 wi\u0119cej ni\u017c tylko karty!\u00a0<\/span><\/p>\n<p><span style=\"font-size: large;\">\u00a0<\/span><\/p>\n<p><span style=\"font-size: large;\">Czego si\u0119 nauczysz?<\/span><\/p>\n<p><span style=\"font-size: large;\"><strong>Fresh,\u00a0<strong>Something Borrowed,\u00a0<strong>Paper Cut,\u00a0<strong>Focus,\u00a0<strong>Color Band,\u00a0<strong>Separation,\u00a0<strong>Reconnect,\u00a0<strong>Post Predict,\u00a0<strong>Jumbo Spellbound, a wi\u0119c magia z gumkami, monetami, kartami, pier\u015bcionkami, banknotami i wszystkim tym, co nazywamy przedmiotami codziennego u\u017cytku!\u00a0<\/strong><\/strong><\/strong><\/strong><\/strong><\/strong><\/strong><\/strong><\/strong><\/span><\/p>\n<p style=\"text-align: center;\">\u00a0<\/p>\n<p style=\"text-align: center;\"><span style=\"font-size: large;\"><strong><strong><strong><strong><strong><strong><strong><strong><strong><iframe loading=\"lazy\" src=\"\/\/www.youtube.com\/embed\/Og1ZgEzC2Wk\" width=\"425\" height=\"350\"><\/iframe><\/strong><\/strong><\/strong><\/strong><\/strong><\/strong><\/strong><\/strong><\/strong><\/span><\/p>\n<p>\u00a0<\/p>\n<p style=\"text-align: center;\"><iframe loading=\"lazy\" src=\"\/\/www.youtube.com\/embed\/pqpH-tjmC-g\" width=\"425\" height=\"350\"><\/iframe><\/p>\n<p><span style=\"font-size: large;\"><strong><strong><strong><strong><strong><strong><strong><strong><strong>\u00a0<\/strong><\/strong><\/strong><\/strong><\/strong><\/strong><\/strong><\/strong><\/strong><\/span><\/p>\n<p style=\"text-align: center;\"><span style=\"font-size: large;\"><strong><strong><strong><strong><strong><strong><strong><strong><strong>Pami\u0119taj, \u017ce\u00a0At The Table\u00a0umo\u017cliwia r\u00f3wnie\u017c chat, aby\u015b m\u00f3g\u0142 na \u017cywo zada\u0107 swoje pytania do prowadz\u0105cego!<\/strong><\/strong><\/strong><\/strong><\/strong><\/strong><\/strong><\/strong><\/strong><\/span><\/p>\n<p style=\"text-align: center;\"><span style=\"font-size: large;\"><strong><strong><strong><strong><strong><strong><strong><strong><strong>\u00a0<\/strong><\/strong><\/strong><\/strong><\/strong><\/strong><\/strong><\/strong><\/strong><\/span><\/p>\n<p style=\"text-align: center;\"><span style=\"font-size: large;\"><strong><strong><strong><strong><strong><strong><strong><strong><strong>KUP JU\u017b TERAZ bilet i ucz si\u0119 od najlepszych!<\/strong><\/strong><\/strong><\/strong><\/strong><\/strong><\/strong><\/strong><\/strong><\/span><\/p>\n<p><strong><strong><strong><strong><strong><strong><strong><strong><strong>\u00a0<\/strong><\/strong><\/strong><\/strong><\/strong><\/strong><\/strong><\/strong><\/strong><\/p>\n<p><span style=\"font-size: medium;\"><strong><strong><strong><strong><strong><strong><strong><strong><strong>POLECAMY,\u00a0<\/strong><\/strong><\/strong><\/strong><\/strong><\/strong><\/strong><\/strong><\/strong><\/span><\/p>\n<p><span style=\"font-size: medium;\"><strong><strong><strong><strong><strong><strong><strong><strong><strong>magiiik.pl<\/strong><\/strong><\/strong><\/strong><\/strong><\/strong><\/strong><\/strong><\/strong><\/span><\/p>\n<p><span style=\"font-size: medium;\"><strong><strong><strong><strong><strong><strong><strong><strong><strong>\u00a0<\/strong><\/strong><\/strong><\/strong><\/strong><\/strong><\/strong><\/strong><\/strong><\/span><\/p>\n<p>\u00a0<\/p>\n<p><strong>UWAGA!<\/strong><\/p>\n<p>\u00a0<\/p>\n<p><strong>1. Szkolenie jest w j\u0119zyku angielskim!<\/strong><\/p>\n<p>\u00a0<\/p>\n<p><strong>2. Na seri\u0119 &#8222;At The Table&#8221; nie obowi\u0105zuje \u017bADEN rabat!<\/strong><\/p>\n<p><span style=\"font-size: medium;\"><strong><strong><strong><strong><strong><strong><strong><strong><strong>\u00a0<\/strong><\/strong><\/strong><\/strong><\/strong><\/strong><\/strong><\/strong><\/strong><\/span><\/p>\n","protected":false},"excerpt":{"rendered":"<p><strong>AT THE TABLE by Marcus Eddie!<\/strong><\/p>\n","protected":false},"featured_media":7985,"comment_status":"closed","ping_status":"open","template":"","meta":[],"product_brand":[],"product_cat":[50],"product_tag":[],"class_list":{"0":"post-7984","1":"product","2":"type-product","3":"status-publish","4":"has-post-thumbnail","6":"product_cat-ksiazki-dvd-download-downloads-at-the-table","8":"first","9":"instock","10":"purchasable","11":"product-type-simple"},"_links":{"self":[{"href":"https:\/\/magiiik.netstory.com.pl\/index.php?rest_route=\/wp\/v2\/product\/7984","targetHints":{"allow":["GET"]}}],"collection":[{"href":"https:\/\/magiiik.netstory.com.pl\/index.php?rest_route=\/wp\/v2\/product"}],"about":[{"href":"https:\/\/magiiik.netstory.com.pl\/index.php?rest_route=\/wp\/v2\/types\/product"}],"replies":[{"embeddable":true,"href":"https:\/\/magiiik.netstory.com.pl\/index.php?rest_route=%2Fwp%2Fv2%2Fcomments&post=7984"}],"wp:featuredmedia":[{"embeddable":true,"href":"https:\/\/magiiik.netstory.com.pl\/index.php?rest_route=\/wp\/v2\/media\/7985"}],"wp:attachment":[{"href":"https:\/\/magiiik.netstory.com.pl\/index.php?rest_route=%2Fwp%2Fv2%2Fmedia&parent=7984"}],"wp:term":[{"taxonomy":"product_brand","embeddable":true,"href":"https:\/\/magiiik.netstory.com.pl\/index.php?rest_route=%2Fwp%2Fv2%2Fproduct_brand&post=7984"},{"taxonomy":"product_cat","embeddable":true,"href":"https:\/\/magiiik.netstory.com.pl\/index.php?rest_route=%2Fwp%2Fv2%2Fproduct_cat&post=7984"},{"taxonomy":"product_tag","embeddable":true,"href":"https:\/\/magiiik.netstory.com.pl\/index.php?rest_route=%2Fwp%2Fv2%2Fproduct_tag&post=7984"}],"curies":[{"name":"wp","href":"https:\/\/api.w.org\/{rel}","templated":true}]}}