{"id":7980,"date":"2025-09-19T13:12:45","date_gmt":"2025-09-19T11:12:45","guid":{"rendered":"https:\/\/magiiik.netstory.com.pl\/produkt\/the-switch-by-shin-lim\/"},"modified":"2025-09-19T13:12:53","modified_gmt":"2025-09-19T11:12:53","slug":"the-switch-by-shin-lim","status":"publish","type":"product","link":"https:\/\/magiiik.netstory.com.pl\/?product=the-switch-by-shin-lim","title":{"rendered":"THE SWITCH by SHIN LIM"},"content":{"rendered":"<p style=\"text-align: center;\"><strong><span style=\"font-size: large;\">PRODUKT POSIADA CERTYFIKAT <a href=\"https:\/\/magiiik.netstory.com.pl\/4\">BLACK LABEL<\/a>!<\/span><\/strong><\/p>\n<p style=\"text-align: center;\"><span style=\"font-size: large;\">Kiedy efekt magiiiczny wygl\u0105da zbyt dobrze, nie mo\u017ce on by\u0107 mo\u017cliwy!\u00a0<\/span><\/p>\n<p style=\"text-align: center;\"><span style=\"font-size: large;\"><strong>SWITCH<\/strong> to najrzadszy rodzaj magii &#8211; w rzeczywisto\u015bci wygl\u0105da dok\u0142adnie tak samo, jak na filmie! Jest to efekt najbli\u017cszy prawdziwej magii!<\/span><\/p>\n<p style=\"text-align: center;\"><span style=\"font-size: large;\">Szalenie tw\u00f3rczy <strong>Shin Lim<\/strong> nauczy Ci\u0119, w tym DVD wszystkich niuans\u00f3w tej innowacyjnej koncepcji i szczeg\u00f3\u0142owo wyja\u015bni jej dzia\u0142anie.<\/span><\/p>\n<p style=\"text-align: center;\"><span style=\"font-size: large;\">Efekt ten jest idealnym rozwi\u0105zaniem dla telewizji, jak i dla wyst\u0119p\u00f3w na \u017cywo.<\/span><\/p>\n<p>\u00a0<\/p>\n<p><iframe loading=\"lazy\" src=\"http:\/\/www.youtube.com\/embed\/TJp9P78JEAY\" width=\"425\" height=\"350\" style=\"display: block; margin-left: auto; margin-right: auto;\" frameborder=\"0\"><\/iframe><\/p>\n<p><iframe loading=\"lazy\" src=\"http:\/\/www.youtube.com\/embed\/XEY2MmFvzSs\" width=\"425\" height=\"350\" style=\"display: block; margin-left: auto; margin-right: auto;\" frameborder=\"0\"><\/iframe><\/p>\n<p style=\"text-align: center;\"><span style=\"font-size: medium;\"><strong>Polecamy,<\/strong><\/span><\/p>\n<p style=\"text-align: center;\"><span style=\"font-size: medium;\"><strong>magiiik.pl<\/strong><\/span><\/p>\n","protected":false},"excerpt":{"rendered":"<p><strong>THE SWITCH by Shin Lim<\/strong><\/p>\n","protected":false},"featured_media":7981,"comment_status":"closed","ping_status":"open","template":"","meta":[],"product_brand":[],"product_cat":[57],"product_tag":[],"class_list":{"0":"post-7980","1":"product","2":"type-product","3":"status-publish","4":"has-post-thumbnail","6":"product_cat-ksiazki-dvd-download-black-label","8":"first","9":"instock","10":"purchasable","11":"product-type-simple"},"_links":{"self":[{"href":"https:\/\/magiiik.netstory.com.pl\/index.php?rest_route=\/wp\/v2\/product\/7980","targetHints":{"allow":["GET"]}}],"collection":[{"href":"https:\/\/magiiik.netstory.com.pl\/index.php?rest_route=\/wp\/v2\/product"}],"about":[{"href":"https:\/\/magiiik.netstory.com.pl\/index.php?rest_route=\/wp\/v2\/types\/product"}],"replies":[{"embeddable":true,"href":"https:\/\/magiiik.netstory.com.pl\/index.php?rest_route=%2Fwp%2Fv2%2Fcomments&post=7980"}],"wp:featuredmedia":[{"embeddable":true,"href":"https:\/\/magiiik.netstory.com.pl\/index.php?rest_route=\/wp\/v2\/media\/7981"}],"wp:attachment":[{"href":"https:\/\/magiiik.netstory.com.pl\/index.php?rest_route=%2Fwp%2Fv2%2Fmedia&parent=7980"}],"wp:term":[{"taxonomy":"product_brand","embeddable":true,"href":"https:\/\/magiiik.netstory.com.pl\/index.php?rest_route=%2Fwp%2Fv2%2Fproduct_brand&post=7980"},{"taxonomy":"product_cat","embeddable":true,"href":"https:\/\/magiiik.netstory.com.pl\/index.php?rest_route=%2Fwp%2Fv2%2Fproduct_cat&post=7980"},{"taxonomy":"product_tag","embeddable":true,"href":"https:\/\/magiiik.netstory.com.pl\/index.php?rest_route=%2Fwp%2Fv2%2Fproduct_tag&post=7980"}],"curies":[{"name":"wp","href":"https:\/\/api.w.org\/{rel}","templated":true}]}}