{"id":7978,"date":"2025-09-19T13:12:45","date_gmt":"2025-09-19T11:12:45","guid":{"rendered":"https:\/\/magiiik.netstory.com.pl\/produkt\/patrified-by-patrick-kun-sansminds\/"},"modified":"2025-09-19T13:12:52","modified_gmt":"2025-09-19T11:12:52","slug":"patrified-by-patrick-kun-sansminds","status":"publish","type":"product","link":"https:\/\/magiiik.netstory.com.pl\/?product=patrified-by-patrick-kun-sansminds","title":{"rendered":"PATRIFIED by Patrick Kun &#038; SansMinds"},"content":{"rendered":"<p style=\"text-align: center;\"><span style=\"font-size: large;\"><strong>SansMinds<\/strong> i <strong>Patrick Kun<\/strong> w akcji!\u00a0<\/span><\/p>\n<p style=\"text-align: center;\"><span style=\"font-size: large;\">Jest to kompletny zbi\u00f3r najbardziej aktualnych prac Patrick&#8217;a! Czy jeste\u015b gotowy na magi\u0119?!<\/span><\/p>\n<p style=\"text-align: center;\"><span style=\"font-size: large;\"><br \/><\/span><\/p>\n<p style=\"text-align: center;\"><span style=\"font-size: large;\">7 Killer Effects:<\/span><\/p>\n<p style=\"text-align: center;\"><strong>Seven Killer Effects<\/strong><\/p>\n<p><strong>1. Be-Tween Production<\/strong><\/p>\n<p><strong>2. PK Double<\/strong><\/p>\n<p><strong>3. Inflict Evolved<\/strong><\/p>\n<p><strong>4. Centerpoint Retouch<\/strong><\/p>\n<p><strong>5. Morf<\/strong><\/p>\n<p><strong>6. DIY Aces<\/strong><\/p>\n<p><strong>7. Snowblind<\/strong><\/p>\n<p>\u00a0<\/p>\n<p><iframe loading=\"lazy\" src=\"http:\/\/www.youtube.com\/embed\/OS3VYTY9XH0\" width=\"425\" height=\"350\" style=\"display: block; margin-left: auto; margin-right: auto;\" frameborder=\"0\"><\/iframe><\/p>\n<p style=\"text-align: center;\"><span style=\"font-size: medium;\"><strong>Polecamy,<\/strong><\/span><\/p>\n<p style=\"text-align: center;\"><span style=\"font-size: medium;\"><strong>magiiik.pl<\/strong><\/span><\/p>\n","protected":false},"excerpt":{"rendered":"<p><strong>PATRIFIED by Patrick Kun&amp;SansMinds<\/strong><\/p>\n","protected":false},"featured_media":7979,"comment_status":"closed","ping_status":"open","template":"","meta":[],"product_brand":[],"product_cat":[54],"product_tag":[],"class_list":{"0":"post-7978","1":"product","2":"type-product","3":"status-publish","4":"has-post-thumbnail","6":"product_cat-ksiazki-dvd-download-sansminds","8":"first","9":"instock","10":"purchasable","11":"product-type-simple"},"_links":{"self":[{"href":"https:\/\/magiiik.netstory.com.pl\/index.php?rest_route=\/wp\/v2\/product\/7978","targetHints":{"allow":["GET"]}}],"collection":[{"href":"https:\/\/magiiik.netstory.com.pl\/index.php?rest_route=\/wp\/v2\/product"}],"about":[{"href":"https:\/\/magiiik.netstory.com.pl\/index.php?rest_route=\/wp\/v2\/types\/product"}],"replies":[{"embeddable":true,"href":"https:\/\/magiiik.netstory.com.pl\/index.php?rest_route=%2Fwp%2Fv2%2Fcomments&post=7978"}],"wp:featuredmedia":[{"embeddable":true,"href":"https:\/\/magiiik.netstory.com.pl\/index.php?rest_route=\/wp\/v2\/media\/7979"}],"wp:attachment":[{"href":"https:\/\/magiiik.netstory.com.pl\/index.php?rest_route=%2Fwp%2Fv2%2Fmedia&parent=7978"}],"wp:term":[{"taxonomy":"product_brand","embeddable":true,"href":"https:\/\/magiiik.netstory.com.pl\/index.php?rest_route=%2Fwp%2Fv2%2Fproduct_brand&post=7978"},{"taxonomy":"product_cat","embeddable":true,"href":"https:\/\/magiiik.netstory.com.pl\/index.php?rest_route=%2Fwp%2Fv2%2Fproduct_cat&post=7978"},{"taxonomy":"product_tag","embeddable":true,"href":"https:\/\/magiiik.netstory.com.pl\/index.php?rest_route=%2Fwp%2Fv2%2Fproduct_tag&post=7978"}],"curies":[{"name":"wp","href":"https:\/\/api.w.org\/{rel}","templated":true}]}}