{"id":7974,"date":"2025-09-19T13:12:45","date_gmt":"2025-09-19T11:12:45","guid":{"rendered":"https:\/\/magiiik.netstory.com.pl\/produkt\/x-change-by-sansminds\/"},"modified":"2025-09-19T13:12:51","modified_gmt":"2025-09-19T11:12:51","slug":"x-change-by-sansminds","status":"publish","type":"product","link":"https:\/\/magiiik.netstory.com.pl\/?product=x-change-by-sansminds","title":{"rendered":"X-CHANGE by SansMinds"},"content":{"rendered":"<p style=\"text-align: center;\"><strong><span style=\"font-size: large;\">Jeste\u015b gotowy, aby czarowa\u0107?!<\/span><\/strong><\/p>\n<p style=\"text-align: center;\"><span style=\"font-size: large;\">Masz mo\u017cliwo\u015b\u0107 sprawienia, aby trwa\u0142e rysunki, nasycone tuszem pobudzi\u0107 do \u017cycia, co zrobisz?!<\/span><\/p>\n<p style=\"text-align: center;\"><span style=\"font-size: large;\"><strong>Julio Montoro<\/strong> z Hiszpanii w zadziwiaj\u0105cy spos\u00f3b nauczy Ci\u0119, jak urzeczywistni\u0107 rysunki z podpisanej przez widza karty!<\/span><\/p>\n<p style=\"text-align: center;\"><span style=\"font-size: large;\">Po tricku mo\u017cna od razu wr\u0119czy\u0107 kart\u0119 widzowi jako pami\u0105tk\u0119! Wszystko jest czyste i jasne! Trick mo\u017cesz wykonywa\u0107 na r\u00f3\u017cne sposoby, na ile tylko starczy Ci kreatywno\u015bci!<\/span><\/p>\n<p style=\"text-align: center;\">\u00a0<\/p>\n<p style=\"text-align: center;\"><span style=\"font-size: large;\">To jeszcze jeden genialny trick z serii <strong>SansMinds<\/strong>, musisz go mie\u0107!<\/span><\/p>\n<p><iframe loading=\"lazy\" src=\"http:\/\/www.youtube.com\/embed\/Ol9Cv3-dmgU\" width=\"425\" height=\"350\" style=\"display: block; margin-left: auto; margin-right: auto;\" frameborder=\"0\"><\/iframe><\/p>\n<p style=\"text-align: center;\"><span style=\"font-size: medium;\"><strong>Polecamy,\u00a0<\/strong><\/span><\/p>\n<p style=\"text-align: center;\"><span style=\"font-size: medium;\"><strong>magiiik.pl<\/strong><\/span><\/p>\n","protected":false},"excerpt":{"rendered":"<p><strong>X-CHANGE by SansMinds<\/strong><\/p>\n","protected":false},"featured_media":7975,"comment_status":"closed","ping_status":"open","template":"","meta":[],"product_brand":[],"product_cat":[54],"product_tag":[],"class_list":{"0":"post-7974","1":"product","2":"type-product","3":"status-publish","4":"has-post-thumbnail","6":"product_cat-ksiazki-dvd-download-sansminds","8":"first","9":"instock","10":"purchasable","11":"product-type-simple"},"_links":{"self":[{"href":"https:\/\/magiiik.netstory.com.pl\/index.php?rest_route=\/wp\/v2\/product\/7974","targetHints":{"allow":["GET"]}}],"collection":[{"href":"https:\/\/magiiik.netstory.com.pl\/index.php?rest_route=\/wp\/v2\/product"}],"about":[{"href":"https:\/\/magiiik.netstory.com.pl\/index.php?rest_route=\/wp\/v2\/types\/product"}],"replies":[{"embeddable":true,"href":"https:\/\/magiiik.netstory.com.pl\/index.php?rest_route=%2Fwp%2Fv2%2Fcomments&post=7974"}],"wp:featuredmedia":[{"embeddable":true,"href":"https:\/\/magiiik.netstory.com.pl\/index.php?rest_route=\/wp\/v2\/media\/7975"}],"wp:attachment":[{"href":"https:\/\/magiiik.netstory.com.pl\/index.php?rest_route=%2Fwp%2Fv2%2Fmedia&parent=7974"}],"wp:term":[{"taxonomy":"product_brand","embeddable":true,"href":"https:\/\/magiiik.netstory.com.pl\/index.php?rest_route=%2Fwp%2Fv2%2Fproduct_brand&post=7974"},{"taxonomy":"product_cat","embeddable":true,"href":"https:\/\/magiiik.netstory.com.pl\/index.php?rest_route=%2Fwp%2Fv2%2Fproduct_cat&post=7974"},{"taxonomy":"product_tag","embeddable":true,"href":"https:\/\/magiiik.netstory.com.pl\/index.php?rest_route=%2Fwp%2Fv2%2Fproduct_tag&post=7974"}],"curies":[{"name":"wp","href":"https:\/\/api.w.org\/{rel}","templated":true}]}}