{"id":7957,"date":"2025-09-19T13:12:24","date_gmt":"2025-09-19T11:12:24","guid":{"rendered":"https:\/\/magiiik.netstory.com.pl\/produkt\/vampire-cupsballs\/"},"modified":"2025-09-19T13:12:39","modified_gmt":"2025-09-19T11:12:39","slug":"vampire-cupsballs","status":"publish","type":"product","link":"https:\/\/magiiik.netstory.com.pl\/?product=vampire-cupsballs","title":{"rendered":"Vampire Cups&#038;Balls"},"content":{"rendered":"<p style=\"text-align: center;\"><span style=\"font-size: large;\"><strong>Trzy ma\u0142e pi\u0142eczki umieszczone w trzech metalowych kubkach w magiczny spos\u00f3b przeskakuj\u0105 z kubka do kubka, ca\u0142kowicie znikaj\u0105 i pojawiaj\u0105 si\u0119 ponownie! To klasyczny trick, kt\u00f3ry do dzi\u015b wywo\u0142uje ogromne emocje!<\/strong><\/span><\/p>\n<p style=\"text-align: center;\"><span style=\"font-size: large;\"><strong>Te b\u0142yszcz\u0105ce chromowane kubki s\u0105 idealne dla ka\u017cdego pocz\u0105tkuj\u0105cego, jak i zaawansowanego iluzjonisty. \u00a0<\/strong><\/span><\/p>\n<p style=\"text-align: center;\"><span style=\"font-size: large;\"><strong>Wersja: Vampire Cups&amp;Balls<\/strong><\/span><\/p>\n<p><span><span><br \/><\/span><\/span><\/p>\n<p><strong><br \/><\/strong><\/p>\n<p><span style=\"font-size: medium;\"><strong>W zestawie:<\/strong><\/span><\/p>\n<p><span style=\"font-size: medium;\"><strong>&#8211; 4 bia\u0142e r\u0119cznie szyde\u0142kowane pi\u0142eczki;<\/strong><\/span><\/p>\n<p><span style=\"font-size: medium;\"><strong>&#8211; 4 czerwone r\u0119cznie szyde\u0142kowane pi\u0142eczki<\/strong><\/span><\/p>\n<p><span style=\"font-size: medium;\"><strong>&#8211; 3 aluminiowe czarne kubki;<\/strong><\/span><\/p>\n<p><span style=\"font-size: medium;\"><strong>&#8211; instrukcja, 2 rutyny.<\/strong><\/span><\/p>\n","protected":false},"excerpt":{"rendered":"<p><strong>Vampire Cups&amp;Balls<\/strong><\/p>\n","protected":false},"featured_media":7958,"comment_status":"closed","ping_status":"open","template":"","meta":[],"product_brand":[],"product_cat":[44],"product_tag":[],"class_list":{"0":"post-7957","1":"product","2":"type-product","3":"status-publish","4":"has-post-thumbnail","6":"product_cat-mikro-iluzja-close-up-cups-balls","8":"first","9":"instock","10":"purchasable","11":"product-type-simple"},"_links":{"self":[{"href":"https:\/\/magiiik.netstory.com.pl\/index.php?rest_route=\/wp\/v2\/product\/7957","targetHints":{"allow":["GET"]}}],"collection":[{"href":"https:\/\/magiiik.netstory.com.pl\/index.php?rest_route=\/wp\/v2\/product"}],"about":[{"href":"https:\/\/magiiik.netstory.com.pl\/index.php?rest_route=\/wp\/v2\/types\/product"}],"replies":[{"embeddable":true,"href":"https:\/\/magiiik.netstory.com.pl\/index.php?rest_route=%2Fwp%2Fv2%2Fcomments&post=7957"}],"wp:featuredmedia":[{"embeddable":true,"href":"https:\/\/magiiik.netstory.com.pl\/index.php?rest_route=\/wp\/v2\/media\/7958"}],"wp:attachment":[{"href":"https:\/\/magiiik.netstory.com.pl\/index.php?rest_route=%2Fwp%2Fv2%2Fmedia&parent=7957"}],"wp:term":[{"taxonomy":"product_brand","embeddable":true,"href":"https:\/\/magiiik.netstory.com.pl\/index.php?rest_route=%2Fwp%2Fv2%2Fproduct_brand&post=7957"},{"taxonomy":"product_cat","embeddable":true,"href":"https:\/\/magiiik.netstory.com.pl\/index.php?rest_route=%2Fwp%2Fv2%2Fproduct_cat&post=7957"},{"taxonomy":"product_tag","embeddable":true,"href":"https:\/\/magiiik.netstory.com.pl\/index.php?rest_route=%2Fwp%2Fv2%2Fproduct_tag&post=7957"}],"curies":[{"name":"wp","href":"https:\/\/api.w.org\/{rel}","templated":true}]}}