{"id":7947,"date":"2025-09-19T13:12:24","date_gmt":"2025-09-19T11:12:24","guid":{"rendered":"https:\/\/magiiik.netstory.com.pl\/produkt\/dlite-by-rocco-para-zielony\/"},"modified":"2025-09-19T13:12:36","modified_gmt":"2025-09-19T11:12:36","slug":"dlite-by-rocco-para-zielony","status":"publish","type":"product","link":"https:\/\/magiiik.netstory.com.pl\/?product=dlite-by-rocco-para-zielony","title":{"rendered":"D&#8217;Lite by Rocco (para) zielony"},"content":{"rendered":"<p style=\"text-align: center;\"><strong><span style=\"font-size: medium;\">Profesjonalny i oryginalny rekwizyt D&#8217;Lite by Rocco!<\/span><\/strong><\/p>\n<p style=\"text-align: center;\">\u00a0<\/p>\n<p style=\"text-align: center;\"><span style=\"font-size: medium;\">Iluzjonista prezentuje puste r\u0119ce, a nast\u0119pnie chwyta w powietrzu male\u0144kie kolorowe \u015bwiate\u0142ko! Przerzuca je z r\u0119ki do r\u0119ki na oczach widz\u00f3w! Wk\u0142ada \u015bwiate\u0142ko do ust i wyci\u0105ga z ucha! Umieszcza z powrotem w uchu i wyci\u0105ga z ust!\u00a0<\/span><\/p>\n<p style=\"text-align: center;\"><span style=\"font-size: medium;\">\u015awiate\u0142ko zachowuje w tak czarodziejski, magiczny spos\u00f3b, na ile Twoje wyobra\u017ania pozwala!\u00a0<\/span><\/p>\n<p style=\"text-align: center;\"><span style=\"font-size: medium;\"><br \/><\/span><\/p>\n<p style=\"text-align: center;\"><strong><span style=\"font-size: medium;\">Dobrze wykonany\u00a0D&#8217;Lite\u00a0potrafi zaskoczy\u0107 dos\u0142ownie wszystkich, pocz\u0105wszy od dzieci, sko\u0144czywszy na osobach starszych i dojrza\u0142ych.\u00a0<\/span><\/strong><\/p>\n<p style=\"text-align: center;\">\u00a0<\/p>\n<p style=\"text-align: center;\">\u00a0<\/p>\n<p style=\"text-align: center;\"><span style=\"font-size: medium;\">Poni\u017cej prezentujemy film, na kt\u00f3rym mi\u0119dzy innymi mo\u017cna zobaczy\u0107 <strong>D&#8217;Lite<\/strong> w wykonaniu samego <strong>Rocco!<\/strong><\/span><\/p>\n<p style=\"text-align: center;\"><span style=\"font-size: medium;\"><strong><iframe loading=\"lazy\" src=\"http:\/\/www.youtube.com\/embed\/GQ_iKYY7eqY\" width=\"425\" height=\"350\" frameborder=\"0\"><\/iframe><\/strong><\/span><\/p>\n<p style=\"text-align: center;\"><strong><span style=\"font-size: medium;\"><br \/><\/span><\/strong><\/p>\n<p><strong>W zestawie otrzymujesz:<\/strong><\/p>\n<p><strong>&#8211; 2 x gimmick w kolorze zielonym;<\/strong><\/p>\n<p><strong>&#8211; instrukcja w j\u0119zyku angielskim.<\/strong><\/p>\n<p style=\"text-align: center;\"><span style=\"font-size: medium;\"><strong><br \/><\/strong><\/span><\/p>\n","protected":false},"excerpt":{"rendered":"<p><strong>D&#8217;Lite by Rocco (zielony)<\/strong><\/p>\n","protected":false},"featured_media":7948,"comment_status":"closed","ping_status":"open","template":"","meta":[],"product_brand":[],"product_cat":[17],"product_tag":[],"class_list":{"0":"post-7947","1":"product","2":"type-product","3":"status-publish","4":"has-post-thumbnail","6":"product_cat-iluzja-sceniczna","8":"first","9":"instock","10":"purchasable","11":"product-type-simple"},"_links":{"self":[{"href":"https:\/\/magiiik.netstory.com.pl\/index.php?rest_route=\/wp\/v2\/product\/7947","targetHints":{"allow":["GET"]}}],"collection":[{"href":"https:\/\/magiiik.netstory.com.pl\/index.php?rest_route=\/wp\/v2\/product"}],"about":[{"href":"https:\/\/magiiik.netstory.com.pl\/index.php?rest_route=\/wp\/v2\/types\/product"}],"replies":[{"embeddable":true,"href":"https:\/\/magiiik.netstory.com.pl\/index.php?rest_route=%2Fwp%2Fv2%2Fcomments&post=7947"}],"wp:featuredmedia":[{"embeddable":true,"href":"https:\/\/magiiik.netstory.com.pl\/index.php?rest_route=\/wp\/v2\/media\/7948"}],"wp:attachment":[{"href":"https:\/\/magiiik.netstory.com.pl\/index.php?rest_route=%2Fwp%2Fv2%2Fmedia&parent=7947"}],"wp:term":[{"taxonomy":"product_brand","embeddable":true,"href":"https:\/\/magiiik.netstory.com.pl\/index.php?rest_route=%2Fwp%2Fv2%2Fproduct_brand&post=7947"},{"taxonomy":"product_cat","embeddable":true,"href":"https:\/\/magiiik.netstory.com.pl\/index.php?rest_route=%2Fwp%2Fv2%2Fproduct_cat&post=7947"},{"taxonomy":"product_tag","embeddable":true,"href":"https:\/\/magiiik.netstory.com.pl\/index.php?rest_route=%2Fwp%2Fv2%2Fproduct_tag&post=7947"}],"curies":[{"name":"wp","href":"https:\/\/api.w.org\/{rel}","templated":true}]}}