{"id":7945,"date":"2025-09-19T13:12:24","date_gmt":"2025-09-19T11:12:24","guid":{"rendered":"https:\/\/magiiik.netstory.com.pl\/produkt\/chinskie-paleczki-drewniane\/"},"modified":"2025-09-19T13:12:35","modified_gmt":"2025-09-19T11:12:35","slug":"chinskie-paleczki-drewniane","status":"publish","type":"product","link":"https:\/\/magiiik.netstory.com.pl\/?product=chinskie-paleczki-drewniane","title":{"rendered":"Chi\u0144skie Pa\u0142eczki (drewniane)"},"content":{"rendered":"<p style=\"text-align: center;\"><span style=\"font-size: medium;\"><strong>Jest to kolejny genialny klasyczny efekt magiiiczny!<\/strong><\/span><\/p>\n<p style=\"text-align: center;\"><span style=\"font-size: medium;\"><strong>Wykonawca przedstawia dwa kije, na kt\u00f3rych ko\u0144cach umocowane s\u0105 czerwone fr\u0119dzle. Iluzjonista poci\u0105ga za jeden fr\u0119dzel, przy czym drugi zaczyna si\u0119 porusza\u0107, poci\u0105ga jeden w d\u00f3\u0142, to drugi idzie do g\u00f3ry i na odwr\u00f3t! Na ko\u0144cu ka\u017cdy kij trzyma w jednej r\u0119ce i&#8230; powtarza efekt, ku zdziwieniu widz\u00f3w, \u017ce nie ma \u017cadnego po\u0142\u0105czenia mi\u0119dzy kijami!<\/strong><\/span><\/p>\n<p style=\"text-align: center;\"><span style=\"font-size: medium;\"><strong>Ten klasyczny efekt zawsze wygl\u0105da wspaniale, niezale\u017cnie, czy prezentujesz go dzieciom, czy doros\u0142ym \ud83d\ude42<\/strong><\/span><\/p>\n<p style=\"text-align: center;\">\u00a0<\/p>\n<p style=\"text-align: center;\"><span style=\"font-size: medium;\"><strong>Polecamy,<\/strong><\/span><\/p>\n<p style=\"text-align: center;\"><span style=\"font-size: medium;\"><strong>magiiik.pl<\/strong><\/span><\/p>\n","protected":false},"excerpt":{"rendered":"<p><strong>Chinese Sticks<\/strong><\/p>\n","protected":false},"featured_media":7946,"comment_status":"closed","ping_status":"open","template":"","meta":[],"product_brand":[],"product_cat":[17],"product_tag":[],"class_list":{"0":"post-7945","1":"product","2":"type-product","3":"status-publish","4":"has-post-thumbnail","6":"product_cat-iluzja-sceniczna","8":"first","9":"instock","10":"purchasable","11":"product-type-simple"},"_links":{"self":[{"href":"https:\/\/magiiik.netstory.com.pl\/index.php?rest_route=\/wp\/v2\/product\/7945","targetHints":{"allow":["GET"]}}],"collection":[{"href":"https:\/\/magiiik.netstory.com.pl\/index.php?rest_route=\/wp\/v2\/product"}],"about":[{"href":"https:\/\/magiiik.netstory.com.pl\/index.php?rest_route=\/wp\/v2\/types\/product"}],"replies":[{"embeddable":true,"href":"https:\/\/magiiik.netstory.com.pl\/index.php?rest_route=%2Fwp%2Fv2%2Fcomments&post=7945"}],"wp:featuredmedia":[{"embeddable":true,"href":"https:\/\/magiiik.netstory.com.pl\/index.php?rest_route=\/wp\/v2\/media\/7946"}],"wp:attachment":[{"href":"https:\/\/magiiik.netstory.com.pl\/index.php?rest_route=%2Fwp%2Fv2%2Fmedia&parent=7945"}],"wp:term":[{"taxonomy":"product_brand","embeddable":true,"href":"https:\/\/magiiik.netstory.com.pl\/index.php?rest_route=%2Fwp%2Fv2%2Fproduct_brand&post=7945"},{"taxonomy":"product_cat","embeddable":true,"href":"https:\/\/magiiik.netstory.com.pl\/index.php?rest_route=%2Fwp%2Fv2%2Fproduct_cat&post=7945"},{"taxonomy":"product_tag","embeddable":true,"href":"https:\/\/magiiik.netstory.com.pl\/index.php?rest_route=%2Fwp%2Fv2%2Fproduct_tag&post=7945"}],"curies":[{"name":"wp","href":"https:\/\/api.w.org\/{rel}","templated":true}]}}