{"id":7941,"date":"2025-09-19T13:12:24","date_gmt":"2025-09-19T11:12:24","guid":{"rendered":"https:\/\/magiiik.netstory.com.pl\/produkt\/piszczalka-akordeon-1-voice\/"},"modified":"2025-09-19T13:12:35","modified_gmt":"2025-09-19T11:12:35","slug":"piszczalka-akordeon-1-voice","status":"publish","type":"product","link":"https:\/\/magiiik.netstory.com.pl\/?product=piszczalka-akordeon-1-voice","title":{"rendered":"Piszcza\u0142ka &#8222;Akordeon&#8221; &#8211; 1 voice"},"content":{"rendered":"<p style=\"text-align: center;\"><span style=\"font-size: large;\"><strong>Ta niewielkich rozmiar\u00f3w piszcza\u0142ka idealnie nadaje si\u0119 do komedii i iluzji dla dzieci \ud83d\ude42<\/strong><\/span><\/p>\n<p style=\"text-align: center;\"><span style=\"font-size: large;\"><strong>Piszcza\u0142ka wydaje dwa d\u017awi\u0119ki, d\u0142ugo\u015b\u0107 3,5 cm.<\/strong><\/span><\/p>\n","protected":false},"excerpt":{"rendered":"<p><strong>Piszcza\u0142ka &#8222;Akordeon&#8221;<\/strong><\/p>\n","protected":false},"featured_media":7942,"comment_status":"closed","ping_status":"open","template":"","meta":[],"product_brand":[],"product_cat":[52],"product_tag":[],"class_list":{"0":"post-7941","1":"product","2":"type-product","3":"status-publish","4":"has-post-thumbnail","6":"product_cat-akcesoria-gagi-zarty","8":"first","9":"instock","10":"purchasable","11":"product-type-simple"},"_links":{"self":[{"href":"https:\/\/magiiik.netstory.com.pl\/index.php?rest_route=\/wp\/v2\/product\/7941","targetHints":{"allow":["GET"]}}],"collection":[{"href":"https:\/\/magiiik.netstory.com.pl\/index.php?rest_route=\/wp\/v2\/product"}],"about":[{"href":"https:\/\/magiiik.netstory.com.pl\/index.php?rest_route=\/wp\/v2\/types\/product"}],"replies":[{"embeddable":true,"href":"https:\/\/magiiik.netstory.com.pl\/index.php?rest_route=%2Fwp%2Fv2%2Fcomments&post=7941"}],"wp:featuredmedia":[{"embeddable":true,"href":"https:\/\/magiiik.netstory.com.pl\/index.php?rest_route=\/wp\/v2\/media\/7942"}],"wp:attachment":[{"href":"https:\/\/magiiik.netstory.com.pl\/index.php?rest_route=%2Fwp%2Fv2%2Fmedia&parent=7941"}],"wp:term":[{"taxonomy":"product_brand","embeddable":true,"href":"https:\/\/magiiik.netstory.com.pl\/index.php?rest_route=%2Fwp%2Fv2%2Fproduct_brand&post=7941"},{"taxonomy":"product_cat","embeddable":true,"href":"https:\/\/magiiik.netstory.com.pl\/index.php?rest_route=%2Fwp%2Fv2%2Fproduct_cat&post=7941"},{"taxonomy":"product_tag","embeddable":true,"href":"https:\/\/magiiik.netstory.com.pl\/index.php?rest_route=%2Fwp%2Fv2%2Fproduct_tag&post=7941"}],"curies":[{"name":"wp","href":"https:\/\/api.w.org\/{rel}","templated":true}]}}