{"id":7933,"date":"2025-09-19T13:12:24","date_gmt":"2025-09-19T11:12:24","guid":{"rendered":"https:\/\/magiiik.netstory.com.pl\/produkt\/kurs-sponge-balls-vol-3-daryl\/"},"modified":"2025-09-19T13:12:33","modified_gmt":"2025-09-19T11:12:33","slug":"kurs-sponge-balls-vol-3-daryl","status":"publish","type":"product","link":"https:\/\/magiiik.netstory.com.pl\/?product=kurs-sponge-balls-vol-3-daryl","title":{"rendered":"Kurs Sponge Balls vol. 3 &#8211; Daryl"},"content":{"rendered":"<p style=\"text-align: center;\"><span style=\"font-size: medium;\">Magia\u00a0<strong>Sponge Balls<\/strong>\u00a0zawsze zachwyca publiczno\u015b\u0107, dlatego sta\u0142a si\u0119 ona istotnym elementem w pokazach magik\u00f3w na ca\u0142ym \u015bwiecie.<\/span><\/p>\n<p style=\"text-align: center;\"><span style=\"font-size: medium;\">Znany wszystkim\u00a0<strong>Mistrz Daryl<\/strong>\u00a0przedstawi Ci ca\u0142\u0105 swoj\u0105 widz\u0119 i do\u015bwiadczenie w 4 cz\u0119\u015bciowym kursie\u00a0<strong>&#8222;Sponge Balls&#8221;<\/strong>.\u00a0<\/span><\/p>\n<p style=\"text-align: center;\"><span style=\"font-size: medium;\"><br \/><\/span><\/p>\n<p style=\"text-align: center;\"><span style=\"font-size: medium;\">Jest to kompletny i kompleksowy tutorial o sponge balls. Z pomoc\u0105 instrukcji Daryla, krok po kroku nauczysz si\u0119 wszystkich podstawowych sztuczek, jak i zaawansowanych procedur. Zdob\u0119dziesz umiej\u0119tno\u015bci, techniki pos\u0142ugiwania si\u0119 w bardzo magiczny spos\u00f3b tymi niezwyk\u0142ymi pi\u0142eczkami z g\u0105bki.\u00a0<\/span><\/p>\n<p style=\"text-align: center;\"><span style=\"font-size: medium;\"><br \/><\/span><\/p>\n<p style=\"text-align: center;\"><span style=\"font-size: medium;\"><iframe loading=\"lazy\" src=\"http:\/\/www.youtube.com\/embed\/qyHgN3wwzUY\" width=\"425\" height=\"350\" frameborder=\"0\"><\/iframe><br \/><\/span><\/p>\n<p style=\"text-align: left;\"><strong style=\"text-align: left;\"><span style=\"font-size: medium;\">VOLUME 3<\/span><\/strong><\/p>\n<ul>\n<li><span style=\"font-size: medium;\"><strong>Produkcje;<\/strong><\/span><\/li>\n<li><span style=\"font-size: medium;\"><strong>Bonus Informacja: Handling Spectators<\/strong><\/span><\/li>\n<li><span style=\"font-size: medium;\"><strong>Produkcje, pojawiania The Jack Chanin;<\/strong><\/span><\/li>\n<li><span style=\"font-size: medium;\"><strong>Znikanie;<\/strong><\/span><\/li>\n<li><span style=\"font-size: medium;\"><strong>Rutyny;<\/strong><\/span><\/li>\n<li><span style=\"font-size: medium;\"><strong>Papa Rabbit hits the Big Time;<\/strong><\/span><\/li>\n<li><span style=\"font-size: medium;\"><strong>Benson Bowl Routin;<\/strong><\/span><\/li>\n<li><span style=\"font-size: medium;\"><strong>Inne.<\/strong><\/span><\/li>\n<\/ul>\n<div>\u00a0<\/div>\n<div><span style=\"font-size: small;\"><strong><br \/><\/strong><\/span><\/div>\n<div><span style=\"font-size: small;\"><strong>Polecamy,<\/strong><\/span><\/div>\n<div><span style=\"font-size: small;\"><strong>magiiik.pl<\/strong><\/span><\/div>\n","protected":false},"excerpt":{"rendered":"<p><span style=\"font-family: Tahoma, Arial, sans-serif; font-size: 11px; font-weight: bold; text-align: justify;\">Master Course Sponge Balls by Daryl<\/span><\/p>\n","protected":false},"featured_media":7934,"comment_status":"closed","ping_status":"open","template":"","meta":[],"product_brand":[],"product_cat":[55],"product_tag":[],"class_list":{"0":"post-7933","1":"product","2":"type-product","3":"status-publish","4":"has-post-thumbnail","6":"product_cat-ksiazki-dvd-download-downloads","8":"first","9":"instock","10":"purchasable","11":"product-type-simple"},"_links":{"self":[{"href":"https:\/\/magiiik.netstory.com.pl\/index.php?rest_route=\/wp\/v2\/product\/7933","targetHints":{"allow":["GET"]}}],"collection":[{"href":"https:\/\/magiiik.netstory.com.pl\/index.php?rest_route=\/wp\/v2\/product"}],"about":[{"href":"https:\/\/magiiik.netstory.com.pl\/index.php?rest_route=\/wp\/v2\/types\/product"}],"replies":[{"embeddable":true,"href":"https:\/\/magiiik.netstory.com.pl\/index.php?rest_route=%2Fwp%2Fv2%2Fcomments&post=7933"}],"wp:featuredmedia":[{"embeddable":true,"href":"https:\/\/magiiik.netstory.com.pl\/index.php?rest_route=\/wp\/v2\/media\/7934"}],"wp:attachment":[{"href":"https:\/\/magiiik.netstory.com.pl\/index.php?rest_route=%2Fwp%2Fv2%2Fmedia&parent=7933"}],"wp:term":[{"taxonomy":"product_brand","embeddable":true,"href":"https:\/\/magiiik.netstory.com.pl\/index.php?rest_route=%2Fwp%2Fv2%2Fproduct_brand&post=7933"},{"taxonomy":"product_cat","embeddable":true,"href":"https:\/\/magiiik.netstory.com.pl\/index.php?rest_route=%2Fwp%2Fv2%2Fproduct_cat&post=7933"},{"taxonomy":"product_tag","embeddable":true,"href":"https:\/\/magiiik.netstory.com.pl\/index.php?rest_route=%2Fwp%2Fv2%2Fproduct_tag&post=7933"}],"curies":[{"name":"wp","href":"https:\/\/api.w.org\/{rel}","templated":true}]}}