{"id":7929,"date":"2025-09-19T13:12:24","date_gmt":"2025-09-19T11:12:24","guid":{"rendered":"https:\/\/magiiik.netstory.com.pl\/produkt\/kurs-sponge-balls-vol-1-daryl\/"},"modified":"2025-09-19T13:12:31","modified_gmt":"2025-09-19T11:12:31","slug":"kurs-sponge-balls-vol-1-daryl","status":"publish","type":"product","link":"https:\/\/magiiik.netstory.com.pl\/?product=kurs-sponge-balls-vol-1-daryl","title":{"rendered":"Kurs Sponge Balls vol. 1 &#8211; Daryl"},"content":{"rendered":"<p style=\"text-align: center;\"><span style=\"font-size: medium;\">Magia <strong>Sponge Balls<\/strong> zawsze zachwyca publiczno\u015b\u0107, dlatego sta\u0142a si\u0119 ona istotnym elementem w pokazach magik\u00f3w na ca\u0142ym \u015bwiecie.<\/span><\/p>\n<p style=\"text-align: center;\"><span style=\"font-size: medium;\">Znany wszystkim <strong>Mistrz Daryl<\/strong> przedstawi Ci ca\u0142\u0105 swoj\u0105 widz\u0119 i do\u015bwiadczenie w 4 cz\u0119\u015bciowym kursie <strong>&#8222;Sponge Balls&#8221;<\/strong>.\u00a0<\/span><\/p>\n<p style=\"text-align: center;\"><span style=\"font-size: medium;\"><br \/><\/span><\/p>\n<p style=\"text-align: center;\"><span style=\"font-size: medium;\">Jest to kompletny i kompleksowy tutorial o sponge balls. Z pomoc\u0105 instrukcji Daryla, krok po kroku nauczysz si\u0119 wszystkich podstawowych sztuczek, jak i zaawansowanych procedur. Zdob\u0119dziesz umiej\u0119tno\u015bci, techniki pos\u0142ugiwania si\u0119 w bardzo magiczny spos\u00f3b tymi niezwyk\u0142ymi pi\u0142eczkami z g\u0105bki.\u00a0<\/span><\/p>\n<p style=\"text-align: center;\"><span style=\"font-size: medium;\"><iframe loading=\"lazy\" src=\"http:\/\/www.youtube.com\/embed\/Io_KGHjNXD4\" width=\"425\" height=\"350\" frameborder=\"0\"><\/iframe><br \/><\/span><\/p>\n<p>\u00a0<\/p>\n<p><span style=\"font-size: medium;\"><strong>VOLUME 1<\/strong><\/span><\/p>\n<ul>\n<li><span style=\"font-size: medium;\"><strong>Podstawowe poj\u0119cia;<\/strong><\/span><\/li>\n<li><span style=\"font-size: medium;\"><strong>Rozmna\u017canie;<\/strong><\/span><\/li>\n<li><span style=\"font-size: medium;\"><strong>Znikania;<\/strong><\/span><\/li>\n<li><span style=\"font-size: medium;\"><strong>Przenikania;<\/strong><\/span><\/li>\n<li><span style=\"font-size: medium;\"><strong>Wariacje;<\/strong><\/span><\/li>\n<li><span style=\"font-size: medium;\"><strong>Rutyny;<\/strong><\/span><\/li>\n<li><span style=\"font-size: medium;\"><strong>inne.<\/strong><\/span><\/li>\n<\/ul>\n<p>\u00a0<\/p>\n<p><strong>Polecamy,<\/strong><\/p>\n<p><strong>magiiik.pl<\/strong><\/p>\n<p>\u00a0<\/p>\n","protected":false},"excerpt":{"rendered":"<p><strong>Master Course Sponge Balls by Daryl<\/strong><\/p>\n","protected":false},"featured_media":7930,"comment_status":"closed","ping_status":"open","template":"","meta":[],"product_brand":[],"product_cat":[55],"product_tag":[],"class_list":{"0":"post-7929","1":"product","2":"type-product","3":"status-publish","4":"has-post-thumbnail","6":"product_cat-ksiazki-dvd-download-downloads","8":"first","9":"instock","10":"purchasable","11":"product-type-simple"},"_links":{"self":[{"href":"https:\/\/magiiik.netstory.com.pl\/index.php?rest_route=\/wp\/v2\/product\/7929","targetHints":{"allow":["GET"]}}],"collection":[{"href":"https:\/\/magiiik.netstory.com.pl\/index.php?rest_route=\/wp\/v2\/product"}],"about":[{"href":"https:\/\/magiiik.netstory.com.pl\/index.php?rest_route=\/wp\/v2\/types\/product"}],"replies":[{"embeddable":true,"href":"https:\/\/magiiik.netstory.com.pl\/index.php?rest_route=%2Fwp%2Fv2%2Fcomments&post=7929"}],"wp:featuredmedia":[{"embeddable":true,"href":"https:\/\/magiiik.netstory.com.pl\/index.php?rest_route=\/wp\/v2\/media\/7930"}],"wp:attachment":[{"href":"https:\/\/magiiik.netstory.com.pl\/index.php?rest_route=%2Fwp%2Fv2%2Fmedia&parent=7929"}],"wp:term":[{"taxonomy":"product_brand","embeddable":true,"href":"https:\/\/magiiik.netstory.com.pl\/index.php?rest_route=%2Fwp%2Fv2%2Fproduct_brand&post=7929"},{"taxonomy":"product_cat","embeddable":true,"href":"https:\/\/magiiik.netstory.com.pl\/index.php?rest_route=%2Fwp%2Fv2%2Fproduct_cat&post=7929"},{"taxonomy":"product_tag","embeddable":true,"href":"https:\/\/magiiik.netstory.com.pl\/index.php?rest_route=%2Fwp%2Fv2%2Fproduct_tag&post=7929"}],"curies":[{"name":"wp","href":"https:\/\/api.w.org\/{rel}","templated":true}]}}