{"id":7927,"date":"2025-09-19T13:12:24","date_gmt":"2025-09-19T11:12:24","guid":{"rendered":"https:\/\/magiiik.netstory.com.pl\/produkt\/aurora-download\/"},"modified":"2025-09-19T13:12:31","modified_gmt":"2025-09-19T11:12:31","slug":"aurora-download","status":"publish","type":"product","link":"https:\/\/magiiik.netstory.com.pl\/?product=aurora-download","title":{"rendered":"AURORA download"},"content":{"rendered":"<p style=\"text-align: center;\"><span style=\"font-size: medium;\"><strong>Scott Thomson<\/strong> to jedno z najbardziej szanowanych nazwisk w \u015bwiecie <strong>Cardistry!<\/strong> Przez ostatnie kilka lat produkuje filmy na swoim kanale Youtube.\u00a0<\/span><\/p>\n<p style=\"text-align: center;\"><span style=\"font-size: medium;\">Je\u015bli interesuje Ci\u0119 <strong>Cardistry<\/strong> i chcesz nauczy\u0107 si\u0119 podstawowych i bardziej zaawansowanych technik, ten film jest w\u0142a\u015bnie dla Ciebie!<\/span><\/p>\n<p>\u00a0<\/p>\n<p><strong><span style=\"font-size: medium;\">Dzi\u0119ki AURORA nauczysz si\u0119:<\/span><\/strong><\/p>\n<p><span style=\"font-size: medium;\">Rumba\u00a0<\/span><\/p>\n<p><span style=\"font-size: medium;\">Golden gate\u00a0<\/span><\/p>\n<p><span style=\"font-size: medium;\">Monaco II\u00a0<\/span><\/p>\n<p><span style=\"font-size: medium;\">Dizzy\u00a0<\/span><\/p>\n<p><span style=\"font-size: medium;\">Samba\u00a0<\/span><\/p>\n<p><span style=\"font-size: medium;\">Spitfire\u00a0<\/span><\/p>\n<p><span style=\"font-size: medium;\">Double Barrel\u00a0<\/span><\/p>\n<p><span style=\"font-size: medium;\">Merengue<\/span><\/p>\n<p><span><br \/><\/span><\/p>\n<p><span><iframe loading=\"lazy\" src=\"http:\/\/www.youtube.com\/embed\/oibiJwtPkGg\" width=\"425\" height=\"350\" style=\"display: block; margin-left: auto; margin-right: auto;\" frameborder=\"0\"><\/iframe><br \/><\/span><\/p>\n","protected":false},"excerpt":{"rendered":"<p><strong>Aurora by Scott Thompson<\/strong><\/p>\n","protected":false},"featured_media":7928,"comment_status":"closed","ping_status":"open","template":"","meta":[],"product_brand":[],"product_cat":[55],"product_tag":[],"class_list":{"0":"post-7927","1":"product","2":"type-product","3":"status-publish","4":"has-post-thumbnail","6":"product_cat-ksiazki-dvd-download-downloads","8":"first","9":"instock","10":"purchasable","11":"product-type-simple"},"_links":{"self":[{"href":"https:\/\/magiiik.netstory.com.pl\/index.php?rest_route=\/wp\/v2\/product\/7927","targetHints":{"allow":["GET"]}}],"collection":[{"href":"https:\/\/magiiik.netstory.com.pl\/index.php?rest_route=\/wp\/v2\/product"}],"about":[{"href":"https:\/\/magiiik.netstory.com.pl\/index.php?rest_route=\/wp\/v2\/types\/product"}],"replies":[{"embeddable":true,"href":"https:\/\/magiiik.netstory.com.pl\/index.php?rest_route=%2Fwp%2Fv2%2Fcomments&post=7927"}],"wp:featuredmedia":[{"embeddable":true,"href":"https:\/\/magiiik.netstory.com.pl\/index.php?rest_route=\/wp\/v2\/media\/7928"}],"wp:attachment":[{"href":"https:\/\/magiiik.netstory.com.pl\/index.php?rest_route=%2Fwp%2Fv2%2Fmedia&parent=7927"}],"wp:term":[{"taxonomy":"product_brand","embeddable":true,"href":"https:\/\/magiiik.netstory.com.pl\/index.php?rest_route=%2Fwp%2Fv2%2Fproduct_brand&post=7927"},{"taxonomy":"product_cat","embeddable":true,"href":"https:\/\/magiiik.netstory.com.pl\/index.php?rest_route=%2Fwp%2Fv2%2Fproduct_cat&post=7927"},{"taxonomy":"product_tag","embeddable":true,"href":"https:\/\/magiiik.netstory.com.pl\/index.php?rest_route=%2Fwp%2Fv2%2Fproduct_tag&post=7927"}],"curies":[{"name":"wp","href":"https:\/\/api.w.org\/{rel}","templated":true}]}}