{"id":7925,"date":"2025-09-19T13:12:24","date_gmt":"2025-09-19T11:12:24","guid":{"rendered":"https:\/\/magiiik.netstory.com.pl\/produkt\/blind-square-by-bizau-cristian\/"},"modified":"2025-09-19T13:12:30","modified_gmt":"2025-09-19T11:12:30","slug":"blind-square-by-bizau-cristian","status":"publish","type":"product","link":"https:\/\/magiiik.netstory.com.pl\/?product=blind-square-by-bizau-cristian","title":{"rendered":"Blind Square by Bizau Cristian"},"content":{"rendered":"<p style=\"text-align: center;\"><span style=\"font-size: medium;\"><strong>Bizau Cristian<\/strong>\u00a0to m\u0142ody magik z Rumunii, kt\u00f3ry opracowa\u0142 wiele spektakularnych trik\u00f3w z kartami.\u00a0<\/span><\/p>\n<p style=\"text-align: center;\"><span style=\"font-size: medium;\">\u015awie\u017cy trick prosto z umys\u0142u <strong>Bizau Cristian&#8217;a!<\/strong> <\/span><\/p>\n<p style=\"text-align: center;\"><span style=\"font-size: medium;\"><strong>Blind Square<\/strong> to b\u0142yskotliwy i zaskakuj\u0105cy trick, kt\u00f3ry mo\u017ce by\u0107 stosowany do kontroli dowolnej karty.\u00a0<\/span><\/p>\n<p style=\"text-align: center;\"><span style=\"font-size: medium;\">Wybrana karta widza umieszczana jest w \u015brodku talii, by w jednej chwili, bez widocznych ruch\u00f3w, pow\u0119drowa\u0142a do g\u00f3ry, b\u0105d\u017a na d\u00f3\u0142!\u00a0<\/span><\/p>\n<p style=\"text-align: center;\"><span style=\"font-size: medium;\"><br \/><\/span><\/p>\n<p style=\"text-align: center;\"><span style=\"font-size: medium;\"><strong>Pobierz JU\u017b TERAZ Blind Square<\/strong> i naucz si\u0119 tych dwu niesamowitych efekt\u00f3w z 25 minutowego wyk\u0142adu! <\/span><\/p>\n<p style=\"text-align: center;\"><span style=\"font-size: medium;\">Trick mo\u017cesz wykona\u0107 z dowoln\u0105 po\u017cyczon\u0105 tali\u0105 kart!\u00a0<\/span><\/p>\n<p style=\"text-align: center;\"><span style=\"font-size: medium;\"><br \/><\/span><\/p>\n<p style=\"text-align: center;\"><span style=\"font-size: medium;\">Zobacz poni\u017cszy film, a b\u0119dziesz wiedzia\u0142, DLACZEGO warto kupi\u0107 ten produkt i wprowadzi\u0107 ten rodzaj sztuczki do swojego repertuaru \ud83d\ude42<\/span><\/p>\n<p style=\"text-align: center;\"><span style=\"font-size: medium;\"><br \/><\/span><\/p>\n<p style=\"text-align: center;\"><span style=\"font-size: medium;\"><iframe loading=\"lazy\" src=\"http:\/\/www.youtube.com\/embed\/Od46p25C6zc\" width=\"425\" height=\"350\"><\/iframe><br \/><\/span><\/p>\n<p>\u00a0<\/p>\n","protected":false},"excerpt":{"rendered":"<p><strong>Blind Square<\/strong><\/p>\n","protected":false},"featured_media":7926,"comment_status":"closed","ping_status":"open","template":"","meta":[],"product_brand":[],"product_cat":[55],"product_tag":[],"class_list":{"0":"post-7925","1":"product","2":"type-product","3":"status-publish","4":"has-post-thumbnail","6":"product_cat-ksiazki-dvd-download-downloads","8":"first","9":"instock","10":"purchasable","11":"product-type-simple"},"_links":{"self":[{"href":"https:\/\/magiiik.netstory.com.pl\/index.php?rest_route=\/wp\/v2\/product\/7925","targetHints":{"allow":["GET"]}}],"collection":[{"href":"https:\/\/magiiik.netstory.com.pl\/index.php?rest_route=\/wp\/v2\/product"}],"about":[{"href":"https:\/\/magiiik.netstory.com.pl\/index.php?rest_route=\/wp\/v2\/types\/product"}],"replies":[{"embeddable":true,"href":"https:\/\/magiiik.netstory.com.pl\/index.php?rest_route=%2Fwp%2Fv2%2Fcomments&post=7925"}],"wp:featuredmedia":[{"embeddable":true,"href":"https:\/\/magiiik.netstory.com.pl\/index.php?rest_route=\/wp\/v2\/media\/7926"}],"wp:attachment":[{"href":"https:\/\/magiiik.netstory.com.pl\/index.php?rest_route=%2Fwp%2Fv2%2Fmedia&parent=7925"}],"wp:term":[{"taxonomy":"product_brand","embeddable":true,"href":"https:\/\/magiiik.netstory.com.pl\/index.php?rest_route=%2Fwp%2Fv2%2Fproduct_brand&post=7925"},{"taxonomy":"product_cat","embeddable":true,"href":"https:\/\/magiiik.netstory.com.pl\/index.php?rest_route=%2Fwp%2Fv2%2Fproduct_cat&post=7925"},{"taxonomy":"product_tag","embeddable":true,"href":"https:\/\/magiiik.netstory.com.pl\/index.php?rest_route=%2Fwp%2Fv2%2Fproduct_tag&post=7925"}],"curies":[{"name":"wp","href":"https:\/\/api.w.org\/{rel}","templated":true}]}}