{"id":7916,"date":"2025-09-19T13:12:24","date_gmt":"2025-09-19T11:12:24","guid":{"rendered":"https:\/\/magiiik.netstory.com.pl\/produkt\/at-the-table-live-lecture-sezon-2\/"},"modified":"2025-09-19T13:12:27","modified_gmt":"2025-09-19T11:12:27","slug":"at-the-table-live-lecture-sezon-2","status":"publish","type":"product","link":"https:\/\/magiiik.netstory.com.pl\/?product=at-the-table-live-lecture-sezon-2","title":{"rendered":"At The Table Live Lecture &#8211; SEZON 2"},"content":{"rendered":"<p style=\"text-align: center;\"><span style=\"font-size: large;\"><strong>At The Table SEZON 2!<\/strong> Teraz w NOWYM WYDANIU &#8211; szkolenia b\u0119d\u0105 si\u0119 odbywa\u0142y <strong>CO TYDZIE\u0143!!!<\/strong><\/span><\/p>\n<p style=\"text-align: center;\">\u00a0<\/p>\n<p style=\"text-align: center;\"><strong><span style=\"font-size: large;\">5 ekskluzywnych i niesamowitych wyk\u0142ad\u00f3w ju\u017c w lipcu!<\/span><\/strong><\/p>\n<p style=\"text-align: center;\"><strong><span style=\"font-size: large;\"><br \/><\/span><\/strong><\/p>\n<p style=\"text-align: center;\"><span style=\"font-size: large;\"><strong>TERAZ<\/strong> mo\u017cesz wykupi\u0107 <strong>bilet za jedyne 150 z\u0142.<\/strong> i uczestniczy\u0107 we wszystkich 5 wyk\u0142adach oraz zosta\u0107 <strong>VIP<\/strong>&#8217;em!\u00a0<\/span><\/p>\n<p style=\"text-align: center;\"><span style=\"font-size: large;\"><br \/><\/span><\/p>\n<p style=\"text-align: center;\"><span style=\"font-size: large;\">Co to oznacza &#8222;zosta\u0107 VIP&#8217;em&#8221;?<\/span><\/p>\n<p style=\"text-align: center;\"><span style=\"font-size: large;\">Oznacza to, \u017ce wszystkie 5 wyk\u0142ad\u00f3w dostaniesz za cen\u0119 2!\u00a0<\/span><\/p>\n<p>\u00a0<\/p>\n<p>\u00a0<\/p>\n<p><strong><span style=\"font-size: medium;\">Kogo zobaczymy w SEZONIE DRUGIM?<\/span><\/strong><\/p>\n<p><span style=\"font-size: medium;\"><strong>*MARCUS EDDIE<\/strong> &#8211; m\u0142ody, utalentowany mag, kt\u00f3ry posiada umiej\u0119tno\u015bci zrobienia magii ze wszystkiego, czego si\u0119 dotknie! Marcus opublikowa\u0142 z wielkim sukcesem kilka autorskich produkt\u00f3w dla magicznej spo\u0142eczno\u015bci. W swoim wyk\u0142adzie Marcus nauczy Ci\u0119 kilku swoich efekt\u00f3w, dzi\u0119ki kt\u00f3rym odni\u00f3s\u0142 sukces, jak r\u00f3wnie\u017c przedstawi materia\u0142, kt\u00f3rego wcze\u015bniej nie publikowa\u0142!<\/span><\/p>\n<p><span style=\"font-size: medium;\"><strong>*PATRICK KUN<\/strong> &#8211; wyj\u0105tkowy wykonawca magicznych efekt\u00f3w. Pobiera\u0142 nauki od najwi\u0119kszych mag\u00f3w tego \u015bwiata, samego <strong>DAVID&#8217;a COPPERFIELD&#8217;a i CYRIL&#8217;a<\/strong>! W swoim wyk\u0142adzie, Patrick nauczy Ci\u0119 kilku klasycznych trick\u00f3w, dzi\u0119ki kt\u00f3rym zdoby\u0142 s\u0142aw\u0119 i kilku autorskich efekt\u00f3w.\u00a0<\/span><\/p>\n<p><span style=\"font-size: medium;\"><strong>*RICK MERRELL<\/strong> &#8211; zwyci\u0119zca <strong>FISM\u00a0World Champion<\/strong> w Close-up! Podzieli si\u0119 z Tob\u0105 swoj\u0105 wiedz\u0105 i do\u015bwiadczeniem, kt\u00f3re uczyni\u0142o z Niego niezwyk\u0142ego magika i mistrza w swoim fachu! Rick przedstawi efekty z mikro magii, ale r\u00f3wnie\u017c comedy magic. Ka\u017cdy znajdzie tutaj co\u015b dla siebie!<\/span><\/p>\n<p><span style=\"font-size: medium;\"><strong>*JOHN GUASTAFERRO<\/strong> &#8211; John jest niezwykle utalentowanym, tw\u00f3rczym magikiem. Pocz\u0105wszy od Jego DVD <strong>&#8222;Brainstorm&#8221;<\/strong>, poprzez ksi\u0105\u017ck\u0119 <strong>&#8222;One Degree&#8221;<\/strong> mo\u017cemy zobaczy\u0107, \u017ce jest niesamowity w tym, co robi. &#8222;At The Table&#8221; zaprezentuje niekt\u00f3re ze swoich dobrze znanych trick\u00f3w, kt\u00f3re s\u0105 publikowane na ca\u0142ym \u015bwiecie, jak i zupe\u0142nie nowe, niepublikowane jeszcze efekty magiczne.\u00a0<\/span><\/p>\n<p><span style=\"font-size: medium;\"><strong>*CHRIS HANNIBAL<\/strong> &#8211; Chris to do\u015bwiadczony i dobrze znany iluzjonista w bran\u017cy magicznej na ca\u0142ym \u015bwiecie. Jego perfekcjonizm i oszcz\u0119dny styl sprawi\u0142 \u017ce wyst\u0119puje na scenach ca\u0142ego \u015bwiata. Znajdziemy Go r\u00f3wnie\u017c w <strong>Magic Castle w LA<\/strong>. W swoim wyk\u0142adzie podzieli si\u0119 swoim ogromnym do\u015bwiadczeniem, przedstawi ulubione rutyny, efekty, pomys\u0142y oraz teori\u0119.\u00a0<\/span><\/p>\n<p><span><br \/><\/span><\/p>\n<p style=\"text-align: center;\"><span style=\"font-size: large;\">A teraz wyobra\u017a sobie, \u017ce mo\u017cesz uczestniczy\u0107 w tych magicznych wyk\u0142adach za jedyne <strong>30 z\u0142. za sztuk\u0119!<\/strong> To nie iluzja, to rzeczywisto\u015b\u0107!\u00a0<\/span><\/p>\n<p style=\"text-align: center;\"><span style=\"font-size: large;\"><strong>Zosta\u0144 VIP&#8217;em ju\u017c DZISIAJ<\/strong>, a otrzymasz &#8222;miejsce w pierwszym rz\u0119dzie&#8221; na wszystkie 5 wyk\u0142ad\u00f3w <strong>za jedyne 150 z\u0142.!<\/strong><\/span><\/p>\n<p style=\"text-align: center;\"><span style=\"font-size: large;\"><br \/><\/span><\/p>\n<p style=\"text-align: center;\"><strong><span style=\"font-size: large;\">POLECAMY,<\/span><\/strong><\/p>\n<p style=\"text-align: center;\"><strong><span style=\"font-size: large;\">magiiik.pl<\/span><\/strong><\/p>\n","protected":false},"excerpt":{"rendered":"<p><strong>At The Table &#8211; SEZON 2!<\/strong><\/p>\n","protected":false},"featured_media":7917,"comment_status":"closed","ping_status":"open","template":"","meta":[],"product_brand":[],"product_cat":[50],"product_tag":[],"class_list":{"0":"post-7916","1":"product","2":"type-product","3":"status-publish","4":"has-post-thumbnail","6":"product_cat-ksiazki-dvd-download-downloads-at-the-table","8":"first","9":"instock","10":"purchasable","11":"product-type-simple"},"_links":{"self":[{"href":"https:\/\/magiiik.netstory.com.pl\/index.php?rest_route=\/wp\/v2\/product\/7916","targetHints":{"allow":["GET"]}}],"collection":[{"href":"https:\/\/magiiik.netstory.com.pl\/index.php?rest_route=\/wp\/v2\/product"}],"about":[{"href":"https:\/\/magiiik.netstory.com.pl\/index.php?rest_route=\/wp\/v2\/types\/product"}],"replies":[{"embeddable":true,"href":"https:\/\/magiiik.netstory.com.pl\/index.php?rest_route=%2Fwp%2Fv2%2Fcomments&post=7916"}],"wp:featuredmedia":[{"embeddable":true,"href":"https:\/\/magiiik.netstory.com.pl\/index.php?rest_route=\/wp\/v2\/media\/7917"}],"wp:attachment":[{"href":"https:\/\/magiiik.netstory.com.pl\/index.php?rest_route=%2Fwp%2Fv2%2Fmedia&parent=7916"}],"wp:term":[{"taxonomy":"product_brand","embeddable":true,"href":"https:\/\/magiiik.netstory.com.pl\/index.php?rest_route=%2Fwp%2Fv2%2Fproduct_brand&post=7916"},{"taxonomy":"product_cat","embeddable":true,"href":"https:\/\/magiiik.netstory.com.pl\/index.php?rest_route=%2Fwp%2Fv2%2Fproduct_cat&post=7916"},{"taxonomy":"product_tag","embeddable":true,"href":"https:\/\/magiiik.netstory.com.pl\/index.php?rest_route=%2Fwp%2Fv2%2Fproduct_tag&post=7916"}],"curies":[{"name":"wp","href":"https:\/\/api.w.org\/{rel}","templated":true}]}}