{"id":7914,"date":"2025-09-19T13:12:24","date_gmt":"2025-09-19T11:12:24","guid":{"rendered":"https:\/\/magiiik.netstory.com.pl\/produkt\/bound-sansminds\/"},"modified":"2025-09-19T13:12:26","modified_gmt":"2025-09-19T11:12:26","slug":"bound-sansminds","status":"publish","type":"product","link":"https:\/\/magiiik.netstory.com.pl\/?product=bound-sansminds","title":{"rendered":"BOUND &#8211; SansMinds"},"content":{"rendered":"<p style=\"text-align: center;\"><strong><span style=\"font-size: large;\">Pierwszy na \u015bwiecie efekt \u0142\u0105czenia gumek recepturek w pe\u0142ni wykonany przez widza!<\/span><\/strong><\/p>\n<p style=\"text-align: center;\"><span style=\"font-size: large;\">To proste, bezpo\u015brednie i nowoczesne podej\u015bcie do klasycznej magii z gumkami recepturkami!<\/span><\/p>\n<p style=\"text-align: center;\"><span style=\"font-size: large;\">Gumki wykonane s\u0105 za pomoc\u0105 najnowszej technologii a\u017c do najmniejszego szczeg\u00f3\u0142u!<\/span><\/p>\n<p style=\"text-align: center;\">\u00a0<\/p>\n<p style=\"text-align: center;\"><strong><span style=\"font-size: large;\">W zestawie:<\/span><\/strong><\/p>\n<p style=\"text-align: center;\"><strong><span style=\"font-size: large;\">&#8211; DVD z dok\u0142adnym wyja\u015bnieniem;<\/span><\/strong><\/p>\n<p style=\"text-align: center;\"><strong><span style=\"font-size: large;\">&#8211; Gimmick x 50 sztuk.<\/span><\/strong><\/p>\n<p style=\"text-align: center;\"><strong><span style=\"font-size: large;\"><iframe loading=\"lazy\" src=\"http:\/\/www.youtube.com\/embed\/sUYKex6rJqo\" width=\"425\" height=\"350\" frameborder=\"0\"><\/iframe><br \/><\/span><\/strong><\/p>\n<p style=\"text-align: center;\">\u00a0<\/p>\n<p style=\"text-align: center;\"><strong><span style=\"font-size: large;\">POLECAMY,<\/span><\/strong><\/p>\n<p style=\"text-align: center;\"><strong><span style=\"font-size: large;\">magiiik.pl<\/span><\/strong><\/p>\n","protected":false},"excerpt":{"rendered":"<p><strong>BOUND by SansMinds<\/strong><\/p>\n","protected":false},"featured_media":7915,"comment_status":"closed","ping_status":"open","template":"","meta":[],"product_brand":[],"product_cat":[54],"product_tag":[],"class_list":{"0":"post-7914","1":"product","2":"type-product","3":"status-publish","4":"has-post-thumbnail","6":"product_cat-ksiazki-dvd-download-sansminds","8":"first","9":"instock","10":"purchasable","11":"product-type-simple"},"_links":{"self":[{"href":"https:\/\/magiiik.netstory.com.pl\/index.php?rest_route=\/wp\/v2\/product\/7914","targetHints":{"allow":["GET"]}}],"collection":[{"href":"https:\/\/magiiik.netstory.com.pl\/index.php?rest_route=\/wp\/v2\/product"}],"about":[{"href":"https:\/\/magiiik.netstory.com.pl\/index.php?rest_route=\/wp\/v2\/types\/product"}],"replies":[{"embeddable":true,"href":"https:\/\/magiiik.netstory.com.pl\/index.php?rest_route=%2Fwp%2Fv2%2Fcomments&post=7914"}],"wp:featuredmedia":[{"embeddable":true,"href":"https:\/\/magiiik.netstory.com.pl\/index.php?rest_route=\/wp\/v2\/media\/7915"}],"wp:attachment":[{"href":"https:\/\/magiiik.netstory.com.pl\/index.php?rest_route=%2Fwp%2Fv2%2Fmedia&parent=7914"}],"wp:term":[{"taxonomy":"product_brand","embeddable":true,"href":"https:\/\/magiiik.netstory.com.pl\/index.php?rest_route=%2Fwp%2Fv2%2Fproduct_brand&post=7914"},{"taxonomy":"product_cat","embeddable":true,"href":"https:\/\/magiiik.netstory.com.pl\/index.php?rest_route=%2Fwp%2Fv2%2Fproduct_cat&post=7914"},{"taxonomy":"product_tag","embeddable":true,"href":"https:\/\/magiiik.netstory.com.pl\/index.php?rest_route=%2Fwp%2Fv2%2Fproduct_tag&post=7914"}],"curies":[{"name":"wp","href":"https:\/\/api.w.org\/{rel}","templated":true}]}}