{"id":7909,"date":"2025-09-19T13:12:24","date_gmt":"2025-09-19T11:12:24","guid":{"rendered":"https:\/\/magiiik.netstory.com.pl\/produkt\/trace\/"},"modified":"2025-09-19T13:12:24","modified_gmt":"2025-09-19T11:12:24","slug":"trace","status":"publish","type":"product","link":"https:\/\/magiiik.netstory.com.pl\/?product=trace","title":{"rendered":"TRACE"},"content":{"rendered":"<p style=\"text-align: center;\"><span style=\"font-size: large;\"><strong>TRACE<\/strong> to pot\u0119\u017cne narz\u0119dzie, kt\u00f3re tworzy 2 r\u00f3\u017cne wra\u017cenia! Nowoczesne i niesamowite odkrycie, kt\u00f3re gwarantuje wra\u017cenia widz\u00f3w!<\/span><\/p>\n<p style=\"text-align: center;\"><span style=\"font-size: large;\"><br \/><\/span><\/p>\n<p style=\"text-align: center;\"><strong><span style=\"font-size: large;\">1. Zmie\u015bci si\u0119 w portfelu;<\/span><\/strong><\/p>\n<p style=\"text-align: center;\"><strong><span style=\"font-size: large;\">2. Tworzy dwa r\u00f3\u017cne wra\u017cenia;<\/span><\/strong><\/p>\n<p style=\"text-align: center;\"><strong><span style=\"font-size: large;\">3. Jest wykonany z materia\u0142u, kt\u00f3ry b\u0119dzie towarzyszy\u0142 Ci si\u0119 ko\u0144ca Twoich dni.<\/span><\/strong><\/p>\n<p style=\"text-align: center;\">\u00a0<\/p>\n<p style=\"text-align: center;\"><span style=\"font-size: large;\">Je\u015bli szukasz prostego, ale pot\u0119\u017cnego efektu magicznego, to <strong>TRACE<\/strong> jest w\u0142a\u015bnie dla Ciebie!<\/span><\/p>\n<p style=\"text-align: center;\">\u00a0<\/p>\n<p style=\"text-align: center;\"><span style=\"font-size: large;\">Z umys\u0142u Will Tsai<\/span><\/p>\n<p style=\"text-align: center;\"><span style=\"font-size: large;\"><iframe loading=\"lazy\" src=\"http:\/\/www.youtube.com\/embed\/p2u_07y4Pa8\" width=\"425\" height=\"350\" frameborder=\"0\"><\/iframe><br \/><\/span><\/p>\n<p style=\"text-align: center;\">\u00a0<\/p>\n<p style=\"text-align: center;\"><strong><span style=\"font-size: large;\">POLECAMY,<\/span><\/strong><\/p>\n<p style=\"text-align: center;\"><strong><span style=\"font-size: large;\">magiiik.pl<\/span><\/strong><\/p>\n<p>\u00a0<\/p>\n<p>Z umys\u0142u Will Tsai<\/p>\n","protected":false},"excerpt":{"rendered":"<p><strong>TRACE<\/strong><\/p>\n","protected":false},"featured_media":7910,"comment_status":"closed","ping_status":"open","template":"","meta":[],"product_brand":[],"product_cat":[54],"product_tag":[],"class_list":{"0":"post-7909","1":"product","2":"type-product","3":"status-publish","4":"has-post-thumbnail","6":"product_cat-ksiazki-dvd-download-sansminds","8":"first","9":"instock","10":"purchasable","11":"product-type-simple"},"_links":{"self":[{"href":"https:\/\/magiiik.netstory.com.pl\/index.php?rest_route=\/wp\/v2\/product\/7909","targetHints":{"allow":["GET"]}}],"collection":[{"href":"https:\/\/magiiik.netstory.com.pl\/index.php?rest_route=\/wp\/v2\/product"}],"about":[{"href":"https:\/\/magiiik.netstory.com.pl\/index.php?rest_route=\/wp\/v2\/types\/product"}],"replies":[{"embeddable":true,"href":"https:\/\/magiiik.netstory.com.pl\/index.php?rest_route=%2Fwp%2Fv2%2Fcomments&post=7909"}],"wp:featuredmedia":[{"embeddable":true,"href":"https:\/\/magiiik.netstory.com.pl\/index.php?rest_route=\/wp\/v2\/media\/7910"}],"wp:attachment":[{"href":"https:\/\/magiiik.netstory.com.pl\/index.php?rest_route=%2Fwp%2Fv2%2Fmedia&parent=7909"}],"wp:term":[{"taxonomy":"product_brand","embeddable":true,"href":"https:\/\/magiiik.netstory.com.pl\/index.php?rest_route=%2Fwp%2Fv2%2Fproduct_brand&post=7909"},{"taxonomy":"product_cat","embeddable":true,"href":"https:\/\/magiiik.netstory.com.pl\/index.php?rest_route=%2Fwp%2Fv2%2Fproduct_cat&post=7909"},{"taxonomy":"product_tag","embeddable":true,"href":"https:\/\/magiiik.netstory.com.pl\/index.php?rest_route=%2Fwp%2Fv2%2Fproduct_tag&post=7909"}],"curies":[{"name":"wp","href":"https:\/\/api.w.org\/{rel}","templated":true}]}}