{"id":7907,"date":"2025-09-19T13:11:59","date_gmt":"2025-09-19T11:11:59","guid":{"rendered":"https:\/\/magiiik.netstory.com.pl\/produkt\/vanishing-pen-by-sansminds-znikajacy-dlugopis\/"},"modified":"2025-09-19T13:12:19","modified_gmt":"2025-09-19T11:12:19","slug":"vanishing-pen-by-sansminds-znikajacy-dlugopis","status":"publish","type":"product","link":"https:\/\/magiiik.netstory.com.pl\/?product=vanishing-pen-by-sansminds-znikajacy-dlugopis","title":{"rendered":"Vanishing Pen by SansMinds (Znikaj\u0105cy D\u0142ugopis)"},"content":{"rendered":"<p style=\"text-align: center;\"><strong><span style=\"font-size: large;\">To jest proste i zachwycaj\u0105ce!<\/span><\/strong><\/p>\n<p style=\"text-align: center;\"><span style=\"font-size: large;\">Znika d\u0142ugopis trzymany przez widza!<\/span><\/p>\n<p style=\"text-align: center;\"><span style=\"font-size: large;\">Niesamowite jest to, \u017ce owijasz d\u0142ugopis serwetk\u0105, z obu stron wida\u0107 wystaj\u0105cy d\u0142ugopis, serwetk\u0119 dajesz do trzymania widzowi, klaskasz w d\u0142onie i&#8230; d\u0142ugopis rozp\u0142ywa si\u0119 w powietrzu!\u00a0<\/span><\/p>\n<p style=\"text-align: center;\"><span style=\"font-size: large;\">Zdumiewaj\u0105ce z\u0142udzenie z jednym z najprostszych przedmiot\u00f3w!<\/span><\/p>\n<p style=\"text-align: center;\"><span style=\"font-size: large;\"><iframe loading=\"lazy\" src=\"http:\/\/www.youtube.com\/embed\/CJ7mzG6t28g\" width=\"425\" height=\"350\" frameborder=\"0\"><\/iframe><br \/><\/span><\/p>\n<p style=\"text-align: center;\">\u00a0<\/p>\n<p>\u00a0<\/p>\n<p>\u00a0<\/p>\n","protected":false},"excerpt":{"rendered":"<p><strong>Vanishing Pen &#8211; Znikaj\u0105cy D\u0142ugopis<\/strong><\/p>\n","protected":false},"featured_media":7908,"comment_status":"closed","ping_status":"open","template":"","meta":[],"product_brand":[],"product_cat":[54],"product_tag":[],"class_list":{"0":"post-7907","1":"product","2":"type-product","3":"status-publish","4":"has-post-thumbnail","6":"product_cat-ksiazki-dvd-download-sansminds","8":"first","9":"instock","10":"purchasable","11":"product-type-simple"},"_links":{"self":[{"href":"https:\/\/magiiik.netstory.com.pl\/index.php?rest_route=\/wp\/v2\/product\/7907","targetHints":{"allow":["GET"]}}],"collection":[{"href":"https:\/\/magiiik.netstory.com.pl\/index.php?rest_route=\/wp\/v2\/product"}],"about":[{"href":"https:\/\/magiiik.netstory.com.pl\/index.php?rest_route=\/wp\/v2\/types\/product"}],"replies":[{"embeddable":true,"href":"https:\/\/magiiik.netstory.com.pl\/index.php?rest_route=%2Fwp%2Fv2%2Fcomments&post=7907"}],"wp:featuredmedia":[{"embeddable":true,"href":"https:\/\/magiiik.netstory.com.pl\/index.php?rest_route=\/wp\/v2\/media\/7908"}],"wp:attachment":[{"href":"https:\/\/magiiik.netstory.com.pl\/index.php?rest_route=%2Fwp%2Fv2%2Fmedia&parent=7907"}],"wp:term":[{"taxonomy":"product_brand","embeddable":true,"href":"https:\/\/magiiik.netstory.com.pl\/index.php?rest_route=%2Fwp%2Fv2%2Fproduct_brand&post=7907"},{"taxonomy":"product_cat","embeddable":true,"href":"https:\/\/magiiik.netstory.com.pl\/index.php?rest_route=%2Fwp%2Fv2%2Fproduct_cat&post=7907"},{"taxonomy":"product_tag","embeddable":true,"href":"https:\/\/magiiik.netstory.com.pl\/index.php?rest_route=%2Fwp%2Fv2%2Fproduct_tag&post=7907"}],"curies":[{"name":"wp","href":"https:\/\/api.w.org\/{rel}","templated":true}]}}